{"id":9088,"date":"2023-03-17T13:57:20","date_gmt":"2023-03-17T17:57:20","guid":{"rendered":"https:\/\/www.crmath.ca\/prizes-and-honours\/andre-aisenstadt-prize\/2020-andre-aisenstadt-prize-robert-haslhofer-and-egor-shelukin\/"},"modified":"2023-03-17T13:57:20","modified_gmt":"2023-03-17T17:57:20","slug":"2020-andre-aisenstadt-prize-robert-haslhofer-and-egor-shelukin","status":"publish","type":"page","link":"https:\/\/www.crmath.ca\/en\/prizes-and-honours\/andre-aisenstadt-prize\/2020-andre-aisenstadt-prize-robert-haslhofer-and-egor-shelukin\/","title":{"rendered":"2020 Andr\u00e9 Aisenstadt Prize Robert Haslhofer and Egor Shelukin"},"content":{"rendered":"<div class=\"fusion-fullwidth fullwidth-box fusion-builder-row-1 fusion-flex-container nonhundred-percent-fullwidth non-hundred-percent-height-scrolling\" style=\"--awb-border-radius-top-left:0px;--awb-border-radius-top-right:0px;--awb-border-radius-bottom-right:0px;--awb-border-radius-bottom-left:0px;--awb-padding-right:0px;--awb-padding-left:0px;--awb-flex-wrap:wrap;\" ><div class=\"fusion-builder-row fusion-row fusion-flex-align-items-flex-start fusion-flex-content-wrap\" style=\"max-width:1420.64px;margin-left: calc(-4% \/ 2 );margin-right: calc(-4% \/ 2 );\"><div class=\"fusion-layout-column fusion_builder_column fusion-builder-column-0 fusion_builder_column_2_3 2_3 fusion-flex-column\" style=\"--awb-bg-size:cover;--awb-width-large:66.666666666667%;--awb-margin-top-large:0px;--awb-spacing-right-large:2.88%;--awb-margin-bottom-large:0px;--awb-spacing-left-large:2.88%;--awb-width-medium:66.666666666667%;--awb-order-medium:0;--awb-spacing-right-medium:2.88%;--awb-spacing-left-medium:2.88%;--awb-width-small:100%;--awb-order-small:2;--awb-spacing-right-small:1.92%;--awb-spacing-left-small:1.92%;\"><div class=\"fusion-column-wrapper fusion-column-has-shadow fusion-flex-justify-content-flex-start fusion-content-layout-column\"><div class=\"fusion-text fusion-text-1\"><h1>Robert Haslhofer and Egor Shelukin are the winners of the 2020 Andr\u00e9 Aisenstadt Prize<\/h1>\n<p>This year, the Andr\u00e9-Aisenstadt Prize recognizes the talent of two young Canadian mathematicians: Robert Haslhofer (Universit\u00e9 de Toronto) and Egor Shelukin (Universit\u00e9 de Montr\u00e9al). The CRM International Scientific Advisory Committee met to select this year&#8217;s winner and was so impressed with their accomplishments that it recommended that both be awarded the prize. This is rarely done and is certainly an expression of high appreciation.<\/p>\n<h4><img decoding=\"async\" class=\"lazyload wp-image-9038 size-full alignleft\" src=\"data:image\/svg+xml,%3Csvg%20xmlns%3D%27http%3A%2F%2Fwww.w3.org%2F2000%2Fsvg%27%20width%3D%27193%27%20height%3D%27180%27%20viewBox%3D%270%200%20193%20180%27%3E%3Crect%20width%3D%27193%27%20height%3D%27180%27%20fill-opacity%3D%220%22%2F%3E%3C%2Fsvg%3E\" data-orig-src=\"https:\/\/www.crmath.ca\/wp-content\/uploads\/2023\/03\/roberthaslhofer.jpg\" alt=\"\" width=\"193\" height=\"180\" \/><span style=\"font-size: 16px;\">Robert Haslhofer (University of Toronto)<br \/>\n<\/span><\/h4>\n<h4>Mean curvature flow through neck-singularities<\/h4>\n<p><em>Abstract<\/em>: A family of surfaces moves by mean curvature flow if the velocity at each point is given by the mean curvature vector. Mean curvature flow first arose as a model of evolving interfaces and has been extensively studied over the last 40 years.<br \/>\nIn this talk, I will give an introduction and overview for a general mathematical audience. To gain some intuition we will first consider the one-dimensional case of evolving curves. We will then discuss Huisken&#8217;s classical result that the flow of convex surfaces always converges to a round point. On the other hand, if the initial surface is not convex we will see that the flow typically encounters singularities. Getting a hold of these singularities is crucial for most striking applications in geometry, topology and physics. Specifically, singularities can be either of neck-type or conical-type. We will discuss examples from the 90s, which show, both experimentally and theoretically, that flow through conical singularities is utterly non-unique.<br \/>\nIn the last part of the talk, I will report on recent work with Kyeongsu Choi, Or Hershkovits and Brian White, where we proved that mean curvature flow through neck-singularities is unique. The key for this is a classification result for ancient asymptotically cylindrical flows that describes all possible blowup limits near a neck-singularity. In particular, this confirms the mean-convex neighborhood conjecture. Assuming Ilmanen&#8217;s multiplicity-one conjecture, we conclude that for embedded two-spheres mean curvature flow through singularities is well-posed.<\/p>\n<p><em>Biography<\/em>: Robert Haslhofer is a mathematician currently working as an Assistant Professor in the Department of Mathematics at the University of Toronto. He obtained his PhD in 2012 at the Swiss Federal Institute of Technology in Zurich. Haslhofer then was a Courant Instructor at the Courant Institute of Mathematical Sciences. Since 2015, he has been working as an Assistant Professor at the University of Toronto. His research interests are centered around Geometric Analysis, Differential Geometry, Partial Differential Equations, Calculus of Variations, Stochastic Analysis, General Relativity. His research is currently supported by NSERC Discovery Grant and a Sloan Research Fellowship.<\/p>\n<h4><img decoding=\"async\" class=\"lazyload wp-image-9040 size-full alignleft\" src=\"data:image\/svg+xml,%3Csvg%20xmlns%3D%27http%3A%2F%2Fwww.w3.org%2F2000%2Fsvg%27%20width%3D%27149%27%20height%3D%27180%27%20viewBox%3D%270%200%20149%20180%27%3E%3Crect%20width%3D%27149%27%20height%3D%27180%27%20fill-opacity%3D%220%22%2F%3E%3C%2Fsvg%3E\" data-orig-src=\"https:\/\/www.crmath.ca\/wp-content\/uploads\/2023\/03\/egorshelukhin.jpg\" alt=\"\" width=\"149\" height=\"180\" \/>Egor Shelukin (Universit\u00e9 de Montr\u00e9al)<\/h4>\n<h4>Symmetry, barcodes, and Hamiltonian dynamics<\/h4>\n<p><em>Abstract<\/em>: In the early 60s Arnol&#8217;d has conjectured that Hamiltonian diffeomorphisms, the motions of classical mechanics, often possess more fixed points than required by classical topological considerations. In the late 80s and early 90s Floer has developed a powerful theory to approach this conjecture, considering fixed points as critical points of a certain functional. Recently, in joint work with L. Polterovich, we observed that Floer theory filtered by the values of this functional fits into the framework of persistence modules and their barcodes, originating in data sciences. I will review these developments and their applications, which arise from a natural time-symmetry of Hamiltonians. This includes new constraints on one-parameter subgroups of Hamiltonian diffeomorphisms, as well as my recent solution of the Hofer-Zehnder periodic points conjecture. The latter combines barcodes with equivariant cohomological operations in Floer theory recently introduced by Seidel to form a new method with further consequences.<\/p>\n<p><em>Biography<\/em>: Egor Shelukhin is a mathematician currently working as an Assistant Professor in the Department of Mathematics and Statistics at the Universit\u00e9 de Montr\u00e9al. He obtained his PhD in 2012 at <span class=\"details\">Tel Aviv University <\/span>under the supervision of <span class=\"details\">Leonid Polterovich<\/span>. Shelukhin then was a CRM-ISM Postdoctoral Research Fellow in Mathematics at the Centre de recherches math\u00e9matiques (CRM) from 2012 to 2014. He spent the Spring semester of 2014 in the <span class=\"details\">Hebrew University of Jerusalem<\/span> and the Summer of 2015 at <span class=\"details\">Universit\u00e9 Lyon 1 Claude Bernard<\/span>. Shelukhin was a Fellow at <span class=\"details\">Institut Mittag Leffler<\/span> in September 2015. From 2015 to 2017 he was a member at the School of Mathematics of the <span class=\"details\">Institute for Advances Study<\/span>, Princeton. His work is centered around Symplectic Topology, Contact Topology and Geometric Analysis.<\/p>\n<\/div><\/div><\/div><div class=\"fusion-layout-column fusion_builder_column fusion-builder-column-1 fusion_builder_column_1_3 1_3 fusion-flex-column\" style=\"--awb-bg-size:cover;--awb-width-large:33.333333333333%;--awb-margin-top-large:0px;--awb-spacing-right-large:5.76%;--awb-margin-bottom-large:20px;--awb-spacing-left-large:3.84%;--awb-width-medium:33.333333333333%;--awb-order-medium:0;--awb-spacing-right-medium:5.76%;--awb-spacing-left-medium:3.84%;--awb-width-small:100%;--awb-order-small:0;--awb-spacing-right-small:1.92%;--awb-spacing-left-small:1.92%;\"><div class=\"fusion-column-wrapper fusion-column-has-shadow fusion-flex-justify-content-flex-start fusion-content-layout-column\"><div class=\"fusion-image-element \" style=\"--awb-caption-title-font-family:var(--h2_typography-font-family);--awb-caption-title-font-weight:var(--h2_typography-font-weight);--awb-caption-title-font-style:var(--h2_typography-font-style);--awb-caption-title-size:var(--h2_typography-font-size);--awb-caption-title-transform:var(--h2_typography-text-transform);--awb-caption-title-line-height:var(--h2_typography-line-height);--awb-caption-title-letter-spacing:var(--h2_typography-letter-spacing);\"><span class=\" fusion-imageframe imageframe-none imageframe-1 hover-type-none\"><img decoding=\"async\" width=\"300\" height=\"225\" title=\"M\u00e9daille-Prix-Andr\u00e9-Aisenstadt-800&#215;600\" src=\"https:\/\/www.crmath.ca\/wp-content\/uploads\/2023\/03\/medaille-prix-andre-aisenstadt-800x600-1.jpg\" data-orig-src=\"https:\/\/www.crmath.ca\/wp-content\/uploads\/2023\/03\/medaille-prix-andre-aisenstadt-800x600-1-300x225.jpg\" alt class=\"lazyload img-responsive wp-image-9022\" srcset=\"data:image\/svg+xml,%3Csvg%20xmlns%3D%27http%3A%2F%2Fwww.w3.org%2F2000%2Fsvg%27%20width%3D%27800%27%20height%3D%27600%27%20viewBox%3D%270%200%20800%20600%27%3E%3Crect%20width%3D%27800%27%20height%3D%27600%27%20fill-opacity%3D%220%22%2F%3E%3C%2Fsvg%3E\" data-srcset=\"https:\/\/www.crmath.ca\/wp-content\/uploads\/2023\/03\/medaille-prix-andre-aisenstadt-800x600-1-200x150.jpg 200w, https:\/\/www.crmath.ca\/wp-content\/uploads\/2023\/03\/medaille-prix-andre-aisenstadt-800x600-1-400x300.jpg 400w, https:\/\/www.crmath.ca\/wp-content\/uploads\/2023\/03\/medaille-prix-andre-aisenstadt-800x600-1-600x450.jpg 600w, https:\/\/www.crmath.ca\/wp-content\/uploads\/2023\/03\/medaille-prix-andre-aisenstadt-800x600-1.jpg 800w\" data-sizes=\"auto\" data-orig-sizes=\"(max-width: 1234px) 100vw, 600px\" \/><\/span><\/div><\/div><\/div><\/div><\/div>\n","protected":false},"excerpt":{"rendered":"","protected":false},"author":17,"featured_media":0,"parent":4241,"menu_order":0,"comment_status":"closed","ping_status":"closed","template":"","meta":{"inline_featured_image":false,"footnotes":""},"class_list":["post-9088","page","type-page","status-publish","hentry"],"_links":{"self":[{"href":"https:\/\/www.crmath.ca\/en\/wp-json\/wp\/v2\/pages\/9088","targetHints":{"allow":["GET"]}}],"collection":[{"href":"https:\/\/www.crmath.ca\/en\/wp-json\/wp\/v2\/pages"}],"about":[{"href":"https:\/\/www.crmath.ca\/en\/wp-json\/wp\/v2\/types\/page"}],"author":[{"embeddable":true,"href":"https:\/\/www.crmath.ca\/en\/wp-json\/wp\/v2\/users\/17"}],"replies":[{"embeddable":true,"href":"https:\/\/www.crmath.ca\/en\/wp-json\/wp\/v2\/comments?post=9088"}],"version-history":[{"count":0,"href":"https:\/\/www.crmath.ca\/en\/wp-json\/wp\/v2\/pages\/9088\/revisions"}],"up":[{"embeddable":true,"href":"https:\/\/www.crmath.ca\/en\/wp-json\/wp\/v2\/pages\/4241"}],"wp:attachment":[{"href":"https:\/\/www.crmath.ca\/en\/wp-json\/wp\/v2\/media?parent=9088"}],"curies":[{"name":"wp","href":"https:\/\/api.w.org\/{rel}","templated":true}]}}