{"id":8737,"date":"2023-03-03T12:24:06","date_gmt":"2023-03-03T17:24:06","guid":{"rendered":"https:\/\/www.crmath.ca\/?page_id=8737"},"modified":"2023-03-10T11:14:32","modified_gmt":"2023-03-10T16:14:32","slug":"2007-crm-fields-pims-prize-joel-s-feldman","status":"publish","type":"page","link":"https:\/\/www.crmath.ca\/en\/prizes-and-honours\/crm-fields-pims-prize\/2007-crm-fields-pims-prize-joel-s-feldman\/","title":{"rendered":"2007 CRM-Fields-PIMS Prize Joel S. Feldman"},"content":{"rendered":"<div class=\"fusion-fullwidth fullwidth-box fusion-builder-row-1 fusion-flex-container nonhundred-percent-fullwidth non-hundred-percent-height-scrolling\" style=\"--awb-border-radius-top-left:0px;--awb-border-radius-top-right:0px;--awb-border-radius-bottom-right:0px;--awb-border-radius-bottom-left:0px;--awb-padding-right:0px;--awb-padding-left:0px;--awb-flex-wrap:wrap;\" ><div class=\"fusion-builder-row fusion-row fusion-flex-align-items-flex-start fusion-flex-content-wrap\" style=\"max-width:1420.64px;margin-left: calc(-4% \/ 2 );margin-right: calc(-4% \/ 2 );\"><div class=\"fusion-layout-column fusion_builder_column fusion-builder-column-0 fusion_builder_column_2_3 2_3 fusion-flex-column\" style=\"--awb-bg-size:cover;--awb-width-large:66.666666666667%;--awb-margin-top-large:0px;--awb-spacing-right-large:2.88%;--awb-margin-bottom-large:0px;--awb-spacing-left-large:2.88%;--awb-width-medium:66.666666666667%;--awb-order-medium:0;--awb-spacing-right-medium:2.88%;--awb-spacing-left-medium:2.88%;--awb-width-small:100%;--awb-order-small:2;--awb-spacing-right-small:1.92%;--awb-spacing-left-small:1.92%;\"><div class=\"fusion-column-wrapper fusion-column-has-shadow fusion-flex-justify-content-flex-start fusion-content-layout-column\"><div class=\"fusion-text fusion-text-1\"><h1><span class=\"intertitre\">The 2007 CRM-Fields-PIMS Prize recipient is Joel S. Feldman<\/span><\/h1>\n<p><img decoding=\"async\" class=\"lazyload wp-image-8734 size-medium alignleft\" src=\"https:\/\/www.crmath.ca\/wp-content\/uploads\/2023\/03\/feldman06-241x300.jpg\" data-orig-src=\"https:\/\/www.crmath.ca\/wp-content\/uploads\/2023\/03\/feldman06-241x300.jpg\" alt=\"\" width=\"241\" height=\"300\" srcset=\"data:image\/svg+xml,%3Csvg%20xmlns%3D%27http%3A%2F%2Fwww.w3.org%2F2000%2Fsvg%27%20width%3D%27241%27%20height%3D%27300%27%20viewBox%3D%270%200%20241%20300%27%3E%3Crect%20width%3D%27241%27%20height%3D%27300%27%20fill-opacity%3D%220%22%2F%3E%3C%2Fsvg%3E\" data-srcset=\"https:\/\/www.crmath.ca\/wp-content\/uploads\/2023\/03\/feldman06-200x249.jpg 200w, https:\/\/www.crmath.ca\/wp-content\/uploads\/2023\/03\/feldman06-241x300.jpg 241w, https:\/\/www.crmath.ca\/wp-content\/uploads\/2023\/03\/feldman06-400x499.jpg 400w, https:\/\/www.crmath.ca\/wp-content\/uploads\/2023\/03\/feldman06-600x748.jpg 600w, https:\/\/www.crmath.ca\/wp-content\/uploads\/2023\/03\/feldman06-768x958.jpg 768w, https:\/\/www.crmath.ca\/wp-content\/uploads\/2023\/03\/feldman06.jpg 790w\" data-sizes=\"auto\" data-orig-sizes=\"(max-width: 241px) 100vw, 241px\" \/>The directors of the Centre de recherches math\u00e9matiques (CRM) of l&#8217;Universit\u00e9 de Montr\u00e9al &#8211; Fran\u00e7ois Lalonde, the Fields Institute &#8211; Barbara Keyfitz, and the Pacific Institute for the Mathematical Sciences &#8211; Ivar Ekeland, are pleased to announce that Professor Joel S. Feldman (University of British Columbia) is the recipient of the 2007 CRM-Fields-PIMS Prize, in recognition of his exceptional achievement and work in mathematical physics.<\/p>\n<p>Established in 1994, the CRM-Fields Prize recognizes exceptional research in the mathematical sciences. In 2005, PIMS became an equal partner in the prize, and the name was changed to the CRM-Fields-PIMS prize. A committee appointed by the three institutes chooses the recipient. This year\u2019s committee consisted of: Niky Kamran (McGill) [Chair], John McKay (Concordia), Catherine Sulem (Toronto), George Elliott (Toronto), Mark Goresky (IAS) and Ed Perkins (UBC).<\/p>\n<p>Professor Feldman has risen to a position of international prominence in the world of mathematical physics, with a 30-year record of sustained output of the highest caliber. He has made important contributions to quantum field theory, many-body theory, Schr\u00f6dinger operator theory, and the theory of infinite genus Riemann surfaces. Many of Professor Feldman&#8217;s recent results on quantum many-body systems at positive densities and on Fermi liquids and superconductivity have been classed as some of the best research in mathematical physics in the last decade.<\/p>\n<p>Professor Feldman received his B.Sc. from the University of Toronto in 1970, and his A.M. and Ph.D. from Harvard University in 1971 and 1974, respectively. He worked as a Research Fellow at Harvard University from 1974 to 1975, and was a C. L. E. Moore Instructor at the Massachusetts Institute of Technology (MIT) from 1975 to 1977. Since 1977, he has taught at the University of British Columbia, where he is currently a full professor. Professor Feldman was an invited speaker at the International Congress of Mathematicians in Kyoto in 1990. He was a plenary speaker at the XIIth International Congress on Mathematical Physics in Brisbane in 1997, and was an invited speaker at the XIVth International Congress on Mathematical Physics in Lisbon in 2003. He is a fellow of the Royal Society of Canada, and has been awarded the 1996 John L. Synge award and CRM Aisenstadt Chair Lectureship in 1999\/200, as well as the 2004 Jeffery-Williams Prize by the Canadian Mathematical Society for outstanding contributions to mathematical research.<\/p>\n<p>Previous recipients of the prize are H.S.M. (Donald) Coxeter, George A. Elliott, James Arthur, Robert V. Moody, Stephen A. Cook, Israel Michael Sigal, William T. Tutte, John B. Friedlander, John McKay, Edwin Perkins, Donald A. Dawson, David Boyd and Nicole Tomczak-Jaegermann.<\/p>\n<\/div><\/div><\/div><div class=\"fusion-layout-column fusion_builder_column fusion-builder-column-1 fusion_builder_column_1_3 1_3 fusion-flex-column\" style=\"--awb-bg-size:cover;--awb-width-large:33.333333333333%;--awb-margin-top-large:0px;--awb-spacing-right-large:5.76%;--awb-margin-bottom-large:20px;--awb-spacing-left-large:3.84%;--awb-width-medium:33.333333333333%;--awb-order-medium:0;--awb-spacing-right-medium:5.76%;--awb-spacing-left-medium:3.84%;--awb-width-small:100%;--awb-order-small:0;--awb-spacing-right-small:1.92%;--awb-spacing-left-small:1.92%;\"><div class=\"fusion-column-wrapper fusion-column-has-shadow fusion-flex-justify-content-flex-start fusion-content-layout-column\"><div class=\"fusion-image-element \" style=\"--awb-caption-title-font-family:var(--h2_typography-font-family);--awb-caption-title-font-weight:var(--h2_typography-font-weight);--awb-caption-title-font-style:var(--h2_typography-font-style);--awb-caption-title-size:var(--h2_typography-font-size);--awb-caption-title-transform:var(--h2_typography-text-transform);--awb-caption-title-line-height:var(--h2_typography-line-height);--awb-caption-title-letter-spacing:var(--h2_typography-letter-spacing);\"><span class=\" fusion-imageframe imageframe-none imageframe-1 hover-type-none\"><img decoding=\"async\" width=\"632\" height=\"346\" title=\"CRM-Fields-Pims\" src=\"https:\/\/www.crmath.ca\/wp-content\/uploads\/2021\/10\/CRM-Fields-Pims.png\" data-orig-src=\"http:\/\/www.crmath.ca\/wp-content\/uploads\/2021\/10\/CRM-Fields-Pims.png\" alt class=\"lazyload img-responsive wp-image-3977\" srcset=\"data:image\/svg+xml,%3Csvg%20xmlns%3D%27http%3A%2F%2Fwww.w3.org%2F2000%2Fsvg%27%20width%3D%27632%27%20height%3D%27346%27%20viewBox%3D%270%200%20632%20346%27%3E%3Crect%20width%3D%27632%27%20height%3D%27346%27%20fill-opacity%3D%220%22%2F%3E%3C%2Fsvg%3E\" data-srcset=\"https:\/\/www.crmath.ca\/wp-content\/uploads\/2021\/10\/CRM-Fields-Pims-200x109.png 200w, https:\/\/www.crmath.ca\/wp-content\/uploads\/2021\/10\/CRM-Fields-Pims-400x219.png 400w, https:\/\/www.crmath.ca\/wp-content\/uploads\/2021\/10\/CRM-Fields-Pims-600x328.png 600w, https:\/\/www.crmath.ca\/wp-content\/uploads\/2021\/10\/CRM-Fields-Pims.png 632w\" data-sizes=\"auto\" data-orig-sizes=\"(max-width: 1234px) 100vw, 600px\" \/><\/span><\/div><\/div><\/div><\/div><\/div>\n","protected":false},"excerpt":{"rendered":"","protected":false},"author":17,"featured_media":0,"parent":4243,"menu_order":0,"comment_status":"closed","ping_status":"closed","template":"","meta":{"inline_featured_image":false,"footnotes":""},"class_list":["post-8737","page","type-page","status-publish","hentry"],"_links":{"self":[{"href":"https:\/\/www.crmath.ca\/en\/wp-json\/wp\/v2\/pages\/8737","targetHints":{"allow":["GET"]}}],"collection":[{"href":"https:\/\/www.crmath.ca\/en\/wp-json\/wp\/v2\/pages"}],"about":[{"href":"https:\/\/www.crmath.ca\/en\/wp-json\/wp\/v2\/types\/page"}],"author":[{"embeddable":true,"href":"https:\/\/www.crmath.ca\/en\/wp-json\/wp\/v2\/users\/17"}],"replies":[{"embeddable":true,"href":"https:\/\/www.crmath.ca\/en\/wp-json\/wp\/v2\/comments?post=8737"}],"version-history":[{"count":5,"href":"https:\/\/www.crmath.ca\/en\/wp-json\/wp\/v2\/pages\/8737\/revisions"}],"predecessor-version":[{"id":8834,"href":"https:\/\/www.crmath.ca\/en\/wp-json\/wp\/v2\/pages\/8737\/revisions\/8834"}],"up":[{"embeddable":true,"href":"https:\/\/www.crmath.ca\/en\/wp-json\/wp\/v2\/pages\/4243"}],"wp:attachment":[{"href":"https:\/\/www.crmath.ca\/en\/wp-json\/wp\/v2\/media?parent=8737"}],"curies":[{"name":"wp","href":"https:\/\/api.w.org\/{rel}","templated":true}]}}