{"id":8316,"date":"2023-02-21T17:00:21","date_gmt":"2023-02-21T22:00:21","guid":{"rendered":"https:\/\/www.crmath.ca\/?page_id=8316"},"modified":"2026-04-21T14:20:20","modified_gmt":"2026-04-21T18:20:20","slug":"france-quebec-research-stay-program","status":"publish","type":"page","link":"https:\/\/www.crmath.ca\/en\/research-support\/international-research-stays\/france-quebec-research-stay-program\/","title":{"rendered":"France-Qu\u00e9bec research stay program"},"content":{"rendered":"<div class=\"fusion-fullwidth fullwidth-box fusion-builder-row-1 fusion-flex-container nonhundred-percent-fullwidth non-hundred-percent-height-scrolling\" style=\"--awb-border-radius-top-left:0px;--awb-border-radius-top-right:0px;--awb-border-radius-bottom-right:0px;--awb-border-radius-bottom-left:0px;--awb-padding-right:0px;--awb-padding-left:0px;--awb-flex-wrap:wrap;\" ><div class=\"fusion-builder-row fusion-row fusion-flex-align-items-flex-start fusion-flex-content-wrap\" style=\"max-width:1420.64px;margin-left: calc(-4% \/ 2 );margin-right: calc(-4% \/ 2 );\"><div class=\"fusion-layout-column fusion_builder_column fusion-builder-column-0 fusion_builder_column_2_3 2_3 fusion-flex-column\" style=\"--awb-bg-size:cover;--awb-width-large:66.666666666667%;--awb-margin-top-large:0px;--awb-spacing-right-large:2.88%;--awb-margin-bottom-large:20px;--awb-spacing-left-large:2.88%;--awb-width-medium:66.666666666667%;--awb-order-medium:0;--awb-spacing-right-medium:2.88%;--awb-spacing-left-medium:2.88%;--awb-width-small:100%;--awb-order-small:0;--awb-spacing-right-small:1.92%;--awb-spacing-left-small:1.92%;\"><div class=\"fusion-column-wrapper fusion-column-has-shadow fusion-flex-justify-content-flex-start fusion-content-layout-column\"><div class=\"fusion-text fusion-text-1\"><h1 class=\"title-heading-left\">France-Qu\u00e9bec research stay program<\/h1>\n<\/div><div class=\"fusion-text fusion-text-2\"><p>The CRM\u2019s France\u2013Qu\u00e9bec Mobility Program aims to foster and strengthen scientific collaborations between researchers based in Qu\u00e9bec and in France.<\/p>\n<p>The program is open to CRM members, CNRS-affiliated researchers, graduate students supervised by these researchers, as well as postdoctoral fellows.<\/p>\n<\/div><div class=\"fusion-text fusion-text-3\"><h4>Program Benefits<\/h4>\n<ul>\n<li>Short or medium-term research visits;<\/li>\n<li>Research internships for graduate students;<\/li>\n<li>Participation in scientific events held in France;<\/li>\n<li>Visits by researchers or students from France to the CRM.<\/li>\n<\/ul>\n<\/div><div class=\"fusion-text fusion-text-4\"><h4>Application Process<\/h4>\n<p><em><strong>Please note that all opportunities offered under this program have now been filled.<\/strong><\/em><\/p>\n<ul>\n<li>A project description (2\u20133 pages, PDF format) including:\n<ul>\n<li>Scientific objectives;<\/li>\n<li>Collaborators involved;<\/li>\n<li>Amount of financial support requested;<\/li>\n<li>Other sources of funding, if applicable;<\/li>\n<li>An indication if the applicant is enrolled in a cotutelle program.<\/li>\n<\/ul>\n<\/li>\n<li>A complete and up-to-date curriculum vitae;<\/li>\n<li>A letter of support from a regular CRM member (if the applicant is not a regular member)<\/li>\n<li>Students and postdoctoral fellows must provide proof of enrollment at a Quebec university.<\/li>\n<\/ul>\n<p>Les candidatures doivent \u00eatre envoy\u00e9es \u00e0 l\u2019adresse :\u00a0<a href=\"mailto:crmfrance@crm.umontreal.ca\">crmfrance@crm.umontreal.ca<\/a><\/p>\n<\/div><div class=\"fusion-text fusion-text-5\"><h4>Evaluation and Deadlines<\/h4>\n<p>Applications are reviewed by a CRM committee according to the following criteria:<\/p>\n<ul>\n<li>Relevance of the project to the CRM\u2019s research areas and its affiliated laboratories;<\/li>\n<li>Quality and potential impact of the proposed scientific collaboration;<\/li>\n<li>Excellence of the applicant\u2019s academic record and the proposed project.<\/li>\n<\/ul>\n<\/div><div class=\"fusion-text fusion-text-6\"><h4 data-start=\"3412\" data-end=\"3434\">Conditions g\u00e9n\u00e9rales<\/h4>\n<ul>\n<li>Projects must begin between two and nine months following the application deadline;<\/li>\n<li>The duration of the stay may vary depending on the nature of the activity.<\/li>\n<\/ul>\n<\/div><\/div><\/div><div class=\"fusion-layout-column fusion_builder_column fusion-builder-column-1 fusion_builder_column_1_3 1_3 fusion-flex-column\" style=\"--awb-bg-size:cover;--awb-width-large:33.333333333333%;--awb-margin-top-large:0px;--awb-spacing-right-large:5.76%;--awb-margin-bottom-large:20px;--awb-spacing-left-large:5.76%;--awb-width-medium:33.333333333333%;--awb-order-medium:0;--awb-spacing-right-medium:5.76%;--awb-spacing-left-medium:5.76%;--awb-width-small:100%;--awb-order-small:0;--awb-spacing-right-small:1.92%;--awb-spacing-left-small:1.92%;\"><div class=\"fusion-column-wrapper fusion-column-has-shadow fusion-flex-justify-content-flex-start fusion-content-layout-column\"><div class=\"fusion-image-element \" style=\"--awb-margin-bottom:10px;--awb-caption-title-font-family:var(--h2_typography-font-family);--awb-caption-title-font-weight:var(--h2_typography-font-weight);--awb-caption-title-font-style:var(--h2_typography-font-style);--awb-caption-title-size:var(--h2_typography-font-size);--awb-caption-title-transform:var(--h2_typography-text-transform);--awb-caption-title-line-height:var(--h2_typography-line-height);--awb-caption-title-letter-spacing:var(--h2_typography-letter-spacing);\"><span class=\" fusion-imageframe imageframe-none imageframe-1 hover-type-none\"><img decoding=\"async\" width=\"300\" height=\"115\" title=\"frq_logo_couleur\" src=\"https:\/\/www.crmath.ca\/wp-content\/uploads\/2025\/02\/frq_logo_couleur.png\" data-orig-src=\"https:\/\/www.crmath.ca\/wp-content\/uploads\/2025\/02\/frq_logo_couleur-300x115.png\" alt class=\"lazyload img-responsive wp-image-16583\" srcset=\"data:image\/svg+xml,%3Csvg%20xmlns%3D%27http%3A%2F%2Fwww.w3.org%2F2000%2Fsvg%27%20width%3D%271034%27%20height%3D%27396%27%20viewBox%3D%270%200%201034%20396%27%3E%3Crect%20width%3D%271034%27%20height%3D%27396%27%20fill-opacity%3D%220%22%2F%3E%3C%2Fsvg%3E\" data-srcset=\"https:\/\/www.crmath.ca\/wp-content\/uploads\/2025\/02\/frq_logo_couleur-200x77.png 200w, https:\/\/www.crmath.ca\/wp-content\/uploads\/2025\/02\/frq_logo_couleur-400x153.png 400w, https:\/\/www.crmath.ca\/wp-content\/uploads\/2025\/02\/frq_logo_couleur-600x230.png 600w, https:\/\/www.crmath.ca\/wp-content\/uploads\/2025\/02\/frq_logo_couleur-800x306.png 800w, https:\/\/www.crmath.ca\/wp-content\/uploads\/2025\/02\/frq_logo_couleur.png 1034w\" data-sizes=\"auto\" data-orig-sizes=\"(max-width: 1234px) 100vw, 600px\" \/><\/span><\/div><div class=\"fusion-image-element \" style=\"--awb-margin-top:25px;--awb-caption-title-font-family:var(--h2_typography-font-family);--awb-caption-title-font-weight:var(--h2_typography-font-weight);--awb-caption-title-font-style:var(--h2_typography-font-style);--awb-caption-title-size:var(--h2_typography-font-size);--awb-caption-title-transform:var(--h2_typography-text-transform);--awb-caption-title-line-height:var(--h2_typography-line-height);--awb-caption-title-letter-spacing:var(--h2_typography-letter-spacing);\"><span class=\" fusion-imageframe imageframe-none imageframe-2 hover-type-none\"><img decoding=\"async\" width=\"600\" height=\"169\" alt=\"CRM-CNRS International Research Lab\" title=\"16C RGB CRM-CNRS\" src=\"https:\/\/www.crmath.ca\/wp-content\/uploads\/2023\/07\/16c-rgb-crm-cnrs.png\" data-orig-src=\"https:\/\/www.crmath.ca\/wp-content\/uploads\/2023\/07\/16c-rgb-crm-cnrs-600x169.png\" class=\"lazyload img-responsive wp-image-10260\" srcset=\"data:image\/svg+xml,%3Csvg%20xmlns%3D%27http%3A%2F%2Fwww.w3.org%2F2000%2Fsvg%27%20width%3D%27755%27%20height%3D%27213%27%20viewBox%3D%270%200%20755%20213%27%3E%3Crect%20width%3D%27755%27%20height%3D%27213%27%20fill-opacity%3D%220%22%2F%3E%3C%2Fsvg%3E\" data-srcset=\"https:\/\/www.crmath.ca\/wp-content\/uploads\/2023\/07\/16c-rgb-crm-cnrs-200x56.png 200w, https:\/\/www.crmath.ca\/wp-content\/uploads\/2023\/07\/16c-rgb-crm-cnrs-400x113.png 400w, https:\/\/www.crmath.ca\/wp-content\/uploads\/2023\/07\/16c-rgb-crm-cnrs-600x169.png 600w, https:\/\/www.crmath.ca\/wp-content\/uploads\/2023\/07\/16c-rgb-crm-cnrs.png 755w\" data-sizes=\"auto\" data-orig-sizes=\"(max-width: 1234px) 100vw, 600px\" \/><\/span><\/div><\/div><\/div><\/div><\/div>\n","protected":false},"excerpt":{"rendered":"","protected":false},"author":10,"featured_media":0,"parent":20516,"menu_order":0,"comment_status":"closed","ping_status":"closed","template":"","meta":{"inline_featured_image":false,"footnotes":""},"class_list":["post-8316","page","type-page","status-publish","hentry"],"_links":{"self":[{"href":"https:\/\/www.crmath.ca\/en\/wp-json\/wp\/v2\/pages\/8316","targetHints":{"allow":["GET"]}}],"collection":[{"href":"https:\/\/www.crmath.ca\/en\/wp-json\/wp\/v2\/pages"}],"about":[{"href":"https:\/\/www.crmath.ca\/en\/wp-json\/wp\/v2\/types\/page"}],"author":[{"embeddable":true,"href":"https:\/\/www.crmath.ca\/en\/wp-json\/wp\/v2\/users\/10"}],"replies":[{"embeddable":true,"href":"https:\/\/www.crmath.ca\/en\/wp-json\/wp\/v2\/comments?post=8316"}],"version-history":[{"count":15,"href":"https:\/\/www.crmath.ca\/en\/wp-json\/wp\/v2\/pages\/8316\/revisions"}],"predecessor-version":[{"id":21621,"href":"https:\/\/www.crmath.ca\/en\/wp-json\/wp\/v2\/pages\/8316\/revisions\/21621"}],"up":[{"embeddable":true,"href":"https:\/\/www.crmath.ca\/en\/wp-json\/wp\/v2\/pages\/20516"}],"wp:attachment":[{"href":"https:\/\/www.crmath.ca\/en\/wp-json\/wp\/v2\/media?parent=8316"}],"curies":[{"name":"wp","href":"https:\/\/api.w.org\/{rel}","templated":true}]}}