{"id":7643,"date":"2023-01-11T13:39:18","date_gmt":"2023-01-11T18:39:18","guid":{"rendered":"https:\/\/www.crmath.ca\/?page_id=7643"},"modified":"2023-04-20T15:09:10","modified_gmt":"2023-04-20T19:09:10","slug":"edi-resources","status":"publish","type":"page","link":"https:\/\/www.crmath.ca\/en\/about-the-crm-2\/equity-diversity-and-inclusion\/edi-resources\/","title":{"rendered":"EDI Resources"},"content":{"rendered":"<div class=\"fusion-fullwidth fullwidth-box fusion-builder-row-1 fusion-flex-container nonhundred-percent-fullwidth non-hundred-percent-height-scrolling\" style=\"--awb-border-radius-top-left:0px;--awb-border-radius-top-right:0px;--awb-border-radius-bottom-right:0px;--awb-border-radius-bottom-left:0px;--awb-padding-right:0px;--awb-padding-left:0px;--awb-flex-wrap:wrap;\" ><div class=\"fusion-builder-row fusion-row fusion-flex-align-items-flex-start fusion-flex-content-wrap\" style=\"max-width:1420.64px;margin-left: calc(-4% \/ 2 );margin-right: calc(-4% \/ 2 );\"><div class=\"fusion-layout-column fusion_builder_column fusion-builder-column-0 fusion_builder_column_2_3 2_3 fusion-flex-column\" style=\"--awb-bg-size:cover;--awb-width-large:66.666666666667%;--awb-margin-top-large:0px;--awb-spacing-right-large:2.88%;--awb-margin-bottom-large:20px;--awb-spacing-left-large:2.88%;--awb-width-medium:66.666666666667%;--awb-order-medium:0;--awb-spacing-right-medium:2.88%;--awb-spacing-left-medium:2.88%;--awb-width-small:100%;--awb-order-small:0;--awb-spacing-right-small:1.92%;--awb-spacing-left-small:1.92%;\"><div class=\"fusion-column-wrapper fusion-column-has-shadow fusion-flex-justify-content-flex-start fusion-content-layout-column\"><div class=\"fusion-text fusion-text-1\"><h1 class=\"section-title h1\">EDI Resources<\/h1>\n<ul>\n<li class=\"justifier\"><a class=\"nav-link active\" href=\"https:\/\/aarms.math.ca\/event\/diversity-in-mathematics-2020\/\" target=\"_blank\" rel=\"noopener\">AARMS (Atlantic Association for Research in the Mathematical Sciences)<\/a><\/li>\n<li class=\"justifier\"><a class=\"nav-link active\" href=\"https:\/\/awm-math.org\/\" target=\"_blank\" rel=\"noopener\">AWM (Association for Women in Mathematics)<\/a><\/li>\n<li class=\"justifier\"><a class=\"nav-link active\" href=\"https:\/\/www.birs.ca\/about\/governance\/scientific-management\/Equity-Diversity-Inclusion-Board\" target=\"_blank\" rel=\"noopener\">BIRS (Banff International Research Station)<\/a><\/li>\n<li class=\"justifier\"><a class=\"nav-link active\" href=\"https:\/\/www.mcgill.ca\/branches-program\/about-us\" target=\"_blank\" rel=\"noopener\">Branches &#8211; McGill&#8217;s Community Outreach Program<\/a><\/li>\n<li class=\"justifier\"><a class=\"nav-link active\" href=\"https:\/\/www.nserc-crsng.gc.ca\/NSERC-CRSNG\/EDI\/Index_eng.asp\" target=\"_blank\" rel=\"noopener\">CRSNG \/ NSERC<\/a><\/li>\n<li class=\"justifier\"><a class=\"nav-link active\" href=\"https:\/\/www.ciera.ulaval.ca\/\" target=\"_blank\" rel=\"noopener\">Centre interuniversitaire d&#8217;\u00e9tudes et de recherches autochtones (CI\u00c9RA)<\/a><\/li>\n<li class=\"justifier\"><a class=\"nav-link active\" href=\"https:\/\/www.concordia.ca\/provost\/initiatives\/working-toward-equity-diversity-inclusion.html\" target=\"_blank\" rel=\"noopener\">Concordia University<\/a><\/li>\n<li><a class=\"nav-link active\" href=\"http:\/\/www.fields.utoronto.ca\/generalinfo\/diversity-fields\" target=\"_blank\" rel=\"noopener\">Fields Institute<\/a><\/li>\n<li class=\"justifier\"><a class=\"nav-link active\" href=\"http:\/\/www.scientifique-en-chef.gouv.qc.ca\/dossiers\/equite-diversite-et-inclusion\/\" target=\"_blank\" rel=\"noopener\">Fonds de recherche du Qu\u00e9bec<\/a><\/li>\n<li><a class=\"nav-link active\" href=\"http:\/\/indigenousmathematicians.com\/\" target=\"_blank\" rel=\"noopener\">Indigenous Mathematicans<\/a><\/li>\n<li class=\"justifier\"><a class=\"nav-link active\" href=\"https:\/\/ivado.ca\/en\/equity-diversity-and-inclusion\/\" target=\"_blank\" rel=\"noopener\">IVADO<\/a><\/li>\n<li class=\"justifier\"><a class=\"nav-link active\" href=\"https:\/\/www.mcgill.ca\/equity\/\" target=\"_blank\" rel=\"noopener\">McGill University<\/a><\/li>\n<li class=\"justifier\"><a class=\"nav-link active\" href=\"https:\/\/www.uottawa.ca\/president\/strategic-areas\/diversity-and-inclusion\" target=\"_blank\" rel=\"noopener\">OttawaU<\/a><\/li>\n<li class=\"justifier\"><a class=\"nav-link active\" href=\"https:\/\/www.pims.math.ca\/pims-glance\/equity-diversity-and-inclusion-committee\" target=\"_blank\" rel=\"noopener\">PIMS<\/a><\/li>\n<li class=\"justifier\"><a class=\"nav-link active\" href=\"https:\/\/www.paritesciences.com\/\" target=\"_blank\" rel=\"noopener\">Parit\u00e9 Sciences <\/a><\/li>\n<li class=\"justifier\"><a class=\"nav-link active\" href=\"https:\/\/www.capres.ca\/caracteristiques-socioculturelles-de-letudiant\/etudiant-de-premiere-generation\/un-portrait-des-etudiants-de-premiere-generation\/#:~:text=Dans%20la%20litt%C3%A9rature%2C%20les%20%C3%A9tudiants,sous%2Drepr%C3%A9sent%C3%A9s%20aux%20%C3%A9tudes%20sup%C3%A9rieures.\" target=\"_blank\" rel=\"noopener\">Un portrait des \u00e9tudiants de premi\u00e8re g\u00e9n\u00e9ration (CAPRES)<\/a><\/li>\n<li class=\"justifier\"><a class=\"nav-link active\" href=\"https:\/\/rqedi.com\/en\/\" target=\"_blank\" rel=\"noopener\">Qu\u00e9bec Interuniversity EDI Network<\/a><\/li>\n<li class=\"justifier\"><a class=\"nav-link active\" href=\"http:\/\/lgbtmath.org\/\" target=\"_blank\" rel=\"noopener\">Spectra, The Association for LGBT Mathematicians<\/a><\/li>\n<li class=\"justifier\"><a class=\"nav-link active\" href=\"https:\/\/www.umontreal.ca\/diversite\" target=\"_blank\" rel=\"noopener\">Universit\u00e9 de Montr\u00e9al<\/a><\/li>\n<li class=\"justifier\"><a class=\"nav-link active\" href=\"https:\/\/www.usherbrooke.ca\/decouvrir\/a-propos\/equite-diversite-inclusion\/\" target=\"_blank\" rel=\"noopener\">Universit\u00e9 de Sherbrooke<\/a><\/li>\n<li><a class=\"nav-link active\" href=\"https:\/\/edi.uqam.ca\/\" target=\"_blank\" rel=\"noopener\">UQAM<\/a><\/li>\n<li class=\"justifier\"><a class=\"nav-link active\" href=\"https:\/\/www.ulaval.ca\/equite-diversite-inclusion\" target=\"_blank\" rel=\"noopener\">Universit\u00e9 Laval<\/a><\/li>\n<\/ul>\n<\/div><\/div><\/div><div class=\"fusion-layout-column fusion_builder_column fusion-builder-column-1 fusion_builder_column_1_3 1_3 fusion-flex-column\" style=\"--awb-overflow:hidden;--awb-bg-color:#f1f7ff;--awb-bg-color-hover:#f1f7ff;--awb-bg-size:cover;--awb-border-color:rgba(17,135,255,0.3);--awb-border-style:solid;--awb-border-radius:10px 10px 10px 10px;--awb-width-large:33.333333333333%;--awb-margin-top-large:0px;--awb-spacing-right-large:5.76%;--awb-margin-bottom-large:20px;--awb-spacing-left-large:5.76%;--awb-width-medium:33.333333333333%;--awb-order-medium:0;--awb-spacing-right-medium:5.76%;--awb-spacing-left-medium:5.76%;--awb-width-small:100%;--awb-order-small:0;--awb-spacing-right-small:1.92%;--awb-spacing-left-small:1.92%;\"><div class=\"fusion-column-wrapper fusion-column-has-shadow fusion-flex-justify-content-flex-start fusion-content-layout-column\"><nav class=\"awb-menu awb-menu_column awb-menu_em-hover mobile-mode-collapse-to-button awb-menu_icons-left awb-menu_dc-yes mobile-trigger-fullwidth-off awb-menu_mobile-toggle awb-menu_indent-left mobile-size-full-absolute loading mega-menu-loading awb-menu_desktop awb-menu_dropdown awb-menu_expand-right awb-menu_transition-fade fusion-animated fusion-no-small-visibility\" style=\"--awb-font-size:13px;--awb-text-transform:none;--awb-gap:0px;--awb-items-padding-top:15px;--awb-items-padding-right:15px;--awb-items-padding-bottom:15px;--awb-items-padding-left:15px;--awb-border-color:#ffffff;--awb-border-bottom:1px;--awb-active-color:#1187ff;--awb-active-bg:#ffffff;--awb-active-border-bottom:1px;--awb-active-border-color:#ffffff;--awb-submenu-text-transform:none;--awb-main-justify-content:flex-start;--awb-mobile-justify:flex-start;--awb-mobile-caret-left:auto;--awb-mobile-caret-right:0;--awb-fusion-font-family-typography:&quot;Open Sans&quot;;--awb-fusion-font-style-typography:normal;--awb-fusion-font-weight-typography:400;--awb-fusion-font-family-submenu-typography:inherit;--awb-fusion-font-style-submenu-typography:normal;--awb-fusion-font-weight-submenu-typography:400;--awb-fusion-font-family-mobile-typography:inherit;--awb-fusion-font-style-mobile-typography:normal;--awb-fusion-font-weight-mobile-typography:400;\" aria-label=\"Niv 3 EDI EN\" data-breakpoint=\"0\" data-count=\"0\" data-transition-type=\"left\" data-transition-time=\"300\" data-expand=\"right\" data-animationType=\"fadeInRight\" data-animationDuration=\"0.5\" data-animationOffset=\"top-into-view\"><ul id=\"menu-niv-3-edi-en\" class=\"fusion-menu awb-menu__main-ul awb-menu__main-ul_column\"><li  id=\"menu-item-7684\"  class=\"menu-item menu-item-type-post_type menu-item-object-page menu-item-7684 awb-menu__li awb-menu__main-li awb-menu__main-li_regular\"  data-item-id=\"7684\"><span class=\"awb-menu__main-background-default awb-menu__main-background-default_left\"><\/span><span class=\"awb-menu__main-background-active awb-menu__main-background-active_left\"><\/span><a  href=\"https:\/\/www.crmath.ca\/en\/about-the-crm-2\/equity-diversity-and-inclusion\/what-is-edi\/\" class=\"awb-menu__main-a awb-menu__main-a_regular\"><span class=\"menu-text\">What Is EDI?<\/span><\/a><\/li><li  id=\"menu-item-9794\"  class=\"menu-item menu-item-type-post_type menu-item-object-page menu-item-9794 awb-menu__li awb-menu__main-li awb-menu__main-li_regular\"  data-item-id=\"9794\"><span class=\"awb-menu__main-background-default awb-menu__main-background-default_left\"><\/span><span class=\"awb-menu__main-background-active awb-menu__main-background-active_left\"><\/span><a  href=\"https:\/\/www.crmath.ca\/en\/about-the-crm-2\/equity-diversity-and-inclusion\/crm-edi-committee\/\" class=\"awb-menu__main-a awb-menu__main-a_regular\"><span class=\"menu-text\">CRM EDI Committee<\/span><\/a><\/li><li  id=\"menu-item-7682\"  class=\"menu-item menu-item-type-post_type menu-item-object-page menu-item-7682 awb-menu__li awb-menu__main-li awb-menu__main-li_regular\"  data-item-id=\"7682\"><span class=\"awb-menu__main-background-default awb-menu__main-background-default_left\"><\/span><span class=\"awb-menu__main-background-active awb-menu__main-background-active_left\"><\/span><a  href=\"https:\/\/www.crmath.ca\/en\/about-the-crm-2\/equity-diversity-and-inclusion\/call-for-edi-proposals\/\" class=\"awb-menu__main-a awb-menu__main-a_regular\"><span class=\"menu-text\">Call for EDI Proposals<\/span><\/a><\/li><li  id=\"menu-item-7681\"  class=\"menu-item menu-item-type-post_type menu-item-object-page menu-item-7681 awb-menu__li awb-menu__main-li awb-menu__main-li_regular\"  data-item-id=\"7681\"><span class=\"awb-menu__main-background-default awb-menu__main-background-default_left\"><\/span><span class=\"awb-menu__main-background-active awb-menu__main-background-active_left\"><\/span><a  href=\"https:\/\/www.crmath.ca\/en\/about-the-crm-2\/equity-diversity-and-inclusion\/crm-edi-activities\/\" class=\"awb-menu__main-a awb-menu__main-a_regular\"><span class=\"menu-text\">CRM EDI Activities<\/span><\/a><\/li><li  id=\"menu-item-7680\"  class=\"menu-item menu-item-type-post_type menu-item-object-page menu-item-7680 awb-menu__li awb-menu__main-li awb-menu__main-li_regular\"  data-item-id=\"7680\"><span class=\"awb-menu__main-background-default awb-menu__main-background-default_left\"><\/span><span class=\"awb-menu__main-background-active awb-menu__main-background-active_left\"><\/span><a  href=\"https:\/\/www.crmath.ca\/en\/about-the-crm-2\/equity-diversity-and-inclusion\/edi-announcements\/\" class=\"awb-menu__main-a awb-menu__main-a_regular\"><span class=\"menu-text\">EDI Announcements<\/span><\/a><\/li><li  id=\"menu-item-7679\"  class=\"menu-item menu-item-type-post_type menu-item-object-page menu-item-7679 awb-menu__li awb-menu__main-li awb-menu__main-li_regular\"  data-item-id=\"7679\"><span class=\"awb-menu__main-background-default awb-menu__main-background-default_left\"><\/span><span class=\"awb-menu__main-background-active awb-menu__main-background-active_left\"><\/span><a  href=\"https:\/\/www.crmath.ca\/en\/about-the-crm-2\/equity-diversity-and-inclusion\/edi-resources\/\" class=\"awb-menu__main-a awb-menu__main-a_regular\"><span class=\"menu-text\">EDI Resources<\/span><\/a><\/li><li  id=\"menu-item-7678\"  class=\"menu-item menu-item-type-post_type menu-item-object-page menu-item-7678 awb-menu__li awb-menu__main-li awb-menu__main-li_regular\"  data-item-id=\"7678\"><span class=\"awb-menu__main-background-default awb-menu__main-background-default_left\"><\/span><span class=\"awb-menu__main-background-active awb-menu__main-background-active_left\"><\/span><a  href=\"https:\/\/www.crmath.ca\/en\/about-the-crm-2\/equity-diversity-and-inclusion\/to-contact-crm-edi\/\" class=\"awb-menu__main-a awb-menu__main-a_regular\"><span class=\"menu-text\">To Contact CRM-EDI<\/span><\/a><\/li><\/ul><\/nav><\/div><\/div><\/div><\/div>\n","protected":false},"excerpt":{"rendered":"","protected":false},"author":10,"featured_media":0,"parent":7559,"menu_order":0,"comment_status":"closed","ping_status":"closed","template":"","meta":{"inline_featured_image":false,"footnotes":""},"class_list":["post-7643","page","type-page","status-publish","hentry"],"_links":{"self":[{"href":"https:\/\/www.crmath.ca\/en\/wp-json\/wp\/v2\/pages\/7643","targetHints":{"allow":["GET"]}}],"collection":[{"href":"https:\/\/www.crmath.ca\/en\/wp-json\/wp\/v2\/pages"}],"about":[{"href":"https:\/\/www.crmath.ca\/en\/wp-json\/wp\/v2\/types\/page"}],"author":[{"embeddable":true,"href":"https:\/\/www.crmath.ca\/en\/wp-json\/wp\/v2\/users\/10"}],"replies":[{"embeddable":true,"href":"https:\/\/www.crmath.ca\/en\/wp-json\/wp\/v2\/comments?post=7643"}],"version-history":[{"count":4,"href":"https:\/\/www.crmath.ca\/en\/wp-json\/wp\/v2\/pages\/7643\/revisions"}],"predecessor-version":[{"id":9477,"href":"https:\/\/www.crmath.ca\/en\/wp-json\/wp\/v2\/pages\/7643\/revisions\/9477"}],"up":[{"embeddable":true,"href":"https:\/\/www.crmath.ca\/en\/wp-json\/wp\/v2\/pages\/7559"}],"wp:attachment":[{"href":"https:\/\/www.crmath.ca\/en\/wp-json\/wp\/v2\/media?parent=7643"}],"curies":[{"name":"wp","href":"https:\/\/api.w.org\/{rel}","templated":true}]}}