{"id":4214,"date":"2021-11-02T12:50:01","date_gmt":"2021-11-02T16:50:01","guid":{"rendered":"https:\/\/www.crmath.ca\/?page_id=4214"},"modified":"2024-10-11T11:25:56","modified_gmt":"2024-10-11T15:25:56","slug":"for-a-respectful-and-inclusive-environment","status":"publish","type":"page","link":"https:\/\/www.crmath.ca\/en\/resources\/for-a-respectful-and-inclusive-environment\/","title":{"rendered":"For a respectful and inclusive environment"},"content":{"rendered":"<div class=\"fusion-fullwidth fullwidth-box fusion-builder-row-1 fusion-flex-container nonhundred-percent-fullwidth non-hundred-percent-height-scrolling\" style=\"--awb-border-radius-top-left:0px;--awb-border-radius-top-right:0px;--awb-border-radius-bottom-right:0px;--awb-border-radius-bottom-left:0px;--awb-padding-right:0px;--awb-padding-left:0px;--awb-flex-wrap:wrap;\" ><div class=\"fusion-builder-row fusion-row fusion-flex-align-items-flex-start fusion-flex-content-wrap\" style=\"max-width:1420.64px;margin-left: calc(-4% \/ 2 );margin-right: calc(-4% \/ 2 );\"><div class=\"fusion-layout-column fusion_builder_column fusion-builder-column-0 fusion_builder_column_2_3 2_3 fusion-flex-column\" style=\"--awb-bg-size:cover;--awb-width-large:66.666666666667%;--awb-margin-top-large:0px;--awb-spacing-right-large:2.88%;--awb-margin-bottom-large:20px;--awb-spacing-left-large:2.88%;--awb-width-medium:66.666666666667%;--awb-order-medium:0;--awb-spacing-right-medium:2.88%;--awb-spacing-left-medium:2.88%;--awb-width-small:100%;--awb-order-small:2;--awb-spacing-right-small:1.92%;--awb-spacing-left-small:1.92%;\"><div class=\"fusion-column-wrapper fusion-column-has-shadow fusion-flex-justify-content-flex-start fusion-content-layout-column\"><div class=\"fusion-text fusion-text-1\"><h1 class=\"p1\">For a respectful and inclusive environment<\/h1>\n<p class=\"p1\">The CRM is committed to creating a safe environment and to providing an open, inclusive and respectful living, research and working environment. It adheres to the Universit\u00e9 de Montr\u00e9al&#8217;s\u00a0<a href=\"https:\/\/secretariatgeneral.umontreal.ca\/public\/secretariatgeneral\/documents\/doc_officiels\/reglements\/administration\/adm10_57_politique_VACS.pdf\"><span class=\"s1\">Policy to prevent and combat sexual misconduct and violence<\/span><\/a> and to its frame of reference. Visitors of the CRM and its event participants must be aware of this commitment and their responsibilities and behave respectfully towards others.<\/p>\n<p><strong>What to do if you are being harassed?<\/strong> The <span class=\"s1\"><a href=\"https:\/\/respect.umontreal.ca\/accueil\/\">Bureau du respect de la personne<\/a> <\/span>is the point of contact for anyone affected by harassment, sexual violence, discrimination or racism, and for reporting or filing a complaint.<\/p>\n<p>The University provides its community with security and emergency measures to counter sexual misconduct and violence. Security agents of the<a href=\"https:\/\/dps.umontreal.ca\/divisions\/surete\/\"><em> S\u00fbret\u00e9 team<\/em><\/a> from the <a href=\"https:\/\/dps.umontreal.ca\/accueil\/\"><em>Direction de la pr\u00e9vention et de la s\u00e9curit\u00e9<\/em><\/a>, are present everywhere on campus and can be reached at <strong>514 343-7771<\/strong>, 24 hours a day, seven days a week.<\/p>\n<p>Anyone who is a victim, witness or affected by an incident can meet with the Bureau du respect de la personne on a confidential basis, with no statute of limitations. Here are the options available:<\/p>\n<p>\u00a0<a href=\"https:\/\/www.crmath.ca\/wp-content\/uploads\/2024\/10\/traduction-en-anglais.pdf\"><img decoding=\"async\" class=\"lazyload aligncenter wp-image-15621 size-large\" src=\"https:\/\/www.crmath.ca\/wp-content\/uploads\/2024\/10\/traduction-en-anglais-1024x576.jpg\" data-orig-src=\"https:\/\/www.crmath.ca\/wp-content\/uploads\/2024\/10\/traduction-en-anglais-1024x576.jpg\" alt=\"\" width=\"1024\" height=\"576\" srcset=\"data:image\/svg+xml,%3Csvg%20xmlns%3D%27http%3A%2F%2Fwww.w3.org%2F2000%2Fsvg%27%20width%3D%271024%27%20height%3D%27576%27%20viewBox%3D%270%200%201024%20576%27%3E%3Crect%20width%3D%271024%27%20height%3D%27576%27%20fill-opacity%3D%220%22%2F%3E%3C%2Fsvg%3E\" data-srcset=\"https:\/\/www.crmath.ca\/wp-content\/uploads\/2024\/10\/traduction-en-anglais-200x113.jpg 200w, https:\/\/www.crmath.ca\/wp-content\/uploads\/2024\/10\/traduction-en-anglais-300x169.jpg 300w, https:\/\/www.crmath.ca\/wp-content\/uploads\/2024\/10\/traduction-en-anglais-400x225.jpg 400w, https:\/\/www.crmath.ca\/wp-content\/uploads\/2024\/10\/traduction-en-anglais-600x338.jpg 600w, https:\/\/www.crmath.ca\/wp-content\/uploads\/2024\/10\/traduction-en-anglais-768x432.jpg 768w, https:\/\/www.crmath.ca\/wp-content\/uploads\/2024\/10\/traduction-en-anglais-800x450.jpg 800w, https:\/\/www.crmath.ca\/wp-content\/uploads\/2024\/10\/traduction-en-anglais-1024x576.jpg 1024w, https:\/\/www.crmath.ca\/wp-content\/uploads\/2024\/10\/traduction-en-anglais-1200x675.jpg 1200w, https:\/\/www.crmath.ca\/wp-content\/uploads\/2024\/10\/traduction-en-anglais-1536x864.jpg 1536w, https:\/\/www.crmath.ca\/wp-content\/uploads\/2024\/10\/traduction-en-anglais.jpg 1920w\" data-sizes=\"auto\" data-orig-sizes=\"(max-width: 1024px) 100vw, 1024px\" \/><\/a><\/p>\n<p>\u00a0<\/p>\n<\/div><\/div><\/div><div class=\"fusion-layout-column fusion_builder_column fusion-builder-column-1 fusion_builder_column_1_3 1_3 fusion-flex-column\" style=\"--awb-bg-size:cover;--awb-width-large:33.333333333333%;--awb-margin-top-large:0px;--awb-spacing-right-large:5.76%;--awb-margin-bottom-large:20px;--awb-spacing-left-large:5.76%;--awb-width-medium:33.333333333333%;--awb-order-medium:0;--awb-spacing-right-medium:5.76%;--awb-spacing-left-medium:5.76%;--awb-width-small:100%;--awb-order-small:0;--awb-spacing-right-small:1.92%;--awb-spacing-left-small:1.92%;\"><div class=\"fusion-column-wrapper fusion-column-has-shadow fusion-flex-justify-content-flex-start fusion-content-layout-column\"><div class=\"fusion-image-element \" style=\"--awb-caption-title-font-family:var(--h2_typography-font-family);--awb-caption-title-font-weight:var(--h2_typography-font-weight);--awb-caption-title-font-style:var(--h2_typography-font-style);--awb-caption-title-size:var(--h2_typography-font-size);--awb-caption-title-transform:var(--h2_typography-text-transform);--awb-caption-title-line-height:var(--h2_typography-line-height);--awb-caption-title-letter-spacing:var(--h2_typography-letter-spacing);\"><span class=\" fusion-imageframe imageframe-none imageframe-1 hover-type-none\"><img decoding=\"async\" width=\"900\" height=\"660\" title=\"stop\" src=\"https:\/\/www.crmath.ca\/wp-content\/uploads\/2021\/11\/stop.jpg\" data-orig-src=\"https:\/\/www.crmath.ca\/wp-content\/uploads\/2021\/11\/stop.jpg\" alt class=\"lazyload img-responsive wp-image-4129\" srcset=\"data:image\/svg+xml,%3Csvg%20xmlns%3D%27http%3A%2F%2Fwww.w3.org%2F2000%2Fsvg%27%20width%3D%27900%27%20height%3D%27660%27%20viewBox%3D%270%200%20900%20660%27%3E%3Crect%20width%3D%27900%27%20height%3D%27660%27%20fill-opacity%3D%220%22%2F%3E%3C%2Fsvg%3E\" data-srcset=\"https:\/\/www.crmath.ca\/wp-content\/uploads\/2021\/11\/stop-200x147.jpg 200w, https:\/\/www.crmath.ca\/wp-content\/uploads\/2021\/11\/stop-400x293.jpg 400w, https:\/\/www.crmath.ca\/wp-content\/uploads\/2021\/11\/stop-600x440.jpg 600w, https:\/\/www.crmath.ca\/wp-content\/uploads\/2021\/11\/stop-800x587.jpg 800w, https:\/\/www.crmath.ca\/wp-content\/uploads\/2021\/11\/stop.jpg 900w\" data-sizes=\"auto\" data-orig-sizes=\"(max-width: 1234px) 100vw, 600px\" \/><\/span><\/div><\/div><\/div><\/div><\/div>\n","protected":false},"excerpt":{"rendered":"","protected":false},"author":2,"featured_media":0,"parent":4202,"menu_order":0,"comment_status":"closed","ping_status":"closed","template":"","meta":{"inline_featured_image":false,"footnotes":""},"class_list":["post-4214","page","type-page","status-publish","hentry"],"_links":{"self":[{"href":"https:\/\/www.crmath.ca\/en\/wp-json\/wp\/v2\/pages\/4214","targetHints":{"allow":["GET"]}}],"collection":[{"href":"https:\/\/www.crmath.ca\/en\/wp-json\/wp\/v2\/pages"}],"about":[{"href":"https:\/\/www.crmath.ca\/en\/wp-json\/wp\/v2\/types\/page"}],"author":[{"embeddable":true,"href":"https:\/\/www.crmath.ca\/en\/wp-json\/wp\/v2\/users\/2"}],"replies":[{"embeddable":true,"href":"https:\/\/www.crmath.ca\/en\/wp-json\/wp\/v2\/comments?post=4214"}],"version-history":[{"count":9,"href":"https:\/\/www.crmath.ca\/en\/wp-json\/wp\/v2\/pages\/4214\/revisions"}],"predecessor-version":[{"id":15625,"href":"https:\/\/www.crmath.ca\/en\/wp-json\/wp\/v2\/pages\/4214\/revisions\/15625"}],"up":[{"embeddable":true,"href":"https:\/\/www.crmath.ca\/en\/wp-json\/wp\/v2\/pages\/4202"}],"wp:attachment":[{"href":"https:\/\/www.crmath.ca\/en\/wp-json\/wp\/v2\/media?parent=4214"}],"curies":[{"name":"wp","href":"https:\/\/api.w.org\/{rel}","templated":true}]}}