{"id":4210,"date":"2021-11-02T12:48:47","date_gmt":"2021-11-02T16:48:47","guid":{"rendered":"https:\/\/www.crmath.ca\/?page_id=4210"},"modified":"2022-10-06T15:42:18","modified_gmt":"2022-10-06T19:42:18","slug":"useful-mathematical-links","status":"publish","type":"page","link":"https:\/\/www.crmath.ca\/en\/resources\/useful-mathematical-links\/","title":{"rendered":"Useful mathematical links"},"content":{"rendered":"<div class=\"fusion-fullwidth fullwidth-box fusion-builder-row-1 fusion-flex-container nonhundred-percent-fullwidth non-hundred-percent-height-scrolling\" style=\"--awb-border-radius-top-left:0px;--awb-border-radius-top-right:0px;--awb-border-radius-bottom-right:0px;--awb-border-radius-bottom-left:0px;--awb-padding-right:0px;--awb-padding-left:0px;--awb-flex-wrap:wrap;\" ><div class=\"fusion-builder-row fusion-row fusion-flex-align-items-flex-start fusion-flex-content-wrap\" style=\"max-width:1420.64px;margin-left: calc(-4% \/ 2 );margin-right: calc(-4% \/ 2 );\"><div class=\"fusion-layout-column fusion_builder_column fusion-builder-column-0 fusion_builder_column_2_3 2_3 fusion-flex-column\" style=\"--awb-bg-size:cover;--awb-width-large:66.666666666667%;--awb-margin-top-large:0px;--awb-spacing-right-large:2.88%;--awb-margin-bottom-large:20px;--awb-spacing-left-large:2.88%;--awb-width-medium:66.666666666667%;--awb-order-medium:0;--awb-spacing-right-medium:2.88%;--awb-spacing-left-medium:2.88%;--awb-width-small:100%;--awb-order-small:2;--awb-spacing-right-small:1.92%;--awb-spacing-left-small:1.92%;\"><div class=\"fusion-column-wrapper fusion-column-has-shadow fusion-flex-justify-content-flex-start fusion-content-layout-column\"><div class=\"fusion-text fusion-text-1\"><h1 class=\"p1\">Useful mathematical links<\/h1>\n<h4 class=\"p1\"><span class=\"s1\">Qu\u00e9bec<\/span><\/h4>\n<p class=\"p2\"><span class=\"s2\"><a href=\"https:\/\/www.amq.math.ca\/\" target=\"_blank\" rel=\"noopener\">Association Math\u00e9matique du Qu\u00e9bec (AMQ)<\/a><\/span><span class=\"s3\"><span class=\"Apple-converted-space\">\u00a0<\/span><\/span><\/p>\n<p class=\"p2\"><span class=\"s2\"><a href=\"http:\/\/www.cirano.qc.ca\/\" target=\"_blank\" rel=\"noopener\">Centre Interuniversitaire de Recherche en Analyse des Organisations (CIRANO)<\/a><\/span><span class=\"s3\"><span class=\"Apple-converted-space\">\u00a0<\/span><\/span><\/p>\n<p class=\"p2\"><span class=\"s2\"><a href=\"http:\/\/www.dms.umontreal.ca\/\" target=\"_blank\" rel=\"noopener\">D\u00e9partement de math\u00e9matiques et de statistique (DMS)<\/a><\/span><span class=\"s3\">, Universit\u00e9 de Montr\u00e9al<span class=\"Apple-converted-space\">\u00a0<\/span><\/span><\/p>\n<p class=\"p1\"><span class=\"s4\"><a href=\"http:\/\/www.math.uqam.ca\/\" target=\"_blank\" rel=\"noopener\">D\u00e9partement de math\u00e9matiques<\/a><\/span><span class=\"s1\">, Universit\u00e9 du Qu\u00e9bec \u00e0 Montr\u00e9al (UQAM)<span class=\"Apple-converted-space\">\u00a0<\/span><\/span><\/p>\n<p class=\"p2\"><span class=\"s2\"><a href=\"http:\/\/www.usherbrooke.ca\/mathematiques\/\" target=\"_blank\" rel=\"noopener\">D\u00e9partement de math\u00e9matiques<\/a><\/span><span class=\"s3\">, Universit\u00e9 de Sherbrooke<span class=\"Apple-converted-space\">\u00a0<\/span><\/span><\/p>\n<p class=\"p2\"><span class=\"s2\"><a href=\"http:\/\/www.math.mcgill.ca\/\" target=\"_blank\" rel=\"noopener\">Department of Mathematics and Statistics<\/a><\/span><span class=\"s3\">, McGill University<\/span><\/p>\n<p class=\"p2\"><span class=\"s2\"><a href=\"http:\/\/www.mat.ulaval.ca\/\" target=\"_blank\" rel=\"noopener\">D\u00e9partement de math\u00e9matiques et de statistique<\/a><\/span><span class=\"s3\">, Universit\u00e9 Laval<span class=\"Apple-converted-space\">\u00a0<\/span><\/span><\/p>\n<p class=\"p2\"><span class=\"s2\"><a href=\"http:\/\/www.magi.polymtl.ca\/\" target=\"_blank\" rel=\"noopener\">D\u00e9partement de math\u00e9matiques et de g\u00e9nie industriel<\/a><\/span><span class=\"s3\">, \u00c9cole Polytechnique.<span class=\"Apple-converted-space\">\u00a0<\/span><\/span><\/p>\n<p class=\"p2\"><span class=\"s2\"><a href=\"https:\/\/www.concordia.ca\/artsci\/math-stats.html\" target=\"_blank\" rel=\"noopener\">Department of Mathematics and Statistics<\/a><\/span><span class=\"s3\">, Concordia University<\/span><\/p>\n<p><span class=\"s2\"><a href=\"https:\/\/www.gerad.ca\/fr\/about\" target=\"_blank\" rel=\"noopener\">Groupe d&#8217;\u00e9tudes et de recherche en analyse des d\u00e9cisions (GERAD)<\/a><\/span><\/p>\n<p class=\"p2\"><span class=\"s2\"><a href=\"http:\/\/ism.uqam.ca\/accueil\/?language=fr\" target=\"_blank\" rel=\"noopener\">Institut des sciences math\u00e9matiques (ISM)<\/a><\/span><span class=\"s3\"><span class=\"Apple-converted-space\">\u00a0<\/span><\/span><\/p>\n<hr \/>\n<h4 class=\"p1\"><span class=\"s1\">Canada<\/span><\/h4>\n<p class=\"p2\"><span class=\"s2\"><a href=\"http:\/\/www.aarms.math.ca\/\" target=\"_blank\" rel=\"noopener\">Atlantic Association for Research in the Mathematical Sciences (AARMS)<\/a><\/span><\/p>\n<p class=\"p2\"><span class=\"s2\"><a href=\"http:\/\/www.birs.ca\/\" target=\"_blank\" rel=\"noopener\">Banff International Research Station (BIRS)<\/a><\/span><\/p>\n<p><span class=\"s2\"><a href=\"https:\/\/caims.ca\/\" target=\"_blank\" rel=\"noopener\">Canadian Applied and Industrial Mathematics Society (CAIMS)<\/a><\/span><\/p>\n<p class=\"p2\"><span class=\"s2\"><a href=\"http:\/\/www.cap.ca\/\" target=\"_blank\" rel=\"noopener\">Canadian Association of Physicists (CAP)<\/a><\/span><\/p>\n<p><a href=\"https:\/\/www.canssi.ca\/\" target=\"_blank\" rel=\"noopener\">Canadian Statistical Sciences Institute (CANSSI)<\/a><\/p>\n<p class=\"p2\"><span class=\"s2\"><a href=\"https:\/\/cms.math.ca\/\" target=\"_blank\" rel=\"noopener\">Canadian Mathematical Society<span class=\"s3\"><span class=\"Apple-converted-space\"> (CMS)<\/span><\/span><\/a><\/span><\/p>\n<p class=\"p2\"><span class=\"s2\"><a href=\"http:\/\/www.cecm.sfu.ca\/\" target=\"_blank\" rel=\"noopener\">Centre for Experimental and Constructive Mathematics (CECM)<\/a><\/span><span class=\"s3\">, Simon Fraser University<\/span><\/p>\n<p class=\"p2\"><span class=\"s2\"><a href=\"http:\/\/www.fields.utoronto.ca\/\" target=\"_blank\" rel=\"noopener\">Fields Institute for Research in Mathematical Sciences<\/a><\/span><span class=\"s3\"><span class=\"Apple-converted-space\">\u00a0<\/span><\/span><\/p>\n<p class=\"p2\"><span class=\"s2\"><a href=\"https:\/\/www.mitacs.ca\/en\" target=\"_blank\" rel=\"noopener\">MITACS<\/a><\/span><\/p>\n<p class=\"p1\"><span class=\"s1\"><a href=\"https:\/\/nrc.canada.ca\/en\" target=\"_blank\" rel=\"noopener\">National Research Council Canada (NRCC)<\/a><\/span><\/p>\n<p class=\"p2\"><span class=\"s2\"><a href=\"https:\/\/www.nserc-crsng.gc.ca\/index_eng.asp\" target=\"_blank\" rel=\"noopener\">Natural Sciences and Engineering Research Council of Canada<span class=\"s3\"><span class=\"Apple-converted-space\"> (NSERC)<\/span><\/span><\/a><\/span><\/p>\n<p class=\"p2\"><span class=\"s2\"><a href=\"http:\/\/www.pims.math.ca\/\" target=\"_blank\" rel=\"noopener\">Pacific Institute for the Mathematical Sciences (PIMS)<\/a><\/span><span class=\"s3\"><span class=\"Apple-converted-space\">\u00a0<\/span><\/span><\/p>\n<p class=\"p2\"><span class=\"s2\"><a href=\"http:\/\/www.ssc.ca\/\" target=\"_blank\" rel=\"noopener\">Statistical Society of Canada (SSC)<\/a><\/span><\/p>\n<\/div><\/div><\/div><div class=\"fusion-layout-column fusion_builder_column fusion-builder-column-1 fusion_builder_column_1_3 1_3 fusion-flex-column\" style=\"--awb-bg-size:cover;--awb-width-large:33.333333333333%;--awb-margin-top-large:0px;--awb-spacing-right-large:5.76%;--awb-margin-bottom-large:20px;--awb-spacing-left-large:5.76%;--awb-width-medium:33.333333333333%;--awb-order-medium:0;--awb-spacing-right-medium:5.76%;--awb-spacing-left-medium:5.76%;--awb-width-small:100%;--awb-order-small:0;--awb-spacing-right-small:1.92%;--awb-spacing-left-small:1.92%;\"><div class=\"fusion-column-wrapper fusion-column-has-shadow fusion-flex-justify-content-flex-start fusion-content-layout-column\"><div class=\"fusion-image-element \" style=\"--awb-caption-title-font-family:var(--h2_typography-font-family);--awb-caption-title-font-weight:var(--h2_typography-font-weight);--awb-caption-title-font-style:var(--h2_typography-font-style);--awb-caption-title-size:var(--h2_typography-font-size);--awb-caption-title-transform:var(--h2_typography-text-transform);--awb-caption-title-line-height:var(--h2_typography-line-height);--awb-caption-title-letter-spacing:var(--h2_typography-letter-spacing);\"><span class=\" fusion-imageframe imageframe-none imageframe-1 hover-type-none\"><img decoding=\"async\" width=\"591\" height=\"600\" title=\"math\" src=\"https:\/\/www.crmath.ca\/wp-content\/uploads\/2021\/11\/math.jpg\" data-orig-src=\"https:\/\/www.crmath.ca\/wp-content\/uploads\/2021\/11\/math.jpg\" alt class=\"lazyload img-responsive wp-image-4120\" srcset=\"data:image\/svg+xml,%3Csvg%20xmlns%3D%27http%3A%2F%2Fwww.w3.org%2F2000%2Fsvg%27%20width%3D%27591%27%20height%3D%27600%27%20viewBox%3D%270%200%20591%20600%27%3E%3Crect%20width%3D%27591%27%20height%3D%27600%27%20fill-opacity%3D%220%22%2F%3E%3C%2Fsvg%3E\" data-srcset=\"https:\/\/www.crmath.ca\/wp-content\/uploads\/2021\/11\/math-200x203.jpg 200w, https:\/\/www.crmath.ca\/wp-content\/uploads\/2021\/11\/math-400x406.jpg 400w, https:\/\/www.crmath.ca\/wp-content\/uploads\/2021\/11\/math.jpg 591w\" data-sizes=\"auto\" data-orig-sizes=\"(max-width: 1234px) 100vw, 591px\" \/><\/span><\/div><\/div><\/div><\/div><\/div>\n","protected":false},"excerpt":{"rendered":"","protected":false},"author":2,"featured_media":0,"parent":4202,"menu_order":0,"comment_status":"closed","ping_status":"closed","template":"","meta":{"inline_featured_image":false,"footnotes":""},"class_list":["post-4210","page","type-page","status-publish","hentry"],"_links":{"self":[{"href":"https:\/\/www.crmath.ca\/en\/wp-json\/wp\/v2\/pages\/4210","targetHints":{"allow":["GET"]}}],"collection":[{"href":"https:\/\/www.crmath.ca\/en\/wp-json\/wp\/v2\/pages"}],"about":[{"href":"https:\/\/www.crmath.ca\/en\/wp-json\/wp\/v2\/types\/page"}],"author":[{"embeddable":true,"href":"https:\/\/www.crmath.ca\/en\/wp-json\/wp\/v2\/users\/2"}],"replies":[{"embeddable":true,"href":"https:\/\/www.crmath.ca\/en\/wp-json\/wp\/v2\/comments?post=4210"}],"version-history":[{"count":5,"href":"https:\/\/www.crmath.ca\/en\/wp-json\/wp\/v2\/pages\/4210\/revisions"}],"predecessor-version":[{"id":6897,"href":"https:\/\/www.crmath.ca\/en\/wp-json\/wp\/v2\/pages\/4210\/revisions\/6897"}],"up":[{"embeddable":true,"href":"https:\/\/www.crmath.ca\/en\/wp-json\/wp\/v2\/pages\/4202"}],"wp:attachment":[{"href":"https:\/\/www.crmath.ca\/en\/wp-json\/wp\/v2\/media?parent=4210"}],"curies":[{"name":"wp","href":"https:\/\/api.w.org\/{rel}","templated":true}]}}