{"id":4208,"date":"2021-11-02T12:48:22","date_gmt":"2021-11-02T16:48:22","guid":{"rendered":"https:\/\/www.crmath.ca\/?page_id=4208"},"modified":"2022-06-30T14:38:01","modified_gmt":"2022-06-30T18:38:01","slug":"migration-formalities-and-other-useful-information-for-visitors","status":"publish","type":"page","link":"https:\/\/www.crmath.ca\/en\/resources\/migration-formalities-and-other-useful-information-for-visitors\/","title":{"rendered":"Migration formalities and other useful information for visitors"},"content":{"rendered":"<div class=\"fusion-fullwidth fullwidth-box fusion-builder-row-1 fusion-flex-container nonhundred-percent-fullwidth non-hundred-percent-height-scrolling\" style=\"--awb-border-radius-top-left:0px;--awb-border-radius-top-right:0px;--awb-border-radius-bottom-right:0px;--awb-border-radius-bottom-left:0px;--awb-padding-right:0px;--awb-padding-left:0px;--awb-flex-wrap:wrap;\" ><div class=\"fusion-builder-row fusion-row fusion-flex-align-items-flex-start fusion-flex-content-wrap\" style=\"max-width:1420.64px;margin-left: calc(-4% \/ 2 );margin-right: calc(-4% \/ 2 );\"><div class=\"fusion-layout-column fusion_builder_column fusion-builder-column-0 fusion_builder_column_2_3 2_3 fusion-flex-column\" style=\"--awb-bg-size:cover;--awb-width-large:66.666666666667%;--awb-margin-top-large:0px;--awb-spacing-right-large:2.88%;--awb-margin-bottom-large:20px;--awb-spacing-left-large:2.88%;--awb-width-medium:66.666666666667%;--awb-order-medium:0;--awb-spacing-right-medium:2.88%;--awb-spacing-left-medium:2.88%;--awb-width-small:100%;--awb-order-small:2;--awb-spacing-right-small:1.92%;--awb-spacing-left-small:1.92%;\"><div class=\"fusion-column-wrapper fusion-column-has-shadow fusion-flex-justify-content-flex-start fusion-content-layout-column\"><div class=\"fusion-text fusion-text-1\"><h1 class=\"p1\">Migration formalities and other useful information for visitors<\/h1>\n<p class=\"p1\"><span class=\"s1\">All foreign visitors must have a valid passport to enter Canada. For visits of longer duration a work permit will be required. Depending on their nationality, some visitors will also need a visa to enter Canada. Immigration procedures can take some time, so it is important to contact the Canadian embassy or consulate closest to your place of residence. U.S. citizens must bring with them proof of citizenship (birth certificate, passport or voter registration card).<\/span><\/p>\n<p class=\"p1\"><span class=\"s1\">Please note that visitors with school-age children must obtain a work permit in order to enroll their children in public school.<\/span><\/p>\n<p class=\"p3\"><span class=\"s2\">More details for postdoctoral fellows and visiting researchers who are not Canadian residents are available on the web page<\/span><span class=\"s3\"> \u201c<\/span><a href=\"https:\/\/www.crmath.ca\/en\/fellowships-and-visitors\/apply-and-useful-information\/\"><span class=\"s4\">Apply and useful information<\/span><\/a><span class=\"s3\">\u201d. <span class=\"s2\">Important information is also available on the webpages of the <a href=\"http:\/\/www.bei.umontreal.ca\/bei\/form_info.htm\" target=\"_blank\" rel=\"noopener\">Bureau des \u00e9tudiants internationaux<\/a>.<\/span><br \/>\n<\/span><\/p>\n<h3>Health Insurance<\/h3>\n<p>Visitors are responsible for their liability insurance during their stay in Canada. If your visit lasts more than 182 you may be eligible to the provincial health insurance of the <span class=\"details\"><a href=\"http:\/\/www.ramq.gouv.qc.ca\/index_en.shtml\">R\u00e9gie de l&#8217;assurance maladie du Qu\u00e9bec<\/a><\/span>. If you are eligible, coverage is limited. Therefore we suggest that you contact Canadian embassies or consulates for further information concerning health coverage that you need in Canada.<\/p>\n<h3 class=\"p1\">Miscellaneous information for visitors<\/h3>\n<div><a href=\"https:\/\/sossitter.ca\/\">SOS Sitter &#8211; Find a babysitter in your area<\/a><\/div>\n<p class=\"p1\"><a href=\"https:\/\/crgm.ca\/\" target=\"_blank\" rel=\"noopener\"><span class=\"s1\">Le <\/span><span class=\"s5\">Centre de r\u00e9f\u00e9rence du Grand Montr\u00e9al <\/span><\/a>&#8211; Informs and guides free of charge to community resources<\/p>\n<p class=\"p4\"><a href=\"https:\/\/www.babysits.ca\/\" target=\"_blank\" rel=\"noopener\"><span class=\"s1\">\u00a0Child care services<\/span><\/a><\/p>\n<div><a href=\"https:\/\/www.jechoisismontreal.com\/en\/living-in-montreal\/\">I choose Montr\u00e9al<\/a><\/div>\n<div><\/div>\n<div>\n<div><a href=\"https:\/\/immigrantquebec.com\/fr\/reussir\/vivre-a-montreal\">Living in Montr\u00e9al<\/a><\/div>\n<div><\/div>\n<div><\/div>\n<\/div>\n<div><\/div>\n<\/div><\/div><\/div><div class=\"fusion-layout-column fusion_builder_column fusion-builder-column-1 fusion_builder_column_1_3 1_3 fusion-flex-column\" style=\"--awb-bg-size:cover;--awb-width-large:33.333333333333%;--awb-margin-top-large:0px;--awb-spacing-right-large:5.76%;--awb-margin-bottom-large:20px;--awb-spacing-left-large:5.76%;--awb-width-medium:33.333333333333%;--awb-order-medium:0;--awb-spacing-right-medium:5.76%;--awb-spacing-left-medium:5.76%;--awb-width-small:100%;--awb-order-small:0;--awb-spacing-right-small:1.92%;--awb-spacing-left-small:1.92%;\"><div class=\"fusion-column-wrapper fusion-column-has-shadow fusion-flex-justify-content-flex-start fusion-content-layout-column\"><div class=\"fusion-image-element \" style=\"--awb-caption-title-font-family:var(--h2_typography-font-family);--awb-caption-title-font-weight:var(--h2_typography-font-weight);--awb-caption-title-font-style:var(--h2_typography-font-style);--awb-caption-title-size:var(--h2_typography-font-size);--awb-caption-title-transform:var(--h2_typography-text-transform);--awb-caption-title-line-height:var(--h2_typography-line-height);--awb-caption-title-letter-spacing:var(--h2_typography-letter-spacing);\"><span class=\" fusion-imageframe imageframe-none imageframe-1 hover-type-none\"><img decoding=\"async\" width=\"800\" height=\"600\" title=\"passeport\" src=\"https:\/\/www.crmath.ca\/wp-content\/uploads\/2021\/11\/passeport.jpg\" data-orig-src=\"https:\/\/www.crmath.ca\/wp-content\/uploads\/2021\/11\/passeport.jpg\" alt class=\"lazyload img-responsive wp-image-4114\" srcset=\"data:image\/svg+xml,%3Csvg%20xmlns%3D%27http%3A%2F%2Fwww.w3.org%2F2000%2Fsvg%27%20width%3D%27800%27%20height%3D%27600%27%20viewBox%3D%270%200%20800%20600%27%3E%3Crect%20width%3D%27800%27%20height%3D%27600%27%20fill-opacity%3D%220%22%2F%3E%3C%2Fsvg%3E\" data-srcset=\"https:\/\/www.crmath.ca\/wp-content\/uploads\/2021\/11\/passeport-200x150.jpg 200w, https:\/\/www.crmath.ca\/wp-content\/uploads\/2021\/11\/passeport-400x300.jpg 400w, https:\/\/www.crmath.ca\/wp-content\/uploads\/2021\/11\/passeport-600x450.jpg 600w, https:\/\/www.crmath.ca\/wp-content\/uploads\/2021\/11\/passeport.jpg 800w\" data-sizes=\"auto\" data-orig-sizes=\"(max-width: 1234px) 100vw, 600px\" \/><\/span><\/div><\/div><\/div><\/div><\/div>\n","protected":false},"excerpt":{"rendered":"","protected":false},"author":2,"featured_media":0,"parent":4202,"menu_order":0,"comment_status":"closed","ping_status":"closed","template":"","meta":{"inline_featured_image":false,"footnotes":""},"class_list":["post-4208","page","type-page","status-publish","hentry"],"_links":{"self":[{"href":"https:\/\/www.crmath.ca\/en\/wp-json\/wp\/v2\/pages\/4208","targetHints":{"allow":["GET"]}}],"collection":[{"href":"https:\/\/www.crmath.ca\/en\/wp-json\/wp\/v2\/pages"}],"about":[{"href":"https:\/\/www.crmath.ca\/en\/wp-json\/wp\/v2\/types\/page"}],"author":[{"embeddable":true,"href":"https:\/\/www.crmath.ca\/en\/wp-json\/wp\/v2\/users\/2"}],"replies":[{"embeddable":true,"href":"https:\/\/www.crmath.ca\/en\/wp-json\/wp\/v2\/comments?post=4208"}],"version-history":[{"count":5,"href":"https:\/\/www.crmath.ca\/en\/wp-json\/wp\/v2\/pages\/4208\/revisions"}],"predecessor-version":[{"id":6348,"href":"https:\/\/www.crmath.ca\/en\/wp-json\/wp\/v2\/pages\/4208\/revisions\/6348"}],"up":[{"embeddable":true,"href":"https:\/\/www.crmath.ca\/en\/wp-json\/wp\/v2\/pages\/4202"}],"wp:attachment":[{"href":"https:\/\/www.crmath.ca\/en\/wp-json\/wp\/v2\/media?parent=4208"}],"curies":[{"name":"wp","href":"https:\/\/api.w.org\/{rel}","templated":true}]}}