{"id":4204,"date":"2021-11-02T12:47:25","date_gmt":"2021-11-02T16:47:25","guid":{"rendered":"https:\/\/www.crmath.ca\/?page_id=4204"},"modified":"2024-06-06T08:34:00","modified_gmt":"2024-06-06T12:34:00","slug":"how-to-get-to-the-crm","status":"publish","type":"page","link":"https:\/\/www.crmath.ca\/en\/resources\/how-to-get-to-the-crm\/","title":{"rendered":"How to get to the CRM"},"content":{"rendered":"<div class=\"fusion-fullwidth fullwidth-box fusion-builder-row-1 fusion-flex-container nonhundred-percent-fullwidth non-hundred-percent-height-scrolling\" style=\"--awb-border-radius-top-left:0px;--awb-border-radius-top-right:0px;--awb-border-radius-bottom-right:0px;--awb-border-radius-bottom-left:0px;--awb-padding-right:0px;--awb-padding-left:0px;--awb-flex-wrap:wrap;\" ><div class=\"fusion-builder-row fusion-row fusion-flex-align-items-flex-start fusion-flex-content-wrap\" style=\"max-width:1420.64px;margin-left: calc(-4% \/ 2 );margin-right: calc(-4% \/ 2 );\"><div class=\"fusion-layout-column fusion_builder_column fusion-builder-column-0 fusion_builder_column_2_3 2_3 fusion-flex-column\" style=\"--awb-bg-size:cover;--awb-width-large:66.666666666667%;--awb-margin-top-large:0px;--awb-spacing-right-large:2.88%;--awb-margin-bottom-large:20px;--awb-spacing-left-large:2.88%;--awb-width-medium:66.666666666667%;--awb-order-medium:0;--awb-spacing-right-medium:2.88%;--awb-spacing-left-medium:2.88%;--awb-width-small:100%;--awb-order-small:2;--awb-spacing-right-small:1.92%;--awb-spacing-left-small:1.92%;\"><div class=\"fusion-column-wrapper fusion-column-has-shadow fusion-flex-justify-content-flex-start fusion-content-layout-column\"><div class=\"fusion-text fusion-text-1\"><h1 class=\"p1\">How to get to the CRM<\/h1>\n<p class=\"p1\"><span class=\"s1\">The Centre de recherches math\u00e9matiques is located at Pavillon Andr\u00e9-Aisenstadt, 2920, Chemin de la tour, 5th floor, Universit\u00e9 de Montr\u00e9al.<br \/>\n<a href=\"https:\/\/plancampus.umontreal.ca\/public\/plancampus\/carte_imprimable\/plan-campusJUILLET2018HR.pdf\">Campus map<\/a> (nb. 19)<\/span><\/p>\n<h3 class=\"p3\">CRM secretariat<\/h3>\n<p class=\"p1\"><span class=\"s1\">Room 5357 at Pavillon Andr\u00e9-Aisenstadt.<\/span><span class=\"s1\"><br \/>\n<\/span><\/p>\n<h3 class=\"p3\">Main emails<\/h3>\n<ul>\n<li class=\"p1\"><span class=\"s1\">General<\/span>: <a href=\"mailto:CRM@CRM.UMontreal.CA\"><span class=\"s4\">CRM@CRM.UMontreal.CA<\/span><\/a><span class=\"Apple-converted-space\">\u00a0<\/span><\/li>\n<li class=\"p1\"><span class=\"s1\">Scientific activities<\/span>: <a href=\"mailto:activites@CRM.UMontreal.CA\"><span class=\"s6\">activites@CRM.UMontreal.CA<\/span><\/a><\/li>\n<li class=\"p1\"><span class=\"s1\">Webmaster<\/span>: <a href=\"mailto:webmestre@CRM.UMontreal.CA\"><span class=\"s6\">webmestre@CRM.UMontreal.CA<\/span><\/a><\/li>\n<\/ul>\n<h3 class=\"p6\">Getting to the CRM by metro<\/h3>\n<p class=\"p6\">Universit\u00e9 de Montr\u00e9al station (blue line)<br \/>\n<a href=\"https:\/\/www.stm.info\/en\/info\/networks\/metro\" target=\"_blank\" rel=\"noopener\">Montr\u00e9al Metro<\/a><\/p>\n<h3 class=\"p3\">Getting to the CRM from the airport<\/h3>\n<p class=\"p1\"><span class=\"s1\">All passenger flights arrive at <\/span><a href=\"https:\/\/www.admtl.com\/en\" target=\"_blank\" rel=\"noopener\"><span class=\"s2\">Montr\u00e9al-Trudeau airport<\/span><\/a><span class=\"s1\">. Airport taxis to your hotel or to the CRM cost approximately $40. It is also possible to take a shuttle bus (<\/span><a href=\"https:\/\/www.admtl.com\/en\/access\/transports\/buses-747-express\" target=\"_blank\" rel=\"noopener\"><span class=\"s4\">747 Express Bus<\/span><\/a><span class=\"s1\">) from the Montr\u00e9al-Trudeau airport to downtown Montr\u00e9al (one-way : $10.00\/adult includes 24-hour subway\/bus pass in Montreal). <\/span><a href=\"https:\/\/www.stm.info\/en\/info\/networks\/bus\/shuttle\/747-yul-montreal-trudeau-airport-downtown-shuttle\" target=\"_blank\" rel=\"noopener\"><span class=\"s4\">For more information<\/span><\/a>.<\/p>\n<h3 class=\"p3\">Getting to the CRM from the Gare d\u2019autocars de Montr\u00e9al<\/h3>\n<p class=\"p1\"><span class=\"s1\">From the <\/span><a href=\"https:\/\/gamtl.com\/en\/bienvenue\/index.html\" target=\"_blank\" rel=\"noopener\"><span class=\"s2\">Gare d\u2019autocars de Montr\u00e9al<\/span><\/a><span class=\"s1\">, take a taxi (approx. $23) or the metro ($3.50) at Berri-UQAM station (access via the Station centrale d&#8217;autobus de Montr\u00e9al) direction Montmorency (orange line), exit at Jean-Talon station. From there, take the blue line, Snowdon direction and exit at Universit\u00e9-de-Montr\u00e9al station. You are now on the Universit\u00e9 de Montr\u00e9al campus, a few steps away from the CRM.<\/span><\/p>\n<h3 class=\"p3\">Getting to the CRM from the central train station<\/h3>\n<p class=\"p1\"><span class=\"s1\">From the <a href=\"https:\/\/garecentrale.ca\/en\/\" target=\"_blank\" rel=\"noopener\">Gare Centrale<\/a> (Montr\u00e9al&#8217;s central train station)<\/span><span class=\"s1\">, take the metro at Bonaventure station towards Montmorency, on the orange line. Change at Jean-Talon station and take the Snowdon direction on the blue line. Exit at Universit\u00e9-de-Montr\u00e9al station. By taxi the cost is approximately $20.<br \/>\n<\/span><\/p>\n<h3 class=\"p3\">Automobile<\/h3>\n<p class=\"p1\"><span class=\"s1\">If you are driving, it is often difficult to park in streets surrounding the Universit\u00e9 de Montr\u00e9al. You can access the <\/span><a href=\"https:\/\/di.umontreal.ca\/services\/stationnement\/#visiteur\" target=\"_blank\" rel=\"noopener\"><span class=\"s2\">campus parking areas<\/span><\/a><span class=\"s1\">.<span class=\"Apple-converted-space\">\u00a0<\/span><\/span><\/p>\n<\/div><\/div><\/div><div class=\"fusion-layout-column fusion_builder_column fusion-builder-column-1 fusion_builder_column_1_3 1_3 fusion-flex-column\" style=\"--awb-bg-size:cover;--awb-width-large:33.333333333333%;--awb-margin-top-large:0px;--awb-spacing-right-large:5.76%;--awb-margin-bottom-large:20px;--awb-spacing-left-large:5.76%;--awb-width-medium:33.333333333333%;--awb-order-medium:0;--awb-spacing-right-medium:5.76%;--awb-spacing-left-medium:5.76%;--awb-width-small:100%;--awb-order-small:0;--awb-spacing-right-small:1.92%;--awb-spacing-left-small:1.92%;\"><div class=\"fusion-column-wrapper fusion-column-has-shadow fusion-flex-justify-content-flex-start fusion-content-layout-column\"><div class=\"fusion-image-element \" style=\"--awb-caption-title-font-family:var(--h2_typography-font-family);--awb-caption-title-font-weight:var(--h2_typography-font-weight);--awb-caption-title-font-style:var(--h2_typography-font-style);--awb-caption-title-size:var(--h2_typography-font-size);--awb-caption-title-transform:var(--h2_typography-text-transform);--awb-caption-title-line-height:var(--h2_typography-line-height);--awb-caption-title-letter-spacing:var(--h2_typography-letter-spacing);\"><span class=\" fusion-imageframe imageframe-none imageframe-1 hover-type-none\"><img decoding=\"async\" width=\"300\" height=\"225\" title=\"Station_UdeM_metro_1200x900\" src=\"https:\/\/www.crmath.ca\/wp-content\/uploads\/2024\/05\/station_metro_1200x900.jpg\" data-orig-src=\"https:\/\/www.crmath.ca\/wp-content\/uploads\/2024\/05\/station_metro_1200x900-300x225.jpg\" alt class=\"lazyload img-responsive wp-image-13519\" srcset=\"data:image\/svg+xml,%3Csvg%20xmlns%3D%27http%3A%2F%2Fwww.w3.org%2F2000%2Fsvg%27%20width%3D%27400%27%20height%3D%27300%27%20viewBox%3D%270%200%20400%20300%27%3E%3Crect%20width%3D%27400%27%20height%3D%27300%27%20fill-opacity%3D%220%22%2F%3E%3C%2Fsvg%3E\" data-srcset=\"https:\/\/www.crmath.ca\/wp-content\/uploads\/2024\/05\/station_metro_1200x900-200x150.jpg 200w, https:\/\/www.crmath.ca\/wp-content\/uploads\/2024\/05\/station_metro_1200x900.jpg 400w\" data-sizes=\"auto\" data-orig-sizes=\"(max-width: 1234px) 100vw, 300px\" \/><\/span><\/div><\/div><\/div><\/div><\/div>\n","protected":false},"excerpt":{"rendered":"","protected":false},"author":2,"featured_media":0,"parent":4202,"menu_order":0,"comment_status":"closed","ping_status":"closed","template":"","meta":{"inline_featured_image":false,"footnotes":""},"class_list":["post-4204","page","type-page","status-publish","hentry"],"_links":{"self":[{"href":"https:\/\/www.crmath.ca\/en\/wp-json\/wp\/v2\/pages\/4204","targetHints":{"allow":["GET"]}}],"collection":[{"href":"https:\/\/www.crmath.ca\/en\/wp-json\/wp\/v2\/pages"}],"about":[{"href":"https:\/\/www.crmath.ca\/en\/wp-json\/wp\/v2\/types\/page"}],"author":[{"embeddable":true,"href":"https:\/\/www.crmath.ca\/en\/wp-json\/wp\/v2\/users\/2"}],"replies":[{"embeddable":true,"href":"https:\/\/www.crmath.ca\/en\/wp-json\/wp\/v2\/comments?post=4204"}],"version-history":[{"count":14,"href":"https:\/\/www.crmath.ca\/en\/wp-json\/wp\/v2\/pages\/4204\/revisions"}],"predecessor-version":[{"id":13685,"href":"https:\/\/www.crmath.ca\/en\/wp-json\/wp\/v2\/pages\/4204\/revisions\/13685"}],"up":[{"embeddable":true,"href":"https:\/\/www.crmath.ca\/en\/wp-json\/wp\/v2\/pages\/4202"}],"wp:attachment":[{"href":"https:\/\/www.crmath.ca\/en\/wp-json\/wp\/v2\/media?parent=4204"}],"curies":[{"name":"wp","href":"https:\/\/api.w.org\/{rel}","templated":true}]}}