{"id":4138,"date":"2021-11-02T11:28:38","date_gmt":"2021-11-02T15:28:38","guid":{"rendered":"https:\/\/www.crmath.ca\/?page_id=4138"},"modified":"2026-01-28T16:44:44","modified_gmt":"2026-01-28T21:44:44","slug":"international-scientific-advisory-committee","status":"publish","type":"page","link":"https:\/\/www.crmath.ca\/en\/about-the-crm-2\/governance\/international-scientific-advisory-committee\/","title":{"rendered":"International Scientific Advisory Committee"},"content":{"rendered":"<div class=\"fusion-fullwidth fullwidth-box fusion-builder-row-1 fusion-flex-container nonhundred-percent-fullwidth non-hundred-percent-height-scrolling\" style=\"--awb-border-radius-top-left:0px;--awb-border-radius-top-right:0px;--awb-border-radius-bottom-right:0px;--awb-border-radius-bottom-left:0px;--awb-padding-right:0px;--awb-padding-left:0px;--awb-flex-wrap:wrap;\" ><div class=\"fusion-builder-row fusion-row fusion-flex-align-items-flex-start fusion-flex-content-wrap\" style=\"max-width:1420.64px;margin-left: calc(-4% \/ 2 );margin-right: calc(-4% \/ 2 );\"><div class=\"fusion-layout-column fusion_builder_column fusion-builder-column-0 fusion_builder_column_2_3 2_3 fusion-flex-column\" style=\"--awb-bg-size:cover;--awb-width-large:66.666666666667%;--awb-margin-top-large:0px;--awb-spacing-right-large:2.88%;--awb-margin-bottom-large:20px;--awb-spacing-left-large:2.88%;--awb-width-medium:66.666666666667%;--awb-order-medium:0;--awb-spacing-right-medium:2.88%;--awb-spacing-left-medium:2.88%;--awb-width-small:100%;--awb-order-small:0;--awb-spacing-right-small:1.92%;--awb-spacing-left-small:1.92%;\"><div class=\"fusion-column-wrapper fusion-column-has-shadow fusion-flex-justify-content-flex-start fusion-content-layout-column\"><div class=\"fusion-text fusion-text-1\"><h6>Governance<\/h6>\n<\/div><div class=\"fusion-text fusion-text-2\"><h1>International Scientific Advisory Committee<\/h1>\n<\/div><div class=\"fusion-text fusion-text-3\"><p>The International Scientific Committee advises the CRM on major scientific directions. It contributes in particular to the establishment and development of thematic programs (annual programs, semester-long programs, and short programs), to the development of the general and multidisciplinary scientific program, as well as to any other major scientific activity of the Centre.<\/p>\n<p>The committee meets at the CRM at least once a year and is also consulted several times a year via videoconference and email.<\/p>\n<\/div><div class=\"fusion-text fusion-text-4\"><h3>Members<\/h3>\n<ul>\n<li><a href=\"https:\/\/math.mcmaster.ca\/~bronsard\/\" target=\"_blank\" rel=\"noopener\"><strong>Lia Bronsard<\/strong><\/a> (McMaster University)<\/li>\n<li><a href=\"https:\/\/webusers.imj-prg.fr\/~pierre.colmez\/\" target=\"_blank\" rel=\"noopener\"><strong>Pierre Colmez<\/strong><\/a> (Universit\u00e9 Pierre et Marie Curie)<\/li>\n<li><a href=\"https:\/\/www.math.columbia.edu\/people\/directory\/pg\/2\/\" target=\"_blank\" rel=\"noopener\"><strong>Panagiota Daskalopoulos<\/strong><\/a> (Columbia University)<\/li>\n<li><a href=\"https:\/\/mathematics.stanford.edu\/people\/eugenia-malinnikova\" target=\"_blank\" rel=\"noopener\"><strong>Eugenia Malinnikova<\/strong><\/a> (Stanford University)<\/li>\n<li><a href=\"https:\/\/math.uchicago.edu\/~aneves\/\" target=\"_blank\" rel=\"noopener\"><strong>Andr\u00e9 Arroja Neves<\/strong><\/a> (University of Chicago)<\/li>\n<li><a href=\"https:\/\/www.math.cmu.edu\/~bobpego\/\" target=\"_blank\" rel=\"noopener\"><strong>Robert Pego<\/strong><\/a> (Carnegie Mellon University) \u2014 <strong>Chair<\/strong><\/li>\n<li><a href=\"https:\/\/www.math.toronto.edu\/quastel\/\" target=\"_blank\" rel=\"noopener\"><strong>Jeremy Quastel<\/strong><\/a> (University of Toronto)<\/li>\n<li><a href=\"https:\/\/www-users.cse.umn.edu\/~reiner\/\" target=\"_blank\" rel=\"noopener\"><strong>Vic Reiner<\/strong><\/a> (University of Minnesota)<\/li>\n<li><a href=\"https:\/\/lmbp.uca.fr\/~royer\/\" target=\"_blank\" rel=\"noopener\"><strong>Emmanuel Royer<\/strong><\/a> (CNRS)<\/li>\n<li><a href=\"https:\/\/professeurs.uqam.ca\/professeur\/saliola.franco\/\"><strong>Franco Saliola<\/strong><\/a> (Universit\u00e9 du Qu\u00e9bec \u00e0 Montr\u00e9al)<\/li>\n<\/ul>\n<\/div><\/div><\/div><div class=\"fusion-layout-column fusion_builder_column fusion-builder-column-1 fusion_builder_column_1_3 1_3 fusion-flex-column\" style=\"--awb-overflow:hidden;--awb-bg-color:#f1f7ff;--awb-bg-color-hover:#f1f7ff;--awb-bg-size:cover;--awb-border-color:rgba(17,135,255,0.3);--awb-border-style:solid;--awb-border-radius:10px 10px 10px 10px;--awb-width-large:33.333333333333%;--awb-margin-top-large:0px;--awb-spacing-right-large:5.76%;--awb-margin-bottom-large:20px;--awb-spacing-left-large:5.76%;--awb-width-medium:33.333333333333%;--awb-order-medium:0;--awb-spacing-right-medium:5.76%;--awb-spacing-left-medium:5.76%;--awb-width-small:100%;--awb-order-small:0;--awb-spacing-right-small:1.92%;--awb-spacing-left-small:1.92%;\"><div class=\"fusion-column-wrapper fusion-column-has-shadow fusion-flex-justify-content-flex-start fusion-content-layout-column\"><nav class=\"awb-menu awb-menu_column awb-menu_em-hover mobile-mode-collapse-to-button awb-menu_icons-left awb-menu_dc-yes mobile-trigger-fullwidth-off awb-menu_mobile-toggle awb-menu_indent-left mobile-size-full-absolute loading mega-menu-loading awb-menu_desktop awb-menu_dropdown awb-menu_expand-right awb-menu_transition-fade fusion-animated fusion-no-small-visibility\" style=\"--awb-font-size:13px;--awb-text-transform:none;--awb-gap:0px;--awb-items-padding-top:15px;--awb-items-padding-right:15px;--awb-items-padding-bottom:15px;--awb-items-padding-left:15px;--awb-border-color:#ffffff;--awb-border-bottom:1px;--awb-active-color:#1187ff;--awb-active-bg:#ffffff;--awb-active-border-bottom:1px;--awb-active-border-color:#ffffff;--awb-submenu-text-transform:none;--awb-main-justify-content:flex-start;--awb-mobile-justify:flex-start;--awb-mobile-caret-left:auto;--awb-mobile-caret-right:0;--awb-fusion-font-family-typography:&quot;Open Sans&quot;;--awb-fusion-font-style-typography:normal;--awb-fusion-font-weight-typography:400;--awb-fusion-font-family-submenu-typography:inherit;--awb-fusion-font-style-submenu-typography:normal;--awb-fusion-font-weight-submenu-typography:400;--awb-fusion-font-family-mobile-typography:inherit;--awb-fusion-font-style-mobile-typography:normal;--awb-fusion-font-weight-mobile-typography:400;\" aria-label=\"Niv 3 Gouvernance\" data-breakpoint=\"0\" data-count=\"0\" data-transition-type=\"left\" data-transition-time=\"300\" data-expand=\"right\" data-animationType=\"fadeInRight\" data-animationDuration=\"0.5\" data-animationOffset=\"top-into-view\"><ul id=\"menu-niv-3-gouvernance-anglais\" class=\"fusion-menu awb-menu__main-ul awb-menu__main-ul_column\"><li  id=\"menu-item-4767\"  class=\"menu-item menu-item-type-post_type menu-item-object-page menu-item-4767 awb-menu__li awb-menu__main-li awb-menu__main-li_regular\"  data-item-id=\"4767\"><span class=\"awb-menu__main-background-default awb-menu__main-background-default_left\"><\/span><span class=\"awb-menu__main-background-active awb-menu__main-background-active_left\"><\/span><a  href=\"https:\/\/www.crmath.ca\/en\/about-the-crm-2\/governance\/board-of-directors\/\" class=\"awb-menu__main-a awb-menu__main-a_regular\"><span class=\"menu-text\">Board of Directors<\/span><\/a><\/li><li  id=\"menu-item-4768\"  class=\"menu-item menu-item-type-post_type menu-item-object-page menu-item-4768 awb-menu__li awb-menu__main-li awb-menu__main-li_regular\"  data-item-id=\"4768\"><span class=\"awb-menu__main-background-default awb-menu__main-background-default_left\"><\/span><span class=\"awb-menu__main-background-active awb-menu__main-background-active_left\"><\/span><a  href=\"https:\/\/www.crmath.ca\/en\/about-the-crm-2\/governance\/international-scientific-advisory-committee\/\" class=\"awb-menu__main-a awb-menu__main-a_regular\"><span class=\"menu-text\">International Scientific Advisory Committee<\/span><\/a><\/li><li  id=\"menu-item-4769\"  class=\"menu-item menu-item-type-post_type menu-item-object-page menu-item-4769 awb-menu__li awb-menu__main-li awb-menu__main-li_regular\"  data-item-id=\"4769\"><span class=\"awb-menu__main-background-default awb-menu__main-background-default_left\"><\/span><span class=\"awb-menu__main-background-active awb-menu__main-background-active_left\"><\/span><a  href=\"https:\/\/www.crmath.ca\/en\/about-the-crm-2\/governance\/local-scientific-committee\/\" class=\"awb-menu__main-a awb-menu__main-a_regular\"><span class=\"menu-text\">Local Scientific Committee<\/span><\/a><\/li><li  id=\"menu-item-4770\"  class=\"menu-item menu-item-type-post_type menu-item-object-page menu-item-4770 awb-menu__li awb-menu__main-li awb-menu__main-li_regular\"  data-item-id=\"4770\"><span class=\"awb-menu__main-background-default awb-menu__main-background-default_left\"><\/span><span class=\"awb-menu__main-background-active awb-menu__main-background-active_left\"><\/span><a  href=\"https:\/\/www.crmath.ca\/en\/about-the-crm-2\/governance\/committee-of-directors-of-laboratories\/\" class=\"awb-menu__main-a awb-menu__main-a_regular\"><span class=\"menu-text\">Committee of Directors of Laboratories<\/span><\/a><\/li><li  id=\"menu-item-20745\"  class=\"menu-item menu-item-type-post_type menu-item-object-page menu-item-20745 awb-menu__li awb-menu__main-li awb-menu__main-li_regular\"  data-item-id=\"20745\"><span class=\"awb-menu__main-background-default awb-menu__main-background-default_left\"><\/span><span class=\"awb-menu__main-background-active awb-menu__main-background-active_left\"><\/span><a  href=\"https:\/\/www.crmath.ca\/en\/about-the-crm-2\/equity-diversity-and-inclusion\/crm-edi-committee\/\" class=\"awb-menu__main-a awb-menu__main-a_regular\"><span class=\"menu-text\">CRM EDI Committee<\/span><\/a><\/li><li  id=\"menu-item-9661\"  class=\"menu-item menu-item-type-post_type menu-item-object-page menu-item-9661 awb-menu__li awb-menu__main-li awb-menu__main-li_regular\"  data-item-id=\"9661\"><span class=\"awb-menu__main-background-default awb-menu__main-background-default_left\"><\/span><span class=\"awb-menu__main-background-active awb-menu__main-background-active_left\"><\/span><a  href=\"https:\/\/www.crmath.ca\/en\/about-the-crm-2\/governance\/outreach-committee\/\" class=\"awb-menu__main-a awb-menu__main-a_regular\"><span class=\"menu-text\">Outreach Committee<\/span><\/a><\/li><\/ul><\/nav><\/div><\/div><\/div><\/div>\n","protected":false},"excerpt":{"rendered":"","protected":false},"author":2,"featured_media":0,"parent":4134,"menu_order":0,"comment_status":"closed","ping_status":"closed","template":"","meta":{"inline_featured_image":false,"footnotes":""},"class_list":["post-4138","page","type-page","status-publish","hentry"],"_links":{"self":[{"href":"https:\/\/www.crmath.ca\/en\/wp-json\/wp\/v2\/pages\/4138","targetHints":{"allow":["GET"]}}],"collection":[{"href":"https:\/\/www.crmath.ca\/en\/wp-json\/wp\/v2\/pages"}],"about":[{"href":"https:\/\/www.crmath.ca\/en\/wp-json\/wp\/v2\/types\/page"}],"author":[{"embeddable":true,"href":"https:\/\/www.crmath.ca\/en\/wp-json\/wp\/v2\/users\/2"}],"replies":[{"embeddable":true,"href":"https:\/\/www.crmath.ca\/en\/wp-json\/wp\/v2\/comments?post=4138"}],"version-history":[{"count":17,"href":"https:\/\/www.crmath.ca\/en\/wp-json\/wp\/v2\/pages\/4138\/revisions"}],"predecessor-version":[{"id":20763,"href":"https:\/\/www.crmath.ca\/en\/wp-json\/wp\/v2\/pages\/4138\/revisions\/20763"}],"up":[{"embeddable":true,"href":"https:\/\/www.crmath.ca\/en\/wp-json\/wp\/v2\/pages\/4134"}],"wp:attachment":[{"href":"https:\/\/www.crmath.ca\/en\/wp-json\/wp\/v2\/media?parent=4138"}],"curies":[{"name":"wp","href":"https:\/\/api.w.org\/{rel}","templated":true}]}}