{"id":3996,"date":"2021-10-22T11:09:33","date_gmt":"2021-10-22T15:09:33","guid":{"rendered":"https:\/\/www.crmath.ca\/?page_id=3996"},"modified":"2026-02-19T21:07:38","modified_gmt":"2026-02-20T02:07:38","slug":"about-the-crm-2","status":"publish","type":"page","link":"https:\/\/www.crmath.ca\/en\/about-the-crm-2\/","title":{"rendered":"About the CRM"},"content":{"rendered":"<div class=\"fusion-fullwidth fullwidth-box fusion-builder-row-1 fusion-flex-container nonhundred-percent-fullwidth non-hundred-percent-height-scrolling\" style=\"--awb-border-radius-top-left:0px;--awb-border-radius-top-right:0px;--awb-border-radius-bottom-right:0px;--awb-border-radius-bottom-left:0px;--awb-padding-right:0px;--awb-padding-left:0px;--awb-flex-wrap:wrap;\" ><div class=\"fusion-builder-row fusion-row fusion-flex-align-items-flex-start fusion-flex-content-wrap\" style=\"max-width:1420.64px;margin-left: calc(-4% \/ 2 );margin-right: calc(-4% \/ 2 );\"><div class=\"fusion-layout-column fusion_builder_column fusion-builder-column-0 fusion_builder_column_2_3 2_3 fusion-flex-column\" style=\"--awb-bg-size:cover;--awb-width-large:66.666666666667%;--awb-margin-top-large:0px;--awb-spacing-right-large:2.88%;--awb-margin-bottom-large:20px;--awb-spacing-left-large:2.88%;--awb-width-medium:66.666666666667%;--awb-order-medium:0;--awb-spacing-right-medium:2.88%;--awb-spacing-left-medium:2.88%;--awb-width-small:100%;--awb-order-small:0;--awb-spacing-right-small:1.92%;--awb-spacing-left-small:1.92%;\"><div class=\"fusion-column-wrapper fusion-column-has-shadow fusion-flex-justify-content-flex-start fusion-content-layout-column\"><div class=\"fusion-text fusion-text-1\"><h1>About the Centre de recherches math\u00e9matiques<\/h1>\n<\/div><div class=\"fusion-text fusion-text-2\"><p>The Centre de recherches math\u00e9matiques (CRM) is one of the most internationally recognized research institutes in the field of mathematics. Founded in 1968 at the Universit\u00e9 de Montr\u00e9al, it places scientific excellence at the heart of its mission. The CRM brings together the mathematical forces of Quebec and several Canadian universities, while directing programs that mobilize researchers from around the world. Its unique dual structure allows for both competitive and international scientific programming and the development of research and training activities within thirteen laboratories that bring together the majority of Quebec&#8217;s mathematicians.<\/p>\n<p>The centre has more than 250 regular members, mainly professors from Quebec universities, and welcomes more than 80 postdoctoral fellows and a large number of visiting researchers each year. Its thematic programs, summer schools, and other scientific meetings attract more than 2,000 participants annually.<\/p>\n<p>The activities of the CRM and its 13 laboratories play a decisive role in training the next generation of researchers. As a privileged venue for high-level scientific exchanges, the centre contributes significantly to the advancement of international collaborations in mathematical sciences.<\/p>\n<\/div><div class=\"fusion-text fusion-text-3\"><div>\n<h3><strong>Activities and programs<\/strong><\/h3>\n<\/div>\n<p>The CRM&#8217;s scientific activities are based on two main components: research projects conducted by its teams and thematic activities organized at the national and international levels.<\/p>\n<p>The centre supports the next generation of researchers through several postdoctoral fellowship programs developed with local partners, such as the Institute of Mathematical Sciences, as well as international partners such as the Simons Foundation. To promote the advancement of mathematical knowledge and learning, the CRM also offers numerous outreach activities open to the general public, in addition to targeted initiatives aimed at strengthening numeracy.<\/p>\n<p>The CRM places equity and diversity at the heart of its actions, integrating these values into all of its programs and organizing dedicated activities.<\/p>\n<\/div><div class=\"fusion-text fusion-text-4\"><h3><strong>Funding and institutional collaborators<\/strong><\/h3>\n<p>The institute has strong partnerships with the other Canadian institutes (AARMS, Fields, PIMS, CANSSI), and with many international centres, such as the CNRS, through an International Research Laboratory, with SLMath, as well as with FIM-Z\u00fcrich, CRM-Barcelone, CIRM and others.<\/p>\n<p>The CRM is primarily funded by the NSERC (Natural Sciences and Engineering Research Council of Canada), the FRQ (Fonds de recherche du Qu\u00e9bec), the Simons Foundation, the Quebec Ministry of Finance.<\/p>\n<p>The centre also receives essential support from its host institution, the University of Montreal, as well as its partner universities: Concordia University, Universit\u00e9 Laval, McGill University, Universit\u00e9 du Qu\u00e9bec \u00e0 Montr\u00e9al and Universit\u00e9 de Sherbrooke. In addition, several endowment funds have been established thanks to the generosity of Andr\u00e9 Aisenstadt, Robert Langlands, Serge Bissonnette, and Jacques Courtois. The CRM would also like to acknowledge the generosity of several other donors who have contributed to these endowment funds.<\/p>\n<p>The CRM also maintains strong partnerships with other Canadian institutes (AARMS, Fields, PIMS, CANSSI) and collaborates with numerous international centres, including the CNRS (through an international research laboratory), SLMath, FIM-Z\u00fcrich, CRM-Barcelona, CIRM, and others.<\/p>\n<\/div><div class=\"accordian fusion-accordian\" style=\"--awb-border-size:1px;--awb-icon-size:16px;--awb-content-font-size:14px;--awb-icon-alignment:left;--awb-hover-color:var(--awb-color2);--awb-border-color:var(--awb-color3);--awb-background-color:var(--awb-color1);--awb-divider-color:var(--awb-color3);--awb-divider-hover-color:var(--awb-color3);--awb-icon-color:var(--awb-color1);--awb-title-color:#1187ff;--awb-content-color:#3d3d3d;--awb-icon-box-color:var(--awb-custom10);--awb-toggle-hover-accent-color:var(--awb-color6);--awb-toggle-active-accent-color:var(--awb-color6);--awb-title-font-family:&quot;Montserrat&quot;;--awb-title-font-weight:600;--awb-title-font-style:normal;--awb-content-font-family:&quot;Open Sans&quot;;--awb-content-font-style:normal;--awb-content-font-weight:regular;\"><div class=\"panel-group fusion-toggle-icon-boxed\" id=\"accordion-3996-1\"><div class=\"fusion-panel panel-default panel-9708d8cf91b803aa9 fusion-toggle-has-divider\" style=\"--awb-title-color:#1187ff;--awb-content-color:#3d3d3d;\"><div class=\"panel-heading\"><h4 class=\"panel-title toggle\" id=\"toggle_9708d8cf91b803aa9\"><a aria-expanded=\"false\" aria-controls=\"9708d8cf91b803aa9\" role=\"button\" data-toggle=\"collapse\" data-parent=\"#accordion-3996-1\" data-target=\"#9708d8cf91b803aa9\" href=\"#9708d8cf91b803aa9\"><span class=\"fusion-toggle-icon-wrapper\" aria-hidden=\"true\"><i class=\"fa-fusion-box active-icon awb-icon-minus\" aria-hidden=\"true\"><\/i><i class=\"fa-fusion-box inactive-icon awb-icon-plus\" aria-hidden=\"true\"><\/i><\/span><span class=\"fusion-toggle-heading\">CRM Directors since 1968<\/span><\/a><\/h4><\/div><div id=\"9708d8cf91b803aa9\" class=\"panel-collapse collapse \" aria-labelledby=\"toggle_9708d8cf91b803aa9\"><div class=\"panel-body toggle-content fusion-clearfix\">\n<div id=\"3adbcbf0ab0412606\" class=\"panel-collapse collapse in\" aria-labelledby=\"toggle_3adbcbf0ab0412606\">\n<div class=\"panel-body toggle-content fusion-clearfix\">\n<p><strong>Maurice L\u2019Abb\u00e9<\/strong><br \/>\n1968 \u2013 1969<\/p>\n<p><strong>Jacques Saint-Pierre<\/strong><br \/>\n1969 \u2013 1971<\/p>\n<p><strong>Gert Sabidussi<\/strong><br \/>\n1971<\/p>\n<p><strong>Lucien Le Cam<\/strong><br \/>\n1971 \u2013 1973<\/p>\n<p><strong>Anatole Joffe<\/strong><br \/>\n1973 \u2013 1982<\/p>\n<p><strong>David Sankoff<\/strong><br \/>\n1982 \u2013 1984<\/p>\n<p><strong>Francis Clarke<\/strong><br \/>\n1984 \u2013 1993<\/p>\n<p><strong>Luc Vinet<\/strong><br \/>\n1993 \u2013 1999<\/p>\n<p><strong>Jacques Hurtubise<\/strong><br \/>\n1999 \u2013 2003<\/p>\n<p><strong>Christian L\u00e9ger<\/strong><br \/>\n2003 \u2013 2004<\/p>\n<p><strong>Fran\u00e7ois Bergeron<\/strong><br \/>\n2004<\/p>\n<p><strong>Fran\u00e7ois Lalonde<\/strong><br \/>\n2004 \u2013 2008<\/p>\n<p><strong>Anne Bourlioux<\/strong><br \/>\n2008<\/p>\n<p><strong>Christiane Rousseau<\/strong><br \/>\n2008 \u2013 2009<\/p>\n<p><strong>Peter Russell<\/strong><br \/>\n2009 \u2013 2011<\/p>\n<p><strong>Fran\u00e7ois Lalonde<\/strong><br \/>\n2011 \u2013 2013<\/p>\n<p><strong>Luc Vinet<\/strong><br \/>\n2013 \u2013 2021<\/p>\n<p><strong>Octav Cornea<\/strong><br \/>\n2021 \u2013 2025<\/p>\n<p><strong>Franco Saliola<\/strong><br \/>\n2025 ~<\/p>\n<\/div>\n<\/div>\n<\/div><\/div><\/div><\/div><\/div><\/div><\/div><div class=\"fusion-layout-column fusion_builder_column fusion-builder-column-1 fusion_builder_column_1_3 1_3 fusion-flex-column\" style=\"--awb-padding-right:100px;--awb-bg-size:cover;--awb-width-large:33.333333333333%;--awb-margin-top-large:0px;--awb-spacing-right-large:5.76%;--awb-margin-bottom-large:20px;--awb-spacing-left-large:5.76%;--awb-width-medium:33.333333333333%;--awb-order-medium:0;--awb-spacing-right-medium:5.76%;--awb-spacing-left-medium:5.76%;--awb-width-small:100%;--awb-order-small:0;--awb-spacing-right-small:1.92%;--awb-spacing-left-small:1.92%;\"><div class=\"fusion-column-wrapper fusion-column-has-shadow fusion-flex-justify-content-flex-start fusion-content-layout-column\"><div class=\"fusion-image-element \" style=\"--awb-margin-bottom:20px;--awb-caption-title-font-family:var(--h2_typography-font-family);--awb-caption-title-font-weight:var(--h2_typography-font-weight);--awb-caption-title-font-style:var(--h2_typography-font-style);--awb-caption-title-size:var(--h2_typography-font-size);--awb-caption-title-transform:var(--h2_typography-text-transform);--awb-caption-title-line-height:var(--h2_typography-line-height);--awb-caption-title-letter-spacing:var(--h2_typography-letter-spacing);\"><span class=\" fusion-imageframe imageframe-none imageframe-1 hover-type-none\"><img decoding=\"async\" width=\"620\" height=\"479\" title=\"pavillon_Andre_Aisenstadt\" src=\"https:\/\/www.crmath.ca\/wp-content\/uploads\/2021\/10\/pavillon_Andre_Aisenstadt.jpg\" data-orig-src=\"https:\/\/www.crmath.ca\/wp-content\/uploads\/2021\/10\/pavillon_Andre_Aisenstadt.jpg\" alt class=\"lazyload img-responsive wp-image-3875\" srcset=\"data:image\/svg+xml,%3Csvg%20xmlns%3D%27http%3A%2F%2Fwww.w3.org%2F2000%2Fsvg%27%20width%3D%27620%27%20height%3D%27479%27%20viewBox%3D%270%200%20620%20479%27%3E%3Crect%20width%3D%27620%27%20height%3D%27479%27%20fill-opacity%3D%220%22%2F%3E%3C%2Fsvg%3E\" data-srcset=\"https:\/\/www.crmath.ca\/wp-content\/uploads\/2021\/10\/pavillon_Andre_Aisenstadt-200x155.jpg 200w, https:\/\/www.crmath.ca\/wp-content\/uploads\/2021\/10\/pavillon_Andre_Aisenstadt-400x309.jpg 400w, https:\/\/www.crmath.ca\/wp-content\/uploads\/2021\/10\/pavillon_Andre_Aisenstadt-600x464.jpg 600w, https:\/\/www.crmath.ca\/wp-content\/uploads\/2021\/10\/pavillon_Andre_Aisenstadt.jpg 620w\" data-sizes=\"auto\" data-orig-sizes=\"(max-width: 1234px) 100vw, 400px\" \/><\/span><\/div><div class=\"fusion-image-element \" style=\"--awb-margin-bottom:10px;--awb-caption-title-font-family:var(--h2_typography-font-family);--awb-caption-title-font-weight:var(--h2_typography-font-weight);--awb-caption-title-font-style:var(--h2_typography-font-style);--awb-caption-title-size:var(--h2_typography-font-size);--awb-caption-title-transform:var(--h2_typography-text-transform);--awb-caption-title-line-height:var(--h2_typography-line-height);--awb-caption-title-letter-spacing:var(--h2_typography-letter-spacing);\"><span class=\" fusion-imageframe imageframe-none imageframe-2 hover-type-none\"><img decoding=\"async\" width=\"640\" height=\"912\" title=\"CRM_BRO_f\" src=\"https:\/\/www.crmath.ca\/wp-content\/uploads\/2021\/07\/CRM_BRO_f.jpg\" data-orig-src=\"http:\/\/www.crmath.ca\/wp-content\/uploads\/2021\/07\/CRM_BRO_f.jpg\" alt class=\"lazyload img-responsive wp-image-2521\" srcset=\"data:image\/svg+xml,%3Csvg%20xmlns%3D%27http%3A%2F%2Fwww.w3.org%2F2000%2Fsvg%27%20width%3D%27640%27%20height%3D%27912%27%20viewBox%3D%270%200%20640%20912%27%3E%3Crect%20width%3D%27640%27%20height%3D%27912%27%20fill-opacity%3D%220%22%2F%3E%3C%2Fsvg%3E\" data-srcset=\"https:\/\/www.crmath.ca\/wp-content\/uploads\/2021\/07\/CRM_BRO_f-200x285.jpg 200w, https:\/\/www.crmath.ca\/wp-content\/uploads\/2021\/07\/CRM_BRO_f-400x570.jpg 400w, https:\/\/www.crmath.ca\/wp-content\/uploads\/2021\/07\/CRM_BRO_f-600x855.jpg 600w, https:\/\/www.crmath.ca\/wp-content\/uploads\/2021\/07\/CRM_BRO_f.jpg 640w\" data-sizes=\"auto\" data-orig-sizes=\"(max-width: 1234px) 100vw, 400px\" \/><\/span><\/div><ul style=\"--awb-line-height:23.8px;--awb-icon-width:23.8px;--awb-icon-height:23.8px;--awb-icon-margin:9.8px;--awb-content-margin:33.6px;--awb-circlecolor:var(--awb-color6);--awb-circle-yes-font-size:12.32px;\" class=\"fusion-checklist fusion-checklist-1 fusion-checklist-default type-icons\"><li class=\"fusion-li-item\" style=\"\"><span class=\"icon-wrapper circle-yes\"><i class=\"fusion-li-icon fa-file-pdf fas\" aria-hidden=\"true\"><\/i><\/span><div class=\"fusion-li-item-content\">\n<p><a href=\"http:\/\/www.crmath.ca\/wp-content\/uploads\/2021\/07\/CRM_BRO_e.pdf\">Download the brochure<\/a><\/p>\n<\/div><\/li><\/ul><\/div><\/div><\/div><\/div>\n","protected":false},"excerpt":{"rendered":"","protected":false},"author":4,"featured_media":0,"parent":0,"menu_order":0,"comment_status":"closed","ping_status":"closed","template":"100-width.php","meta":{"inline_featured_image":false,"footnotes":""},"class_list":["post-3996","page","type-page","status-publish","hentry"],"_links":{"self":[{"href":"https:\/\/www.crmath.ca\/en\/wp-json\/wp\/v2\/pages\/3996","targetHints":{"allow":["GET"]}}],"collection":[{"href":"https:\/\/www.crmath.ca\/en\/wp-json\/wp\/v2\/pages"}],"about":[{"href":"https:\/\/www.crmath.ca\/en\/wp-json\/wp\/v2\/types\/page"}],"author":[{"embeddable":true,"href":"https:\/\/www.crmath.ca\/en\/wp-json\/wp\/v2\/users\/4"}],"replies":[{"embeddable":true,"href":"https:\/\/www.crmath.ca\/en\/wp-json\/wp\/v2\/comments?post=3996"}],"version-history":[{"count":23,"href":"https:\/\/www.crmath.ca\/en\/wp-json\/wp\/v2\/pages\/3996\/revisions"}],"predecessor-version":[{"id":21060,"href":"https:\/\/www.crmath.ca\/en\/wp-json\/wp\/v2\/pages\/3996\/revisions\/21060"}],"wp:attachment":[{"href":"https:\/\/www.crmath.ca\/en\/wp-json\/wp\/v2\/media?parent=3996"}],"curies":[{"name":"wp","href":"https:\/\/api.w.org\/{rel}","templated":true}]}}