{"id":20081,"date":"2025-12-12T09:15:17","date_gmt":"2025-12-12T14:15:17","guid":{"rendered":"https:\/\/www.crmath.ca\/about-the-crm\/"},"modified":"2025-12-16T16:57:55","modified_gmt":"2025-12-16T21:57:55","slug":"bookmark","status":"publish","type":"page","link":"https:\/\/www.crmath.ca\/en\/bookmark\/","title":{"rendered":"Bookmark"},"content":{"rendered":"<p><div class=\"fusion-fullwidth fullwidth-box fusion-builder-row-1 fusion-flex-container has-pattern-background has-mask-background nonhundred-percent-fullwidth non-hundred-percent-height-scrolling\" style=\"--awb-border-radius-top-left:0px;--awb-border-radius-top-right:0px;--awb-border-radius-bottom-right:0px;--awb-border-radius-bottom-left:0px;--awb-padding-top:25px;--awb-padding-right:16px;--awb-padding-bottom:25px;--awb-padding-left:16px;--awb-padding-top-small:0px;--awb-padding-right-small:20px;--awb-padding-bottom-small:20px;--awb-padding-left-small:20px;--awb-margin-bottom:20px;--awb-margin-top-small:20px;--awb-margin-bottom-small:20px;--awb-flex-wrap:wrap;\" ><div class=\"fusion-builder-row fusion-row fusion-flex-align-items-flex-start fusion-flex-content-wrap\" style=\"max-width:1420.64px;margin-left: calc(-4% \/ 2 );margin-right: calc(-4% \/ 2 );\"><div class=\"fusion-layout-column fusion_builder_column fusion-builder-column-0 fusion_builder_column_1_1 1_1 fusion-flex-column\" style=\"--awb-bg-size:cover;--awb-width-large:100%;--awb-margin-top-large:0px;--awb-spacing-right-large:1.92%;--awb-margin-bottom-large:20px;--awb-spacing-left-large:1.92%;--awb-width-medium:100%;--awb-order-medium:0;--awb-spacing-right-medium:1.92%;--awb-spacing-left-medium:1.92%;--awb-width-small:100%;--awb-order-small:0;--awb-spacing-right-small:1.92%;--awb-spacing-left-small:1.92%;\" data-scroll-devices=\"small-visibility,medium-visibility,large-visibility\"><div class=\"fusion-column-wrapper fusion-column-has-shadow fusion-flex-justify-content-flex-start fusion-content-layout-column\"><div class=\"fusion-text fusion-text-1 fusion-text-no-margin crm-about-text-wrap\" style=\"--awb-margin-top:0px;--awb-margin-right:0px;--awb-margin-bottom:0px;--awb-margin-left:0px;\"><div class=\"crm-about-text\">\n<h1>The Centre de recherches math\u00e9matiques<\/h1>\n<p>The Centre de recherches math\u00e9matiques (CRM) is one of the world&#8217;s premier research institutes in the mathematical sciences.<\/p>\n<p>Founded in 1968 at the Universit\u00e9 de Montr\u00e9al, the CRM unites the mathematical expertise of Quebec and other Canadian universities while hosting programs that bring together mathematicians from all over the world.<\/p>\n<p>With a unique dual structure, the CRM combines competitive, internationally focused scientific programming alongside the research and training activities of thirteen high-performance research laboratories, which regroup most of Quebec&#8217;s research mathematicians and statisticians.<\/p>\n<p>Explore our activities and training programs below!<\/p>\n<\/div>\n<\/div><\/div><\/div><\/div><\/div><div class=\"fusion-fullwidth fullwidth-box fusion-builder-row-2 fusion-flex-container has-pattern-background has-mask-background hundred-percent-fullwidth non-hundred-percent-height-scrolling\" style=\"--awb-border-radius-top-left:0px;--awb-border-radius-top-right:0px;--awb-border-radius-bottom-right:0px;--awb-border-radius-bottom-left:0px;--awb-padding-top:25px;--awb-padding-right:16px;--awb-padding-bottom:25px;--awb-padding-left:16px;--awb-margin-top:0px;--awb-margin-bottom:0px;--awb-margin-top-small:18px;--awb-margin-bottom-small:10px;--awb-flex-wrap:wrap;\" ><div class=\"fusion-builder-row fusion-row fusion-flex-align-items-flex-start fusion-flex-content-wrap\" style=\"width:104% !important;max-width:104% !important;margin-left: calc(-4% \/ 2 );margin-right: calc(-4% \/ 2 );\"><div class=\"fusion-layout-column fusion_builder_column fusion-builder-column-1 fusion_builder_column_1_3 1_3 fusion-flex-column fusion-flex-align-self-stretch fusion-column-inner-bg-wrapper fusion-column-liftup-border\" style=\"--awb-padding-top:20px;--awb-padding-right:40px;--awb-padding-bottom:25px;--awb-padding-left:40px;--awb-padding-right-small:20px;--awb-padding-left-small:20px;--awb-overflow:hidden;--awb-inner-bg-color:#002856;--awb-inner-bg-color-hover:#002856;--awb-inner-bg-blend:overlay;--awb-inner-bg-size:cover;--awb-border-radius:10px 10px 10px 10px;--awb-liftup-border-radius:10px 10px 10px 10px;--awb-width-large:33.333333333333%;--awb-margin-top-large:0px;--awb-spacing-right-large:5.76%;--awb-margin-bottom-large:20px;--awb-spacing-left-large:5.76%;--awb-width-medium:33.333333333333%;--awb-order-medium:0;--awb-spacing-right-medium:5.76%;--awb-spacing-left-medium:5.76%;--awb-width-small:100%;--awb-order-small:0;--awb-spacing-right-small:1.92%;--awb-spacing-left-small:1.92%;\" data-scroll-devices=\"small-visibility,medium-visibility,large-visibility\"><span class=\"fusion-column-inner-bg hover-type-liftup\"><a class=\"fusion-column-anchor\" href=\"https:\/\/www.crmath.ca\/en\/activities\/#\/month\/01\/year\/2026\" rel=\"noopener noreferrer\" target=\"_blank\"><span class=\"fusion-column-inner-bg-image lazyload\" data-bg=\"https:\/\/www.crmath.ca\/wp-content\/uploads\/2021\/06\/16-9_placeholder.jpg\"><\/span><\/a><\/span><div class=\"fusion-column-wrapper fusion-flex-justify-content-flex-start fusion-content-layout-column fusion-column-has-bg-image\" data-bg-url=\"https:\/\/www.crmath.ca\/wp-content\/uploads\/2021\/06\/16-9_placeholder.jpg\"><div class=\"fusion-text fusion-text-2\" style=\"--awb-font-size:15px;--awb-line-height:1.6;--awb-text-color:#ffffff;\"><h3><span style=\"color: #f6a32d;\">PROGRAMS &amp; LECTURE SERIES<\/span><\/h3>\n<h3><span style=\"color: #7fb1e3;\">Thematic Programs<\/span><\/h3>\n<p>Two annual thematic programs<br \/>\n(workshops, conferences, schools)<\/p>\n<ol>\n<li>Universal Statistics in Number Theory: March 2 &#8211; July 3, 2026<\/li>\n<li>Math for Health: August 3 &#8211; December 18, 2026<\/li>\n<\/ol>\n<h3><span style=\"color: #7fb1e3;\">General Scientific Program<\/span><\/h3>\n<p>7\u20138 annual workshops\/conferences<br \/>\n(beyond thematic programs)<\/p>\n<h3><span style=\"color: #7fb1e3;\">Prestigious Lecture Series<\/span><\/h3>\n<p>\u2022 Aisenstadt Chairs<br \/>\n\u2022 CRM Nirenberg Lectures in Geometric Analysis<br \/>\n\u2022 CRM Distinguished Lectures in Applied Mathematics<br \/>\n\u2022 CRM Distinguished Lectures in Mathematical Physics<\/p>\n<\/div><\/div><\/div><div class=\"fusion-layout-column fusion_builder_column fusion-builder-column-2 fusion_builder_column_1_3 1_3 fusion-flex-column fusion-flex-align-self-stretch fusion-column-inner-bg-wrapper fusion-column-liftup-border\" style=\"--awb-padding-top:20px;--awb-padding-right:40px;--awb-padding-bottom:25px;--awb-padding-left:40px;--awb-padding-right-small:20px;--awb-padding-left-small:20px;--awb-overflow:hidden;--awb-inner-bg-color:#002856;--awb-inner-bg-color-hover:#002856;--awb-inner-bg-blend:overlay;--awb-inner-bg-size:cover;--awb-border-radius:10px 10px 10px 10px;--awb-liftup-border-radius:10px 10px 10px 10px;--awb-width-large:33.333333333333%;--awb-margin-top-large:0px;--awb-spacing-right-large:5.76%;--awb-margin-bottom-large:20px;--awb-spacing-left-large:5.76%;--awb-width-medium:33.333333333333%;--awb-order-medium:0;--awb-spacing-right-medium:5.76%;--awb-spacing-left-medium:5.76%;--awb-width-small:100%;--awb-order-small:0;--awb-spacing-right-small:1.92%;--awb-spacing-left-small:1.92%;\" data-scroll-devices=\"small-visibility,medium-visibility,large-visibility\"><span class=\"fusion-column-inner-bg hover-type-liftup\"><a class=\"fusion-column-anchor\" href=\"https:\/\/www.crmath.ca\/en\/prizes-and-honours\/\" rel=\"noopener noreferrer\" target=\"_blank\"><span class=\"fusion-column-inner-bg-image lazyload\" data-bg=\"https:\/\/www.crmath.ca\/wp-content\/uploads\/2021\/06\/16-9_placeholder.jpg\"><\/span><\/a><\/span><div class=\"fusion-column-wrapper fusion-flex-justify-content-flex-start fusion-content-layout-column fusion-column-has-bg-image\" data-bg-url=\"https:\/\/www.crmath.ca\/wp-content\/uploads\/2021\/06\/16-9_placeholder.jpg\"><div class=\"fusion-text fusion-text-3\" style=\"--awb-font-size:15px;--awb-line-height:1.6;--awb-text-color:#ffffff;\"><h3><span style=\"color: #f6a32d;\">PRIZES &amp; PUBLICATIONS<\/span><\/h3>\n<h3><span style=\"color: #7fb1e3;\">Prizes<\/span><\/h3>\n<p>\u2022 CRM\u2013Fields\u2013PIMS: Canada\u2019s top recognition for mathematical sciences<br \/>\n\u2022 Andr\u00e9-Aisenstadt: Outstanding research by an early-career Canadian mathematician<br \/>\n\u2022 ACP\u2013CRM: For mathematical physics<br \/>\n\u2022 CRM\u2013SSC: Early-career statistician recognition<br \/>\n\u2022 CRM\u2013ISM\u2013AMQ: Outstanding AMQ publication<\/p>\n<h3><span style=\"color: #7fb1e3;\">Publications<\/span><\/h3>\n<p>\u2022 AccroMath (with the ISM)<br \/>\n\u2022 Annales math\u00e9matiques du Qu\u00e9bec (AMQ)<br \/>\n\u2022 CRM Proceedings (AMS)<br \/>\n\u2022 CRM Monographs Series (AMS)<br \/>\n\u2022 CRM Series in Mathematical Physics (Springer)<br \/>\n\u2022 CRM Short Courses (Springer)<\/p>\n<\/div><\/div><\/div><div class=\"fusion-layout-column fusion_builder_column fusion-builder-column-3 fusion_builder_column_1_3 1_3 fusion-flex-column fusion-flex-align-self-stretch fusion-column-inner-bg-wrapper fusion-column-liftup-border\" style=\"--awb-padding-top:20px;--awb-padding-right:40px;--awb-padding-bottom:25px;--awb-padding-left:40px;--awb-padding-right-small:20px;--awb-padding-left-small:20px;--awb-overflow:hidden;--awb-inner-bg-color:#002856;--awb-inner-bg-color-hover:#002856;--awb-inner-bg-blend:overlay;--awb-inner-bg-size:cover;--awb-border-radius:10px 10px 10px 10px;--awb-liftup-border-radius:10px 10px 10px 10px;--awb-width-large:33.333333333333%;--awb-margin-top-large:0px;--awb-spacing-right-large:5.76%;--awb-margin-bottom-large:20px;--awb-spacing-left-large:5.76%;--awb-width-medium:33.333333333333%;--awb-order-medium:0;--awb-spacing-right-medium:5.76%;--awb-spacing-left-medium:5.76%;--awb-width-small:100%;--awb-order-small:0;--awb-spacing-right-small:1.92%;--awb-spacing-left-small:1.92%;\" data-scroll-devices=\"small-visibility,medium-visibility,large-visibility\"><span class=\"fusion-column-inner-bg hover-type-liftup\"><a class=\"fusion-column-anchor\" href=\"https:\/\/www.crmath.ca\/en\/\" rel=\"noopener noreferrer\" target=\"_blank\"><span class=\"fusion-column-inner-bg-image lazyload\" data-bg=\"https:\/\/www.crmath.ca\/wp-content\/uploads\/2021\/06\/16-9_placeholder.jpg\"><\/span><\/a><\/span><div class=\"fusion-column-wrapper fusion-flex-justify-content-flex-start fusion-content-layout-column fusion-column-has-bg-image\" data-bg-url=\"https:\/\/www.crmath.ca\/wp-content\/uploads\/2021\/06\/16-9_placeholder.jpg\"><div class=\"fusion-text fusion-text-4\" style=\"--awb-font-size:15px;--awb-line-height:1.6;--awb-text-color:#ffffff;\"><h3><span style=\"color: #f6a32d;\">TRAINING &amp; OUTREACH<\/span><\/h3>\n<h3><span style=\"color: #7fb1e3;\">Training<\/span><\/h3>\n<p>\u2022 S\u00e9minaire de math\u00e9matiques sup\u00e9rieures (SMS)<br \/>\n\u2022 \u00c9cole Langlands<br \/>\n\u2022 CRM\u2013PIMS Summer School in Probability<br \/>\n\u2022 Montreal Industrial Problem Solving Workshop<br \/>\n\u2022 CRM\u2013ISM Postdoctoral Fellowships<\/p>\n<h3><span style=\"color: #7fb1e3;\">Outreach<\/span><\/h3>\n<p>\u2022 Grandes conf\u00e9rences du CRM<br \/>\n\u2022 International Day of Women in Mathematics<br \/>\n\u2022 Activities in high schools and CEGEPs<br \/>\n\u2022 Field projects (En Avant Math! initiative)<\/p>\n<h3><span style=\"color: #7fb1e3;\">Community<\/span><\/h3>\n<p>\u2022 Colloque des sciences math\u00e9matiques du Qu\u00e9bec<br \/>\n\u2022 Research seminars within the CRM labs (\u2265 15)<br \/>\n\u2022 CRM Distinguished Researchers Program<br \/>\n\u2022 Program for Mathematicians in Distress<\/p>\n<\/div><\/div><\/div><\/div><\/div><div class=\"fusion-fullwidth fullwidth-box fusion-builder-row-3 fusion-flex-container has-pattern-background has-mask-background nonhundred-percent-fullwidth non-hundred-percent-height-scrolling\" style=\"--awb-border-radius-top-left:0px;--awb-border-radius-top-right:0px;--awb-border-radius-bottom-right:0px;--awb-border-radius-bottom-left:0px;--awb-padding-top:25px;--awb-padding-right:16px;--awb-padding-bottom:25px;--awb-padding-left:16px;--awb-padding-top-small:0px;--awb-padding-right-small:20px;--awb-padding-bottom-small:20px;--awb-padding-left-small:20px;--awb-margin-bottom:20px;--awb-margin-top-small:20px;--awb-margin-bottom-small:20px;--awb-flex-wrap:wrap;\" ><div class=\"fusion-builder-row fusion-row fusion-flex-align-items-flex-start fusion-flex-content-wrap\" style=\"max-width:1420.64px;margin-left: calc(-4% \/ 2 );margin-right: calc(-4% \/ 2 );\"><div class=\"fusion-layout-column fusion_builder_column fusion-builder-column-4 fusion_builder_column_1_3 1_3 fusion-flex-column\" style=\"--awb-padding-right:100px;--awb-bg-size:cover;--awb-width-large:33.333333333333%;--awb-margin-top-large:0px;--awb-spacing-right-large:5.76%;--awb-margin-bottom-large:20px;--awb-spacing-left-large:5.76%;--awb-width-medium:33.333333333333%;--awb-order-medium:0;--awb-spacing-right-medium:5.76%;--awb-spacing-left-medium:5.76%;--awb-width-small:100%;--awb-order-small:0;--awb-spacing-right-small:1.92%;--awb-spacing-left-small:1.92%;\" data-scroll-devices=\"small-visibility,medium-visibility,large-visibility\"><div class=\"fusion-column-wrapper fusion-column-has-shadow fusion-flex-justify-content-flex-start fusion-content-layout-column\"><div class=\"fusion-image-element \" style=\"text-align:center;--awb-margin-bottom:10px;--awb-max-width:250px;--awb-caption-title-font-family:var(--h2_typography-font-family);--awb-caption-title-font-weight:var(--h2_typography-font-weight);--awb-caption-title-font-style:var(--h2_typography-font-style);--awb-caption-title-size:var(--h2_typography-font-size);--awb-caption-title-transform:var(--h2_typography-text-transform);--awb-caption-title-line-height:var(--h2_typography-line-height);--awb-caption-title-letter-spacing:var(--h2_typography-letter-spacing);\"><span class=\" fusion-imageframe imageframe-none imageframe-1 hover-type-none\"><img decoding=\"async\" width=\"640\" height=\"912\" title=\"CRM_BRO_f\" src=\"https:\/\/www.crmath.ca\/wp-content\/uploads\/2021\/07\/CRM_BRO_f.jpg\" data-orig-src=\"http:\/\/www.crmath.ca\/wp-content\/uploads\/2021\/07\/CRM_BRO_f.jpg\" alt class=\"lazyload img-responsive wp-image-2521\" srcset=\"data:image\/svg+xml,%3Csvg%20xmlns%3D%27http%3A%2F%2Fwww.w3.org%2F2000%2Fsvg%27%20width%3D%27640%27%20height%3D%27912%27%20viewBox%3D%270%200%20640%20912%27%3E%3Crect%20width%3D%27640%27%20height%3D%27912%27%20fill-opacity%3D%220%22%2F%3E%3C%2Fsvg%3E\" data-srcset=\"https:\/\/www.crmath.ca\/wp-content\/uploads\/2021\/07\/CRM_BRO_f-200x285.jpg 200w, https:\/\/www.crmath.ca\/wp-content\/uploads\/2021\/07\/CRM_BRO_f-400x570.jpg 400w, https:\/\/www.crmath.ca\/wp-content\/uploads\/2021\/07\/CRM_BRO_f-600x855.jpg 600w, https:\/\/www.crmath.ca\/wp-content\/uploads\/2021\/07\/CRM_BRO_f.jpg 640w\" data-sizes=\"auto\" data-orig-sizes=\"(max-width: 1234px) 100vw, 400px\" \/><\/span><\/div><ul style=\"--awb-line-height:23.8px;--awb-icon-width:23.8px;--awb-icon-height:23.8px;--awb-icon-margin:9.8px;--awb-content-margin:33.6px;--awb-circlecolor:var(--awb-color6);--awb-circle-yes-font-size:12.32px;\" class=\"fusion-checklist fusion-checklist-1 fusion-checklist-default type-icons\"><li class=\"fusion-li-item\" style=\"\"><span class=\"icon-wrapper circle-yes\"><i class=\"fusion-li-icon fa-file-pdf fas\" aria-hidden=\"true\"><\/i><\/span><div class=\"fusion-li-item-content\">\n<p><a href=\"http:\/\/www.crmath.ca\/wp-content\/uploads\/2021\/07\/CRM_BRO_e.pdf\">Download the brochure<\/a><\/p>\n<\/div><\/li><\/ul><\/div><\/div><div class=\"fusion-layout-column fusion_builder_column fusion-builder-column-5 fusion_builder_column_2_3 2_3 fusion-flex-column\" style=\"--awb-bg-size:cover;--awb-width-large:66.666666666667%;--awb-margin-top-large:0px;--awb-spacing-right-large:2.88%;--awb-margin-bottom-large:20px;--awb-spacing-left-large:2.88%;--awb-width-medium:66.666666666667%;--awb-order-medium:0;--awb-spacing-right-medium:2.88%;--awb-spacing-left-medium:2.88%;--awb-width-small:100%;--awb-order-small:0;--awb-spacing-right-small:1.92%;--awb-spacing-left-small:1.92%;\" data-scroll-devices=\"small-visibility,medium-visibility,large-visibility\"><div class=\"fusion-column-wrapper fusion-column-has-shadow fusion-flex-justify-content-flex-start fusion-content-layout-column\"><div class=\"fusion-text fusion-text-5\"><div class=\"crm-partners\">\n<p><img class=\"lazyload\" decoding=\"async\" style=\"height: 120px; width: auto; display: block; margin: 0 auto;\" src=\"data:image\/svg+xml,%3Csvg%20xmlns%3D%27http%3A%2F%2Fwww.w3.org%2F2000%2Fsvg%27%20width%3D%27114%27%20height%3D%2755%27%20viewBox%3D%270%200%20114%2055%27%3E%3Crect%20width%3D%27114%27%20height%3D%2755%27%20fill-opacity%3D%220%22%2F%3E%3C%2Fsvg%3E\" data-orig-src=\"https:\/\/www.crmath.ca\/wp-content\/uploads\/2021\/06\/CRSNG_RGB.svg\" alt=\"CRSNG \u2013 Conseil de recherches en sciences naturelles et en g\u00e9nie du Canada\" \/><\/p>\n<p><img class=\"lazyload\" decoding=\"async\" style=\"height: 120px; width: auto; display: block; margin: 40px auto;\" src=\"data:image\/svg+xml,%3Csvg%20xmlns%3D%27http%3A%2F%2Fwww.w3.org%2F2000%2Fsvg%27%20width%3D%27400%27%20height%3D%27153%27%20viewBox%3D%270%200%20400%20153%27%3E%3Crect%20width%3D%27400%27%20height%3D%27153%27%20fill-opacity%3D%220%22%2F%3E%3C%2Fsvg%3E\" data-orig-src=\"https:\/\/www.crmath.ca\/wp-content\/uploads\/2025\/02\/frq_logo_couleur-400x153.png\" alt=\"Fonds de recherche du Qu\u00e9bec\" \/><\/p>\n<p><img class=\"lazyload\" decoding=\"async\" style=\"height: 120px; width: auto; display: block; margin: 0 auto;\" src=\"data:image\/svg+xml,%3Csvg%20xmlns%3D%27http%3A%2F%2Fwww.w3.org%2F2000%2Fsvg%27%20width%3D%27400%27%20height%3D%27117%27%20viewBox%3D%270%200%20400%20117%27%3E%3Crect%20width%3D%27400%27%20height%3D%27117%27%20fill-opacity%3D%220%22%2F%3E%3C%2Fsvg%3E\" data-orig-src=\"https:\/\/www.crmath.ca\/wp-content\/uploads\/2021\/06\/Simons-Foundation-Logo-e1765920239600-400x117.jpeg\" alt=\"Simons Foundation\" \/><\/p>\n<\/div>\n<\/div><\/div><\/div><\/div><\/div><\/p>\n","protected":false},"excerpt":{"rendered":"","protected":false},"author":16,"featured_media":0,"parent":0,"menu_order":0,"comment_status":"closed","ping_status":"closed","template":"100-width.php","meta":{"inline_featured_image":false,"footnotes":""},"class_list":["post-20081","page","type-page","status-publish","hentry"],"_links":{"self":[{"href":"https:\/\/www.crmath.ca\/en\/wp-json\/wp\/v2\/pages\/20081","targetHints":{"allow":["GET"]}}],"collection":[{"href":"https:\/\/www.crmath.ca\/en\/wp-json\/wp\/v2\/pages"}],"about":[{"href":"https:\/\/www.crmath.ca\/en\/wp-json\/wp\/v2\/types\/page"}],"author":[{"embeddable":true,"href":"https:\/\/www.crmath.ca\/en\/wp-json\/wp\/v2\/users\/16"}],"replies":[{"embeddable":true,"href":"https:\/\/www.crmath.ca\/en\/wp-json\/wp\/v2\/comments?post=20081"}],"version-history":[{"count":68,"href":"https:\/\/www.crmath.ca\/en\/wp-json\/wp\/v2\/pages\/20081\/revisions"}],"predecessor-version":[{"id":20228,"href":"https:\/\/www.crmath.ca\/en\/wp-json\/wp\/v2\/pages\/20081\/revisions\/20228"}],"wp:attachment":[{"href":"https:\/\/www.crmath.ca\/en\/wp-json\/wp\/v2\/media?parent=20081"}],"curies":[{"name":"wp","href":"https:\/\/api.w.org\/{rel}","templated":true}]}}