{"id":18863,"date":"2025-08-25T11:23:29","date_gmt":"2025-08-25T15:23:29","guid":{"rendered":"https:\/\/www.crmath.ca\/outreach-and-publications\/publications\/monographs-proceedings-and-lecture-notes\/"},"modified":"2025-10-06T09:25:48","modified_gmt":"2025-10-06T13:25:48","slug":"crm-monographs-series-ams","status":"publish","type":"page","link":"https:\/\/www.crmath.ca\/en\/outreach-and-publications\/publications\/crm-monographs-series-ams\/","title":{"rendered":"CRM Monographs Series (AMS)"},"content":{"rendered":"<div class=\"fusion-fullwidth fullwidth-box fusion-builder-row-1 fusion-flex-container nonhundred-percent-fullwidth non-hundred-percent-height-scrolling\" style=\"--awb-border-radius-top-left:0px;--awb-border-radius-top-right:0px;--awb-border-radius-bottom-right:0px;--awb-border-radius-bottom-left:0px;--awb-padding-right:0px;--awb-padding-left:0px;--awb-flex-wrap:wrap;\" ><div class=\"fusion-builder-row fusion-row fusion-flex-align-items-flex-start fusion-flex-content-wrap\" style=\"max-width:1420.64px;margin-left: calc(-4% \/ 2 );margin-right: calc(-4% \/ 2 );\"><div class=\"fusion-layout-column fusion_builder_column fusion-builder-column-0 fusion_builder_column_2_3 2_3 fusion-flex-column\" style=\"--awb-bg-size:cover;--awb-width-large:66.666666666667%;--awb-margin-top-large:0px;--awb-spacing-right-large:2.88%;--awb-margin-bottom-large:20px;--awb-spacing-left-large:2.88%;--awb-width-medium:66.666666666667%;--awb-order-medium:0;--awb-spacing-right-medium:2.88%;--awb-spacing-left-medium:2.88%;--awb-width-small:100%;--awb-order-small:0;--awb-spacing-right-small:1.92%;--awb-spacing-left-small:1.92%;\"><div class=\"fusion-column-wrapper fusion-column-has-shadow fusion-flex-justify-content-flex-start fusion-content-layout-column\"><div class=\"fusion-text fusion-text-1\"><h6>Publications<\/h6>\n<h1 class=\"p1\">CRM Monographs Series (co-published with the AMS)<\/h1>\n<\/div><div class=\"accordian fusion-accordian\" style=\"--awb-border-size:1px;--awb-icon-size:16px;--awb-content-font-size:14px;--awb-icon-alignment:left;--awb-hover-color:var(--awb-color2);--awb-border-color:var(--awb-color3);--awb-background-color:var(--awb-color1);--awb-divider-color:var(--awb-color3);--awb-divider-hover-color:var(--awb-color3);--awb-icon-color:var(--awb-color1);--awb-title-color:var(--awb-color6);--awb-content-color:var(--awb-custom10);--awb-icon-box-color:var(--awb-color8);--awb-toggle-hover-accent-color:var(--awb-color6);--awb-toggle-active-accent-color:var(--awb-color6);--awb-title-font-family:&quot;Montserrat&quot;;--awb-title-font-weight:600;--awb-title-font-style:normal;--awb-title-font-size:14px;--awb-content-font-family:&quot;Open Sans&quot;;--awb-content-font-style:normal;--awb-content-font-weight:regular;\"><div class=\"panel-group fusion-toggle-icon-boxed\" id=\"accordion-18863-1\"><div class=\"fusion-panel panel-default panel-7b911fec157d2ed07 fusion-toggle-has-divider\" style=\"--awb-title-color:#1187ff;--awb-content-color:#3d3d3d;\"><div class=\"panel-heading\"><h4 class=\"panel-title toggle\" id=\"toggle_7b911fec157d2ed07\"><a aria-expanded=\"false\" aria-controls=\"7b911fec157d2ed07\" role=\"button\" data-toggle=\"collapse\" data-target=\"#7b911fec157d2ed07\" href=\"#7b911fec157d2ed07\"><span class=\"fusion-toggle-icon-wrapper\" aria-hidden=\"true\"><i class=\"fa-fusion-box active-icon awb-icon-minus\" aria-hidden=\"true\"><\/i><i class=\"fa-fusion-box inactive-icon awb-icon-plus\" aria-hidden=\"true\"><\/i><\/span><span class=\"fusion-toggle-heading\">Cocycles de groupe pour GL\ud835\udc5b et arrangements d\u2019hyperplans<\/span><\/a><\/h4><\/div><div id=\"7b911fec157d2ed07\" class=\"panel-collapse collapse \" aria-labelledby=\"toggle_7b911fec157d2ed07\"><div class=\"panel-body toggle-content fusion-clearfix\">\n<div class=\"productDetailAuthorRow\"><span id=\"lblAuthorEditorFullname_0\" class=\"productDetailProductDescriptionAuthorName\">Nicolas Bergeron<\/span> <span id=\"lblAuthorEditSpacer_0\" class=\"productDetailAuthorEditSpacer\">(\u00c9<\/span><span id=\"lblAuthorEditorAffiliation_0\" class=\"productDetailProductDescriptionAuthorAffiliation\">cole Normale Sup\u00e9rieure et Sorbonne Universit\u00e9), <\/span><span id=\"lblAuthorEditorFullname_1\" class=\"productDetailProductDescriptionAuthorName\">Pierre Charollois<\/span> <span id=\"lblAuthorEditSpacer_1\" class=\"productDetailAuthorEditSpacer\">(<\/span><span id=\"lblAuthorEditorAffiliation_1\" class=\"productDetailProductDescriptionAuthorAffiliation\">Sorbonne Universit\u00e9), <\/span><span id=\"lblAuthorEditorFullname_2\" class=\"productDetailProductDescriptionAuthorName\">Luis E. Garc\u00eda<\/span> <span id=\"lblAuthorEditSpacer_2\" class=\"productDetailAuthorEditSpacer\">(<\/span><span id=\"lblAuthorEditorAffiliation_2\" class=\"productDetailProductDescriptionAuthorAffiliation\">University College London)<\/span><\/div>\n<div><\/div>\n<div class=\"productDetailAuthorRow\">Volume 39 | RMM\/39; 2023; 137 pp<\/div>\n<div ><a class=\"fusion-button button-flat button-small button-default fusion-button-default button-1 fusion-button-default-span fusion-button-default-type\" style=\"--button_text_transform:uppercase;\" target=\"_blank\" rel=\"noopener noreferrer\" href=\"http:\/\/bookstore.ams.org\/crmm-39\/\"><span class=\"fusion-button-text awb-button__text awb-button__text--default\">Buy<\/span><\/a><\/div>\n<\/div><\/div><\/div><div class=\"fusion-panel panel-default panel-02e9e6a8b9812c6b0 fusion-toggle-has-divider\" style=\"--awb-title-color:#1187ff;--awb-content-color:#3d3d3d;\"><div class=\"panel-heading\"><h4 class=\"panel-title toggle\" id=\"toggle_02e9e6a8b9812c6b0\"><a aria-expanded=\"false\" aria-controls=\"02e9e6a8b9812c6b0\" role=\"button\" data-toggle=\"collapse\" data-target=\"#02e9e6a8b9812c6b0\" href=\"#02e9e6a8b9812c6b0\"><span class=\"fusion-toggle-icon-wrapper\" aria-hidden=\"true\"><i class=\"fa-fusion-box active-icon awb-icon-minus\" aria-hidden=\"true\"><\/i><i class=\"fa-fusion-box inactive-icon awb-icon-plus\" aria-hidden=\"true\"><\/i><\/span><span class=\"fusion-toggle-heading\">Continuous Symmetries and Integrability of Discrete Equations<\/span><\/a><\/h4><\/div><div id=\"02e9e6a8b9812c6b0\" class=\"panel-collapse collapse \" aria-labelledby=\"toggle_02e9e6a8b9812c6b0\"><div class=\"panel-body toggle-content fusion-clearfix\">\n<p>Decio Levi (<span class=\"productAuthors\">Roma Tre University), Pavel Winternitz (Universit\u00e9 de Montr\u00e9al), Ravil I. Yamilov (UFA Federal Research Center of the Russian Academy of Science)<\/span><\/p>\n<p>Volume 38 | CRMM\/38; 2023; 496 pp<\/p>\n<div ><a class=\"fusion-button button-flat button-small button-default fusion-button-default button-2 fusion-button-default-span fusion-button-default-type\" style=\"--button_text_transform:uppercase;\" target=\"_blank\" rel=\"noopener noreferrer\" href=\"http:\/\/bookstore.ams.org\/crmm-38\/\"><span class=\"fusion-button-text awb-button__text awb-button__text--default\">Buy<\/span><\/a><\/div>\n<\/div><\/div><\/div><div class=\"fusion-panel panel-default panel-89f7e564ba523b246 fusion-toggle-has-divider\" style=\"--awb-title-color:#1187ff;--awb-content-color:#3d3d3d;\"><div class=\"panel-heading\"><h4 class=\"panel-title toggle\" id=\"toggle_89f7e564ba523b246\"><a aria-expanded=\"false\" aria-controls=\"89f7e564ba523b246\" role=\"button\" data-toggle=\"collapse\" data-target=\"#89f7e564ba523b246\" href=\"#89f7e564ba523b246\"><span class=\"fusion-toggle-icon-wrapper\" aria-hidden=\"true\"><i class=\"fa-fusion-box active-icon awb-icon-minus\" aria-hidden=\"true\"><\/i><i class=\"fa-fusion-box inactive-icon awb-icon-plus\" aria-hidden=\"true\"><\/i><\/span><span class=\"fusion-toggle-heading\">Elliptic Boundary Value Problems with Fractional Regularity Data: The First Order Approach<\/span><\/a><\/h4><\/div><div id=\"89f7e564ba523b246\" class=\"panel-collapse collapse \" aria-labelledby=\"toggle_89f7e564ba523b246\"><div class=\"panel-body toggle-content fusion-clearfix\">\n<p>Alex Amenta (<span class=\"productAuthors\">Delft University of Technology<\/span>), Pascal Auscher (<span class=\"productAuthors\">Universit\u00e9 Paris-Sud, Orsay<\/span>)<\/p>\n<p>Volume 37 | CRMM\/37; 2018; 152 pp<\/p>\n<div ><a class=\"fusion-button button-flat button-small button-default fusion-button-default button-3 fusion-button-default-span fusion-button-default-type\" style=\"--button_text_transform:uppercase;\" target=\"_blank\" rel=\"noopener noreferrer\" href=\"http:\/\/bookstore.ams.org\/crmm-37\/\"><span class=\"fusion-button-text awb-button__text awb-button__text--default\">Buy<\/span><\/a><\/div>\n<\/div><\/div><\/div><div class=\"fusion-panel panel-default panel-aaf821b5dac289fc1 fusion-toggle-has-divider\" style=\"--awb-title-color:#1187ff;--awb-content-color:#3d3d3d;\"><div class=\"panel-heading\"><h4 class=\"panel-title toggle\" id=\"toggle_aaf821b5dac289fc1\"><a aria-expanded=\"false\" aria-controls=\"aaf821b5dac289fc1\" role=\"button\" data-toggle=\"collapse\" data-target=\"#aaf821b5dac289fc1\" href=\"#aaf821b5dac289fc1\"><span class=\"fusion-toggle-icon-wrapper\" aria-hidden=\"true\"><i class=\"fa-fusion-box active-icon awb-icon-minus\" aria-hidden=\"true\"><\/i><i class=\"fa-fusion-box inactive-icon awb-icon-plus\" aria-hidden=\"true\"><\/i><\/span><span class=\"fusion-toggle-heading\">Le\u00e7ons d'analyse classique: Exposition d'un cours fait par Paul Koosis \u00e0 l'Universit\u00e9 McGill, Montr\u00e9al<\/span><\/a><\/h4><\/div><div id=\"aaf821b5dac289fc1\" class=\"panel-collapse collapse \" aria-labelledby=\"toggle_aaf821b5dac289fc1\"><div class=\"panel-body toggle-content fusion-clearfix\">\n<p>Philippe Poulin (American University in Dubai)<\/p>\n<p>Volume 26 | CRMM\/36; 2015; 169 pp<\/p>\n<p><span class=\"details\"><a href=\"https:\/\/www.crmath.ca\/wp-content\/uploads\/2025\/09\/recensionkoosis.pdf\" target=\"_blank\" rel=\"noopener\">Read the review<\/a><\/span><\/p>\n<div ><a class=\"fusion-button button-flat button-small button-default fusion-button-default button-4 fusion-button-default-span fusion-button-default-type\" style=\"--button_text_transform:uppercase;\" target=\"_blank\" rel=\"noopener noreferrer\" href=\"http:\/\/bookstore.ams.org\/crmm-36\/\"><span class=\"fusion-button-text awb-button__text awb-button__text--default\">Buy<\/span><\/a><\/div>\n<\/div><\/div><\/div><\/div><\/div><div ><a class=\"fusion-button button-flat button-small button-default fusion-button-default button-5 fusion-button-span-yes fusion-button-default-type\" style=\"--button_text_transform:uppercase;--button_margin-top:20px;--button_margin-bottom:40px;\" target=\"_blank\" rel=\"noopener noreferrer\" href=\"https:\/\/bookstore.ams.org\/CRMM\"><span class=\"fusion-button-icon-divider button-icon-divider-left\"><i class=\"fa-link fas awb-button__icon awb-button__icon--default\" aria-hidden=\"true\"><\/i><\/span><span class=\"fusion-button-text awb-button__text awb-button__text--default fusion-button-text-left\">PURCHASE AND COMPLETE LIST AVAILABLE HERE<\/span><\/a><\/div><\/div><\/div><div class=\"fusion-layout-column fusion_builder_column fusion-builder-column-1 fusion_builder_column_1_3 1_3 fusion-flex-column\" style=\"--awb-overflow:hidden;--awb-bg-color:#f1f7ff;--awb-bg-color-hover:#f1f7ff;--awb-bg-size:cover;--awb-border-color:rgba(17,135,255,0.3);--awb-border-style:solid;--awb-border-radius:10px 10px 10px 10px;--awb-width-large:33.333333333333%;--awb-margin-top-large:0px;--awb-spacing-right-large:5.76%;--awb-margin-bottom-large:20px;--awb-spacing-left-large:5.76%;--awb-width-medium:33.333333333333%;--awb-order-medium:0;--awb-spacing-right-medium:5.76%;--awb-spacing-left-medium:5.76%;--awb-width-small:100%;--awb-order-small:0;--awb-spacing-right-small:1.92%;--awb-spacing-left-small:1.92%;\"><div class=\"fusion-column-wrapper fusion-column-has-shadow fusion-flex-justify-content-flex-start fusion-content-layout-column\"><nav class=\"awb-menu awb-menu_column awb-menu_em-hover mobile-mode-collapse-to-button awb-menu_icons-left awb-menu_dc-yes mobile-trigger-fullwidth-off awb-menu_mobile-toggle awb-menu_indent-left mobile-size-full-absolute loading mega-menu-loading awb-menu_desktop awb-menu_dropdown awb-menu_expand-right awb-menu_transition-fade fusion-animated fusion-no-small-visibility\" style=\"--awb-font-size:13px;--awb-text-transform:none;--awb-gap:0px;--awb-items-padding-top:15px;--awb-items-padding-right:15px;--awb-items-padding-bottom:15px;--awb-items-padding-left:15px;--awb-border-color:#ffffff;--awb-border-bottom:1px;--awb-active-color:#1187ff;--awb-active-bg:#ffffff;--awb-active-border-bottom:1px;--awb-active-border-color:#ffffff;--awb-submenu-text-transform:none;--awb-main-justify-content:flex-start;--awb-mobile-justify:flex-start;--awb-mobile-caret-left:auto;--awb-mobile-caret-right:0;--awb-fusion-font-family-typography:&quot;Open Sans&quot;;--awb-fusion-font-style-typography:normal;--awb-fusion-font-weight-typography:400;--awb-fusion-font-family-submenu-typography:inherit;--awb-fusion-font-style-submenu-typography:normal;--awb-fusion-font-weight-submenu-typography:400;--awb-fusion-font-family-mobile-typography:inherit;--awb-fusion-font-style-mobile-typography:normal;--awb-fusion-font-weight-mobile-typography:400;\" aria-label=\"Niv 3 Publications\" data-breakpoint=\"0\" data-count=\"0\" data-transition-type=\"left\" data-transition-time=\"300\" data-expand=\"right\" data-animationType=\"fadeInRight\" data-animationDuration=\"0.5\" data-animationOffset=\"top-into-view\"><ul id=\"menu-niv-3-publications-anglais\" class=\"fusion-menu awb-menu__main-ul awb-menu__main-ul_column\"><li  id=\"menu-item-18876\"  class=\"menu-item menu-item-type-post_type menu-item-object-page menu-item-18876 awb-menu__li awb-menu__main-li awb-menu__main-li_regular\"  data-item-id=\"18876\"><span class=\"awb-menu__main-background-default awb-menu__main-background-default_left\"><\/span><span class=\"awb-menu__main-background-active awb-menu__main-background-active_left\"><\/span><a  href=\"https:\/\/www.crmath.ca\/en\/outreach-and-publications\/publications\/crm-proceedings-ams\/\" class=\"awb-menu__main-a awb-menu__main-a_regular\"><span class=\"menu-text\">CRM Proceedings (AMS)<\/span><\/a><\/li><li  id=\"menu-item-18867\"  class=\"menu-item menu-item-type-post_type menu-item-object-page menu-item-18867 awb-menu__li awb-menu__main-li awb-menu__main-li_regular\"  data-item-id=\"18867\"><span class=\"awb-menu__main-background-default awb-menu__main-background-default_left\"><\/span><span class=\"awb-menu__main-background-active awb-menu__main-background-active_left\"><\/span><a  href=\"https:\/\/www.crmath.ca\/en\/outreach-and-publications\/publications\/crm-monographs-series-ams\/\" class=\"awb-menu__main-a awb-menu__main-a_regular\"><span class=\"menu-text\">CRM Monographs Series (AMS)<\/span><\/a><\/li><li  id=\"menu-item-18810\"  class=\"menu-item menu-item-type-post_type menu-item-object-page menu-item-18810 awb-menu__li awb-menu__main-li awb-menu__main-li_regular\"  data-item-id=\"18810\"><span class=\"awb-menu__main-background-default awb-menu__main-background-default_left\"><\/span><span class=\"awb-menu__main-background-active awb-menu__main-background-active_left\"><\/span><a  href=\"https:\/\/www.crmath.ca\/en\/outreach-and-publications\/publications\/crm-series-in-mathematical-physics-springer\/\" class=\"awb-menu__main-a awb-menu__main-a_regular\"><span class=\"menu-text\">CRM Series in Mathematical Physics (Springer)<\/span><\/a><\/li><li  id=\"menu-item-18858\"  class=\"menu-item menu-item-type-post_type menu-item-object-page menu-item-18858 awb-menu__li awb-menu__main-li awb-menu__main-li_regular\"  data-item-id=\"18858\"><span class=\"awb-menu__main-background-default awb-menu__main-background-default_left\"><\/span><span class=\"awb-menu__main-background-active awb-menu__main-background-active_left\"><\/span><a  href=\"https:\/\/www.crmath.ca\/en\/outreach-and-publications\/publications\/crm-short-courses-springer\/\" class=\"awb-menu__main-a awb-menu__main-a_regular\"><span class=\"menu-text\">CRM Short Courses (Springer)<\/span><\/a><\/li><li  id=\"menu-item-18997\"  class=\"menu-item menu-item-type-post_type menu-item-object-page menu-item-18997 awb-menu__li awb-menu__main-li awb-menu__main-li_regular\"  data-item-id=\"18997\"><span class=\"awb-menu__main-background-default awb-menu__main-background-default_left\"><\/span><span class=\"awb-menu__main-background-active awb-menu__main-background-active_left\"><\/span><a  href=\"https:\/\/www.crmath.ca\/en\/outreach-and-publications\/publications\/exceptionals-springer\/\" class=\"awb-menu__main-a awb-menu__main-a_regular\"><span class=\"menu-text\">Exceptionals (Springer)<\/span><\/a><\/li><li  id=\"menu-item-4762\"  class=\"menu-item menu-item-type-post_type menu-item-object-page menu-item-4762 awb-menu__li awb-menu__main-li awb-menu__main-li_regular\"  data-item-id=\"4762\"><span class=\"awb-menu__main-background-default awb-menu__main-background-default_left\"><\/span><span class=\"awb-menu__main-background-active awb-menu__main-background-active_left\"><\/span><a  href=\"https:\/\/www.crmath.ca\/en\/outreach-and-publications\/publications\/past-in-house-crm-publications-and-sms\/\" class=\"awb-menu__main-a awb-menu__main-a_regular\"><span class=\"menu-text\">Past in-house CRM publications and SMS<\/span><\/a><\/li><li  id=\"menu-item-4763\"  class=\"menu-item menu-item-type-post_type menu-item-object-page menu-item-4763 awb-menu__li awb-menu__main-li awb-menu__main-li_regular\"  data-item-id=\"4763\"><span class=\"awb-menu__main-background-default awb-menu__main-background-default_left\"><\/span><span class=\"awb-menu__main-background-active awb-menu__main-background-active_left\"><\/span><a  href=\"https:\/\/www.crmath.ca\/en\/outreach-and-publications\/publications\/annales-mathematiques-du-quebec\/\" class=\"awb-menu__main-a awb-menu__main-a_regular\"><span class=\"menu-text\">Annales math\u00e9matiques du Qu\u00e9bec<\/span><\/a><\/li><li  id=\"menu-item-4764\"  class=\"menu-item menu-item-type-post_type menu-item-object-page menu-item-4764 awb-menu__li awb-menu__main-li awb-menu__main-li_regular\"  data-item-id=\"4764\"><span class=\"awb-menu__main-background-default awb-menu__main-background-default_left\"><\/span><span class=\"awb-menu__main-background-active awb-menu__main-background-active_left\"><\/span><a  href=\"https:\/\/www.crmath.ca\/en\/outreach-and-publications\/publications\/accromath\/\" class=\"awb-menu__main-a awb-menu__main-a_regular\"><span class=\"menu-text\">Accromath<\/span><\/a><\/li><li  id=\"menu-item-4766\"  class=\"menu-item menu-item-type-post_type menu-item-object-page menu-item-4766 awb-menu__li awb-menu__main-li awb-menu__main-li_regular\"  data-item-id=\"4766\"><span class=\"awb-menu__main-background-default awb-menu__main-background-default_left\"><\/span><span class=\"awb-menu__main-background-active awb-menu__main-background-active_left\"><\/span><a  href=\"https:\/\/www.crmath.ca\/en\/outreach-and-publications\/publications\/annual-reports\/\" class=\"awb-menu__main-a awb-menu__main-a_regular\"><span class=\"menu-text\">Annual Reports<\/span><\/a><\/li><li  id=\"menu-item-4765\"  class=\"menu-item menu-item-type-post_type menu-item-object-page menu-item-4765 awb-menu__li awb-menu__main-li awb-menu__main-li_regular\"  data-item-id=\"4765\"><span class=\"awb-menu__main-background-default awb-menu__main-background-default_left\"><\/span><span class=\"awb-menu__main-background-active awb-menu__main-background-active_left\"><\/span><a  href=\"https:\/\/www.crmath.ca\/en\/outreach-and-publications\/publications\/bulletins\/\" class=\"awb-menu__main-a awb-menu__main-a_regular\"><span class=\"menu-text\">Bulletin du CRM<\/span><\/a><\/li><\/ul><\/nav><\/div><\/div><\/div><\/div>\n","protected":false},"excerpt":{"rendered":"","protected":false},"author":16,"featured_media":0,"parent":4253,"menu_order":0,"comment_status":"closed","ping_status":"closed","template":"","meta":{"inline_featured_image":false,"footnotes":""},"class_list":["post-18863","page","type-page","status-publish","hentry"],"_links":{"self":[{"href":"https:\/\/www.crmath.ca\/en\/wp-json\/wp\/v2\/pages\/18863","targetHints":{"allow":["GET"]}}],"collection":[{"href":"https:\/\/www.crmath.ca\/en\/wp-json\/wp\/v2\/pages"}],"about":[{"href":"https:\/\/www.crmath.ca\/en\/wp-json\/wp\/v2\/types\/page"}],"author":[{"embeddable":true,"href":"https:\/\/www.crmath.ca\/en\/wp-json\/wp\/v2\/users\/16"}],"replies":[{"embeddable":true,"href":"https:\/\/www.crmath.ca\/en\/wp-json\/wp\/v2\/comments?post=18863"}],"version-history":[{"count":7,"href":"https:\/\/www.crmath.ca\/en\/wp-json\/wp\/v2\/pages\/18863\/revisions"}],"predecessor-version":[{"id":19339,"href":"https:\/\/www.crmath.ca\/en\/wp-json\/wp\/v2\/pages\/18863\/revisions\/19339"}],"up":[{"embeddable":true,"href":"https:\/\/www.crmath.ca\/en\/wp-json\/wp\/v2\/pages\/4253"}],"wp:attachment":[{"href":"https:\/\/www.crmath.ca\/en\/wp-json\/wp\/v2\/media?parent=18863"}],"curies":[{"name":"wp","href":"https:\/\/api.w.org\/{rel}","templated":true}]}}