{"id":15165,"date":"2024-09-23T13:14:29","date_gmt":"2024-09-23T17:14:29","guid":{"rendered":"https:\/\/www.crmath.ca\/probability-laboratory\/"},"modified":"2024-11-12T15:47:49","modified_gmt":"2024-11-12T20:47:49","slug":"members-laboratory","status":"publish","type":"page","link":"https:\/\/www.crmath.ca\/en\/probability-laboratory\/members-laboratory\/","title":{"rendered":"Probability Laboratory members"},"content":{"rendered":"<div class=\"fusion-fullwidth fullwidth-box fusion-builder-row-1 fusion-flex-container has-pattern-background has-mask-background nonhundred-percent-fullwidth non-hundred-percent-height-scrolling\" style=\"--awb-border-radius-top-left:0px;--awb-border-radius-top-right:0px;--awb-border-radius-bottom-right:0px;--awb-border-radius-bottom-left:0px;--awb-flex-wrap:wrap;\" ><div class=\"fusion-builder-row fusion-row fusion-flex-align-items-flex-start fusion-flex-content-wrap\" style=\"max-width:1420.64px;margin-left: calc(-4% \/ 2 );margin-right: calc(-4% \/ 2 );\"><div class=\"fusion-layout-column fusion_builder_column fusion-builder-column-0 fusion_builder_column_2_3 2_3 fusion-flex-column\" style=\"--awb-bg-size:cover;--awb-width-large:66.666666666667%;--awb-margin-top-large:0px;--awb-spacing-right-large:2.88%;--awb-margin-bottom-large:20px;--awb-spacing-left-large:2.88%;--awb-width-medium:66.666666666667%;--awb-order-medium:0;--awb-spacing-right-medium:2.88%;--awb-spacing-left-medium:2.88%;--awb-width-small:100%;--awb-order-small:0;--awb-spacing-right-small:1.92%;--awb-spacing-left-small:1.92%;\"><div class=\"fusion-column-wrapper fusion-column-has-shadow fusion-flex-justify-content-flex-start fusion-content-layout-column\">\n\n    <h3><b>Regular laboratory members<\/b><\/h3>\n    <ul>\n        <li>Addario-Berry, Louigi (McGill University)<\/li>\r\n        <li>Balan, Raluca M. (University of Ottawa)<\/li>\r\n        <li>Benigni, Lucas (Universit\u00e9 de Montr\u00e9al)<\/li>\r\n        <li>Chen, Linan (McGill University)<\/li>\r\n        <li>Fribergh, Alexander (Universit\u00e9 de Montr\u00e9al)<\/li>\r\n        <li>Gu\u00e9rin, H\u00e9l\u00e8ne (Universit\u00e9 du Qu\u00e9bec \u00e0 Montr\u00e9al)<\/li>\r\n        <li>Lessard, Sabin (Universit\u00e9 de Montr\u00e9al)<\/li>\r\n        <li>Lin, Jessica (McGill University)<\/li>\r\n        <li>Ortmann, Janosch (UQAM)<\/li>\r\n        <li>Paquette, Elliot (McGill University)<\/li>\r\n        <li>Popovic, Lea (Concordia University)<\/li>\r\n        <li>Smith, Aaron (Universit\u00e9 d'Ottawa)<\/li>\r\n        <li>Sun, Wei (Concordia University)<\/li>\r\n        <li>Zhou, Xiaowen (Concordia University)<\/li>\r\n    <\/ul>\n\n    <h3><b>Associate members of the laboratory<\/b><\/h3>\n    <ul>\n        <li>Bertola, Marco (Concordia University & SISSA)<\/li>\r\n        <li>Granville, Andrew (Universit\u00e9 de Montr\u00e9al)<\/li>\r\n        <li>Jakobson, Dmitry (McGill University)<\/li>\r\n        <li>Jaksic, Vojkan (McGill University)<\/li>\r\n    <\/ul>\n    \n\n\n<\/div><\/div><div class=\"fusion-layout-column fusion_builder_column fusion-builder-column-1 fusion_builder_column_1_3 1_3 fusion-flex-column\" style=\"--awb-bg-size:cover;--awb-width-large:33.333333333333%;--awb-margin-top-large:0px;--awb-spacing-right-large:5.76%;--awb-margin-bottom-large:20px;--awb-spacing-left-large:5.76%;--awb-width-medium:33.333333333333%;--awb-order-medium:0;--awb-spacing-right-medium:5.76%;--awb-spacing-left-medium:5.76%;--awb-width-small:100%;--awb-order-small:0;--awb-spacing-right-small:1.92%;--awb-spacing-left-small:1.92%;\"><div class=\"fusion-column-wrapper fusion-column-has-shadow fusion-flex-justify-content-flex-start fusion-content-layout-column\"><div class=\"fusion-flip-boxes flip-boxes row fusion-columns-1 flip-effect-classic\"><div class=\"fusion-flip-box-wrapper fusion-column col-lg-12 col-md-12 col-sm-12\"><div class=\"fusion-flip-box flip-right\" tabindex=\"0\"><div class=\"flip-box-inner-wrapper\"><div class=\"flip-box-front\" style=\"--awb-border-size:1px;--awb-background-color-front:var(--awb-custom16);--awb-text-front-color:var(--awb-color3);\"><div class=\"flip-box-front-inner\"><h2 class=\"flip-box-heading without-text\">ABOUT<\/h2><\/div><\/div><div class=\"flip-box-back\" style=\"--awb-border-size:1px;--awb-background-color-back:var(--awb-color5);\"><div class=\"flip-box-back-inner\"><div style=\"text-align:center;\"><a class=\"fusion-button button-flat button-small button-custom fusion-button-default button-1 fusion-button-default-span fusion-button-default-type\" style=\"--button_accent_color:#462769;--button_accent_hover_color:#462769;--button_border_hover_color:var(--awb-color1);--button_gradient_top_color:#ffffff;--button_gradient_bottom_color:#ffffff;--button_gradient_top_color_hover:rgba(255,255,255,0.22);--button_gradient_bottom_color_hover:rgba(255,255,255,0.22);\" target=\"_self\" href=\"https:\/\/www.crmath.ca\/en\/probability-laboratory\/\"><span class=\"fusion-button-text awb-button__text awb-button__text--default\">ABOUT<\/span><\/a><\/div><\/div><\/div><\/div><\/div><\/div><div class=\"fusion-flip-box-wrapper fusion-column col-lg-12 col-md-12 col-sm-12\"><div class=\"fusion-flip-box flip-right\" tabindex=\"0\"><div class=\"flip-box-inner-wrapper\"><div class=\"flip-box-front\" style=\"--awb-border-size:1px;--awb-background-color-front:var(--awb-custom16);--awb-text-front-color:var(--awb-color3);\"><div class=\"flip-box-front-inner\"><h2 class=\"flip-box-heading without-text\">MEMBERS<\/h2><\/div><\/div><div class=\"flip-box-back\" style=\"--awb-border-size:1px;--awb-background-color-back:var(--awb-color5);\"><div class=\"flip-box-back-inner\"><div style=\"text-align:center;\"><a class=\"fusion-button button-flat button-small button-custom fusion-button-default button-2 fusion-button-default-span fusion-button-default-type\" style=\"--button_accent_color:#462769;--button_accent_hover_color:#462769;--button_border_hover_color:var(--awb-color1);--button_gradient_top_color:#ffffff;--button_gradient_bottom_color:#ffffff;--button_gradient_top_color_hover:rgba(255,255,255,0.22);--button_gradient_bottom_color_hover:rgba(255,255,255,0.22);\" target=\"_self\" href=\"https:\/\/www.crmath.ca\/en\/probability-laboratory\/members-laboratory\/\"><span class=\"fusion-button-text awb-button__text awb-button__text--default\">MEMBERS<\/span><\/a><\/div><\/div><\/div><\/div><\/div><\/div><div class=\"fusion-flip-box-wrapper fusion-column col-lg-12 col-md-12 col-sm-12\"><div class=\"fusion-flip-box flip-right\" tabindex=\"0\"><div class=\"flip-box-inner-wrapper\"><div class=\"flip-box-front\" style=\"--awb-border-size:1px;--awb-background-color-front:var(--awb-custom16);--awb-text-front-color:var(--awb-color3);\"><div class=\"flip-box-front-inner\"><h2 class=\"flip-box-heading without-text\">SEMINARS<\/h2><\/div><\/div><div class=\"flip-box-back\" style=\"--awb-border-size:1px;--awb-background-color-back:var(--awb-color5);\"><div class=\"flip-box-back-inner\"><div style=\"text-align:center;\"><a class=\"fusion-button button-flat button-small button-custom fusion-button-default button-3 fusion-button-default-span fusion-button-default-type\" style=\"--button_accent_color:#462769;--button_accent_hover_color:#462769;--button_border_hover_color:var(--awb-color1);--button_gradient_top_color:#ffffff;--button_gradient_bottom_color:#ffffff;--button_gradient_top_color_hover:rgba(255,255,255,0.22);--button_gradient_bottom_color_hover:rgba(255,255,255,0.22);\" target=\"_self\" href=\"https:\/\/www.crmath.ca\/en\/probability-laboratory\/probability-laboratory-seminars\/\"><span class=\"fusion-button-text awb-button__text awb-button__text--default\">SEMINARS<\/span><\/a><\/div><\/div><\/div><\/div><\/div><\/div><div class=\"fusion-flip-box-wrapper fusion-column col-lg-12 col-md-12 col-sm-12\"><div class=\"fusion-flip-box flip-right\" tabindex=\"0\"><div class=\"flip-box-inner-wrapper\"><div class=\"flip-box-front\" style=\"--awb-border-size:1px;--awb-background-color-front:var(--awb-custom16);--awb-text-front-color:var(--awb-color3);\"><div class=\"flip-box-front-inner\"><h2 class=\"flip-box-heading without-text\">CONTACT<\/h2><\/div><\/div><div class=\"flip-box-back\" style=\"--awb-border-size:1px;--awb-background-color-back:var(--awb-color5);\"><div class=\"flip-box-back-inner\"><div style=\"text-align:center;\"><a class=\"fusion-button button-flat button-small button-custom fusion-button-default button-4 fusion-button-default-span fusion-button-default-type\" style=\"--button_accent_color:#462769;--button_accent_hover_color:#462769;--button_border_hover_color:var(--awb-color1);--button_gradient_top_color:#ffffff;--button_gradient_bottom_color:#ffffff;--button_gradient_top_color_hover:rgba(255,255,255,0.22);--button_gradient_bottom_color_hover:rgba(255,255,255,0.22);\" target=\"_self\" href=\"https:\/\/www.crmath.ca\/en\/probability-laboratory\/probability-laboratory-contact\/\"><span class=\"fusion-button-text awb-button__text awb-button__text--default\">CONTACT<\/span><\/a><\/div><\/div><\/div><\/div><\/div><\/div><\/div><\/div><\/div><\/div><\/div>\n","protected":false},"excerpt":{"rendered":"","protected":false},"author":6,"featured_media":0,"parent":15151,"menu_order":0,"comment_status":"closed","ping_status":"closed","template":"","meta":{"inline_featured_image":false,"footnotes":""},"class_list":["post-15165","page","type-page","status-publish","hentry"],"_links":{"self":[{"href":"https:\/\/www.crmath.ca\/en\/wp-json\/wp\/v2\/pages\/15165","targetHints":{"allow":["GET"]}}],"collection":[{"href":"https:\/\/www.crmath.ca\/en\/wp-json\/wp\/v2\/pages"}],"about":[{"href":"https:\/\/www.crmath.ca\/en\/wp-json\/wp\/v2\/types\/page"}],"author":[{"embeddable":true,"href":"https:\/\/www.crmath.ca\/en\/wp-json\/wp\/v2\/users\/6"}],"replies":[{"embeddable":true,"href":"https:\/\/www.crmath.ca\/en\/wp-json\/wp\/v2\/comments?post=15165"}],"version-history":[{"count":6,"href":"https:\/\/www.crmath.ca\/en\/wp-json\/wp\/v2\/pages\/15165\/revisions"}],"predecessor-version":[{"id":16000,"href":"https:\/\/www.crmath.ca\/en\/wp-json\/wp\/v2\/pages\/15165\/revisions\/16000"}],"up":[{"embeddable":true,"href":"https:\/\/www.crmath.ca\/en\/wp-json\/wp\/v2\/pages\/15151"}],"wp:attachment":[{"href":"https:\/\/www.crmath.ca\/en\/wp-json\/wp\/v2\/media?parent=15165"}],"curies":[{"name":"wp","href":"https:\/\/api.w.org\/{rel}","templated":true}]}}