{"id":14931,"date":"2024-09-13T13:55:29","date_gmt":"2024-09-13T17:55:29","guid":{"rendered":"https:\/\/www.crmath.ca\/cambam\/cambam-members\/"},"modified":"2024-09-13T14:49:52","modified_gmt":"2024-09-13T18:49:52","slug":"cambam-workshops","status":"publish","type":"page","link":"https:\/\/www.crmath.ca\/en\/cambam\/cambam-workshops\/","title":{"rendered":"CAMBAM Workshops"},"content":{"rendered":"<div class=\"fusion-fullwidth fullwidth-box fusion-builder-row-1 fusion-flex-container has-pattern-background has-mask-background nonhundred-percent-fullwidth non-hundred-percent-height-scrolling\" style=\"--awb-border-radius-top-left:0px;--awb-border-radius-top-right:0px;--awb-border-radius-bottom-right:0px;--awb-border-radius-bottom-left:0px;--awb-flex-wrap:wrap;\" ><div class=\"fusion-builder-row fusion-row fusion-flex-align-items-flex-start fusion-flex-content-wrap\" style=\"max-width:1420.64px;margin-left: calc(-4% \/ 2 );margin-right: calc(-4% \/ 2 );\"><div class=\"fusion-layout-column fusion_builder_column fusion-builder-column-0 fusion_builder_column_2_3 2_3 fusion-flex-column\" style=\"--awb-bg-size:cover;--awb-width-large:66.666666666667%;--awb-margin-top-large:0px;--awb-spacing-right-large:2.88%;--awb-margin-bottom-large:20px;--awb-spacing-left-large:2.88%;--awb-width-medium:66.666666666667%;--awb-order-medium:0;--awb-spacing-right-medium:2.88%;--awb-spacing-left-medium:2.88%;--awb-width-small:100%;--awb-order-small:0;--awb-spacing-right-small:1.92%;--awb-spacing-left-small:1.92%;\"><div class=\"fusion-column-wrapper fusion-column-has-shadow fusion-flex-justify-content-flex-start fusion-content-layout-column\"><style>\n\nh4 {\n    font-size: 18px!important;\n    text-transform: uppercase;\n    margin: 0 0 4px!important;\n    \n    font-weight: bold;\n  }\n\nh2 {\n  color: #170652;\n \n}\nh3 {\n      \n      border-radius: 5px;\n      border-top-left-radius: 0;\n      border-bottom-left-radius: 0;\n      font-size: 14px!important;\n      text-transform: uppercase;\n      line-height: 1;\n      color: white;\n      font-weight: bold;\n      margin-bottom: 8px;\n      margin-right: 5px;\n      display: inline-block;\n      padding: 6px 12px 5px;\n      \n      background: #b3b3b3; \n\n      \n      \n    }\n\n<\/style>\n \n\n    <h4><b>Workshops and conferences <\/b><\/h4>\n    <ul>\n<h3 class=\"meta-tag\" >         <li>  Title:    <\/h3> <h4 ><a href=\"https:\/\/www.crmath.ca\/en\/activities\/#\/search\/ICMNS 2026 - Conf\u00e9rence internationale sur les neurosciences math\u00e9matiques \" >ICMNS 2026 - Conf\u00e9rence internationale sur les neurosciences math\u00e9matiques<\/a><\/h4> <p> Start date:  06\/02\/2026 -- Date  de fin: 06\/05\/2026<\/p><\/li>\r\n\r\n\r\n<h3 class=\"meta-tag\" >         <li>  Title:    <\/h3> <h4 ><a href=\"https:\/\/www.crmath.ca\/en\/activities\/#\/search\/Methods for Dynamics across Living Systems \" >Methods for Dynamics across Living Systems<\/a><\/h4> <p> Start date:  04\/14\/2026 -- Date  de fin: 04\/14\/2026<\/p><\/li>\r\n\r\n\r\n<h3 class=\"meta-tag\" >         <li>  Title:    <\/h3> <h4 ><a href=\"https:\/\/www.crmath.ca\/en\/activities\/#\/search\/Rythmes, r\u00e9seaux et analyse lente-rapide dans les syst\u00e8mes neuronaux et endocriniens \" >Rythmes, r\u00e9seaux et analyse lente-rapide dans les syst\u00e8mes neuronaux et endocriniens<\/a><\/h4> <p> Start date:  06\/02\/2025 -- Date  de fin: 06\/06\/2025<\/p><\/li>\r\n\r\n\r\n<h3 class=\"meta-tag\" >         <li>  Title:    <\/h3> <h4 ><a href=\"https:\/\/www.crmath.ca\/en\/activities\/#\/search\/Machine Learning Applications in Computational Neuroscience and Biology \" >Machine Learning Applications in Computational Neuroscience and Biology<\/a><\/h4> <p> Start date:  06\/28\/2023 -- Date  de fin: 06\/28\/2023<\/p><\/li>\r\n\r\n\r\n<h3 class=\"meta-tag\" >         <li>  Title:    <\/h3> <h4 ><a href=\"https:\/\/www.crmath.ca\/en\/activities\/#\/search\/From Genome to Phenome: A Comprehensive Workshop on Genome-Wide Scans and Cutting-Edge Post-GWAS Techniques \" >From Genome to Phenome: A Comprehensive Workshop on Genome-Wide Scans and Cutting-Edge Post-GWAS Techniques<\/a><\/h4> <p> Start date:  06\/27\/2023 -- Date  de fin: 06\/28\/2023<\/p><\/li>\r\n\r\n\r\n<h3 class=\"meta-tag\" >         <li>  Title:    <\/h3> <h4 ><a href=\"https:\/\/www.crmath.ca\/en\/activities\/#\/search\/Exploring Single Neuron Excitability with Mathematical and Computational Models \" >Exploring Single Neuron Excitability with Mathematical and Computational Models<\/a><\/h4> <p> Start date:  06\/16\/2023 -- Date  de fin: 06\/16\/2023<\/p><\/li>\r\n\r\n\r\n<h3 class=\"meta-tag\" >         <li>  Title:    <\/h3> <h4 ><a href=\"https:\/\/www.crmath.ca\/en\/activities\/#\/search\/\u00c9cole d\u2019\u00e9t\u00e9 en dynamique non lin\u00e9aire pour les sciences de la vie \" >\u00c9cole d\u2019\u00e9t\u00e9 en dynamique non lin\u00e9aire pour les sciences de la vie<\/a><\/h4> <p> Start date:  05\/30\/2022 -- Date  de fin: 06\/10\/2022<\/p><\/li>\r\n\r\n\r\n<h3 class=\"meta-tag\" >         <li>  Title:    <\/h3> <h4 ><a href=\"https:\/\/www.crmath.ca\/en\/activities\/#\/search\/\u00c9cole d'\u00e9t\u00e9 en dynamique non lin\u00e9aire pour les sciences de la vie avec applications aux neurosciences et \u00e0 la psychologie \" >\u00c9cole d'\u00e9t\u00e9 en dynamique non lin\u00e9aire pour les sciences de la vie avec applications aux neurosciences et \u00e0 la psychologie<\/a><\/h4> <p> Start date:  05\/31\/2021 -- Date  de fin: 06\/11\/2021<\/p><\/li>\r\n\r\n\r\n<h3 class=\"meta-tag\" >         <li>  Title:    <\/h3> <h4 ><a href=\"https:\/\/www.crmath.ca\/en\/activities\/#\/search\/Ateliers CAMBAM \" >Ateliers CAMBAM<\/a><\/h4> <p> Start date:  07\/27\/2020 -- Date  de fin: 08\/14\/2020<\/p><\/li>\r\n\r\n\r\n<h3 class=\"meta-tag\" >         <li>  Title:    <\/h3> <h4 ><a href=\"https:\/\/www.crmath.ca\/en\/activities\/#\/search\/Zoomposium CAMBAM : \u00c9chelles de temps multiples dans Neuronal et autres syst\u00e8mes \" >Zoomposium CAMBAM : \u00c9chelles de temps multiples dans Neuronal et autres syst\u00e8mes<\/a><\/h4> <p> Start date:  06\/05\/2020 -- Date  de fin: 06\/05\/2020<\/p><\/li>\r\n\r\n\r\n<h3 class=\"meta-tag\" >         <li>  Title:    <\/h3> <h4 ><a href=\"https:\/\/www.crmath.ca\/en\/activities\/#\/search\/Summer School on Nonlinear Dynamics in Life Sciences \" >Summer School on Nonlinear Dynamics in Life Sciences<\/a><\/h4> <p> Start date:  07\/15\/2019 -- Date  de fin: 07\/19\/2019<\/p><\/li>\r\n\r\n\r\n<h3 class=\"meta-tag\" >         <li>  Title:    <\/h3> <h4 ><a href=\"https:\/\/www.crmath.ca\/en\/activities\/#\/search\/The Joint CAMBAM\/NSERC-CREATE in Complex Dynamics Summer School \" >The Joint CAMBAM\/NSERC-CREATE in Complex Dynamics Summer School<\/a><\/h4> <p> Start date:  06\/18\/2018 -- Date  de fin: 06\/29\/2018<\/p><\/li>\r\n\r\n\r\n<h3 class=\"meta-tag\" >         <li>  Title:    <\/h3> <h4 ><a href=\"https:\/\/www.crmath.ca\/en\/activities\/#\/search\/Approches th\u00e9rapeutiques quantitatives et translationnelles: Un effort concert\u00e9 \" >Approches th\u00e9rapeutiques quantitatives et translationnelles: Un effort concert\u00e9<\/a><\/h4> <p> Start date:  06\/12\/2017 -- Date  de fin: 06\/14\/2017<\/p><\/li>\r\n\r\n\r\n<h3 class=\"meta-tag\" >         <li>  Title:    <\/h3> <h4 ><a href=\"https:\/\/www.crmath.ca\/en\/activities\/#\/search\/\u00c9cole d\u2019\u00e9t\u00e9 CAMBAM-MBI-NIMBioS 2015 \/ Dynamiques non lin\u00e9aires en syst\u00e8mes biologiques \" >\u00c9cole d\u2019\u00e9t\u00e9 CAMBAM-MBI-NIMBioS 2015 \/ Dynamiques non lin\u00e9aires en syst\u00e8mes biologiques<\/a><\/h4> <p> Start date:  06\/01\/2015 -- Date  de fin: 06\/12\/2015<\/p><\/li>\r\n\r\n\r\n    <\/ul>\n\n    \n   \n\n<\/div><\/div><div class=\"fusion-layout-column fusion_builder_column fusion-builder-column-1 fusion_builder_column_1_3 1_3 fusion-flex-column\" style=\"--awb-bg-size:cover;--awb-width-large:33.333333333333%;--awb-margin-top-large:0px;--awb-spacing-right-large:5.76%;--awb-margin-bottom-large:20px;--awb-spacing-left-large:5.76%;--awb-width-medium:33.333333333333%;--awb-order-medium:0;--awb-spacing-right-medium:5.76%;--awb-spacing-left-medium:5.76%;--awb-width-small:100%;--awb-order-small:0;--awb-spacing-right-small:1.92%;--awb-spacing-left-small:1.92%;\"><div class=\"fusion-column-wrapper fusion-column-has-shadow fusion-flex-justify-content-flex-start fusion-content-layout-column\"><div class=\"fusion-flip-boxes flip-boxes row fusion-columns-1 flip-effect-classic\"><div class=\"fusion-flip-box-wrapper fusion-column col-lg-12 col-md-12 col-sm-12\"><div class=\"fusion-flip-box flip-right\" tabindex=\"0\"><div class=\"flip-box-inner-wrapper\"><div class=\"flip-box-front\" style=\"--awb-border-size:1px;--awb-background-color-front:var(--awb-custom16);--awb-text-front-color:var(--awb-color3);\"><div class=\"flip-box-front-inner\"><h2 class=\"flip-box-heading without-text\">ABOUT<\/h2><\/div><\/div><div class=\"flip-box-back\" style=\"--awb-border-size:1px;--awb-background-color-back:var(--awb-color5);\"><div class=\"flip-box-back-inner\"><div style=\"text-align:center;\"><a class=\"fusion-button button-flat button-small button-custom fusion-button-default button-1 fusion-button-default-span fusion-button-default-type\" style=\"--button_accent_color:#462769;--button_accent_hover_color:#462769;--button_border_hover_color:var(--awb-color1);--button_gradient_top_color:#ffffff;--button_gradient_bottom_color:#ffffff;--button_gradient_top_color_hover:rgba(255,255,255,0.22);--button_gradient_bottom_color_hover:rgba(255,255,255,0.22);\" target=\"_self\" href=\"https:\/\/www.crmath.ca\/en\/cambam\/\"><span class=\"fusion-button-text awb-button__text awb-button__text--default\">ABOUT<\/span><\/a><\/div><\/div><\/div><\/div><\/div><\/div><div class=\"fusion-flip-box-wrapper fusion-column col-lg-12 col-md-12 col-sm-12\"><div class=\"fusion-flip-box flip-right\" tabindex=\"0\"><div class=\"flip-box-inner-wrapper\"><div class=\"flip-box-front\" style=\"--awb-border-size:1px;--awb-background-color-front:var(--awb-custom16);--awb-text-front-color:var(--awb-color3);\"><div class=\"flip-box-front-inner\"><h2 class=\"flip-box-heading without-text\">MEMBERS<\/h2><\/div><\/div><div class=\"flip-box-back\" style=\"--awb-border-size:1px;--awb-background-color-back:var(--awb-color5);\"><div class=\"flip-box-back-inner\"><div style=\"text-align:center;\"><a class=\"fusion-button button-flat button-small button-custom fusion-button-default button-2 fusion-button-default-span fusion-button-default-type\" style=\"--button_accent_color:#462769;--button_accent_hover_color:#462769;--button_border_hover_color:var(--awb-color1);--button_gradient_top_color:#ffffff;--button_gradient_bottom_color:#ffffff;--button_gradient_top_color_hover:rgba(255,255,255,0.22);--button_gradient_bottom_color_hover:rgba(255,255,255,0.22);\" target=\"_self\" href=\"https:\/\/www.crmath.ca\/en\/cambam\/cambam-members\/\"><span class=\"fusion-button-text awb-button__text awb-button__text--default\">MEMBERS<\/span><\/a><\/div><\/div><\/div><\/div><\/div><\/div><div class=\"fusion-flip-box-wrapper fusion-column col-lg-12 col-md-12 col-sm-12\"><div class=\"fusion-flip-box flip-right\" tabindex=\"0\"><div class=\"flip-box-inner-wrapper\"><div class=\"flip-box-front\" style=\"--awb-border-size:1px;--awb-background-color-front:var(--awb-custom16);--awb-text-front-color:var(--awb-color3);\"><div class=\"flip-box-front-inner\"><h2 class=\"flip-box-heading without-text\">WORKSHOPS AND CONFERENCES<\/h2><\/div><\/div><div class=\"flip-box-back\" style=\"--awb-border-size:1px;--awb-background-color-back:var(--awb-color5);\"><div class=\"flip-box-back-inner\"><div style=\"text-align:center;\"><a class=\"fusion-button button-flat button-small button-custom fusion-button-default button-3 fusion-button-default-span fusion-button-default-type\" style=\"--button_accent_color:#462769;--button_accent_hover_color:#462769;--button_border_hover_color:var(--awb-color1);--button_gradient_top_color:#ffffff;--button_gradient_bottom_color:#ffffff;--button_gradient_top_color_hover:rgba(255,255,255,0.22);--button_gradient_bottom_color_hover:rgba(255,255,255,0.22);\" target=\"_self\" href=\"https:\/\/www.crmath.ca\/en\/cambam\/cambam-workshops\/\"><span class=\"fusion-button-text awb-button__text awb-button__text--default\">WORKSHOPS AND CONFERENCES<\/span><\/a><\/div><\/div><\/div><\/div><\/div><\/div><div class=\"fusion-flip-box-wrapper fusion-column col-lg-12 col-md-12 col-sm-12\"><div class=\"fusion-flip-box flip-right\" tabindex=\"0\"><div class=\"flip-box-inner-wrapper\"><div class=\"flip-box-front\" style=\"--awb-border-size:1px;--awb-background-color-front:var(--awb-custom16);--awb-text-front-color:var(--awb-color3);\"><div class=\"flip-box-front-inner\"><h2 class=\"flip-box-heading without-text\">SEMINARS<\/h2><\/div><\/div><div class=\"flip-box-back\" style=\"--awb-border-size:1px;--awb-background-color-back:var(--awb-color5);\"><div class=\"flip-box-back-inner\"><div style=\"text-align:center;\"><a class=\"fusion-button button-flat button-small button-custom fusion-button-default button-4 fusion-button-default-span fusion-button-default-type\" style=\"--button_accent_color:#462769;--button_accent_hover_color:#462769;--button_border_hover_color:var(--awb-color1);--button_gradient_top_color:#ffffff;--button_gradient_bottom_color:#ffffff;--button_gradient_top_color_hover:rgba(255,255,255,0.22);--button_gradient_bottom_color_hover:rgba(255,255,255,0.22);\" target=\"_self\" href=\"https:\/\/www.crmath.ca\/en\/cambam\/\"><span class=\"fusion-button-text awb-button__text awb-button__text--default\">SEMINARS<\/span><\/a><\/div><\/div><\/div><\/div><\/div><\/div><div class=\"fusion-flip-box-wrapper fusion-column col-lg-12 col-md-12 col-sm-12\"><div class=\"fusion-flip-box flip-right\" tabindex=\"0\"><div class=\"flip-box-inner-wrapper\"><div class=\"flip-box-front\" style=\"--awb-border-size:1px;--awb-background-color-front:var(--awb-custom16);--awb-text-front-color:var(--awb-color3);\"><div class=\"flip-box-front-inner\"><h2 class=\"flip-box-heading without-text\">CONTACT<\/h2><\/div><\/div><div class=\"flip-box-back\" style=\"--awb-border-size:1px;--awb-background-color-back:var(--awb-color5);\"><div class=\"flip-box-back-inner\"><div style=\"text-align:center;\"><a class=\"fusion-button button-flat button-small button-custom fusion-button-default button-5 fusion-button-default-span fusion-button-default-type\" style=\"--button_accent_color:#462769;--button_accent_hover_color:#462769;--button_border_hover_color:var(--awb-color1);--button_gradient_top_color:#ffffff;--button_gradient_bottom_color:#ffffff;--button_gradient_top_color_hover:rgba(255,255,255,0.22);--button_gradient_bottom_color_hover:rgba(255,255,255,0.22);\" target=\"_self\" href=\"https:\/\/www.crmath.ca\/en\/cambam\/cambam-contact\/\"><span class=\"fusion-button-text awb-button__text awb-button__text--default\">CONTACT<\/span><\/a><\/div><\/div><\/div><\/div><\/div><\/div><\/div><\/div><\/div><\/div><\/div>\n","protected":false},"excerpt":{"rendered":"","protected":false},"author":6,"featured_media":0,"parent":14636,"menu_order":0,"comment_status":"closed","ping_status":"closed","template":"","meta":{"inline_featured_image":false,"footnotes":""},"class_list":["post-14931","page","type-page","status-publish","hentry"],"_links":{"self":[{"href":"https:\/\/www.crmath.ca\/en\/wp-json\/wp\/v2\/pages\/14931","targetHints":{"allow":["GET"]}}],"collection":[{"href":"https:\/\/www.crmath.ca\/en\/wp-json\/wp\/v2\/pages"}],"about":[{"href":"https:\/\/www.crmath.ca\/en\/wp-json\/wp\/v2\/types\/page"}],"author":[{"embeddable":true,"href":"https:\/\/www.crmath.ca\/en\/wp-json\/wp\/v2\/users\/6"}],"replies":[{"embeddable":true,"href":"https:\/\/www.crmath.ca\/en\/wp-json\/wp\/v2\/comments?post=14931"}],"version-history":[{"count":5,"href":"https:\/\/www.crmath.ca\/en\/wp-json\/wp\/v2\/pages\/14931\/revisions"}],"predecessor-version":[{"id":14965,"href":"https:\/\/www.crmath.ca\/en\/wp-json\/wp\/v2\/pages\/14931\/revisions\/14965"}],"up":[{"embeddable":true,"href":"https:\/\/www.crmath.ca\/en\/wp-json\/wp\/v2\/pages\/14636"}],"wp:attachment":[{"href":"https:\/\/www.crmath.ca\/en\/wp-json\/wp\/v2\/media?parent=14931"}],"curies":[{"name":"wp","href":"https:\/\/api.w.org\/{rel}","templated":true}]}}