{"id":14857,"date":"2024-09-13T09:43:36","date_gmt":"2024-09-13T13:43:36","guid":{"rendered":"https:\/\/www.crmath.ca\/mathematical-physics-laboratory\/mathematical-physics-members\/"},"modified":"2024-09-17T10:09:27","modified_gmt":"2024-09-17T14:09:27","slug":"mathematical-physics-workshops","status":"publish","type":"page","link":"https:\/\/www.crmath.ca\/en\/mathematical-physics-laboratory\/mathematical-physics-workshops\/","title":{"rendered":"Mathematical Physics Workshops"},"content":{"rendered":"<div class=\"fusion-fullwidth fullwidth-box fusion-builder-row-1 fusion-flex-container has-pattern-background has-mask-background nonhundred-percent-fullwidth non-hundred-percent-height-scrolling\" style=\"--awb-border-radius-top-left:0px;--awb-border-radius-top-right:0px;--awb-border-radius-bottom-right:0px;--awb-border-radius-bottom-left:0px;--awb-flex-wrap:wrap;\" ><div class=\"fusion-builder-row fusion-row fusion-flex-align-items-flex-start fusion-flex-content-wrap\" style=\"max-width:1420.64px;margin-left: calc(-4% \/ 2 );margin-right: calc(-4% \/ 2 );\"><div class=\"fusion-layout-column fusion_builder_column fusion-builder-column-0 fusion_builder_column_2_3 2_3 fusion-flex-column\" style=\"--awb-bg-size:cover;--awb-width-large:66.666666666667%;--awb-margin-top-large:0px;--awb-spacing-right-large:2.88%;--awb-margin-bottom-large:20px;--awb-spacing-left-large:2.88%;--awb-width-medium:66.666666666667%;--awb-order-medium:0;--awb-spacing-right-medium:2.88%;--awb-spacing-left-medium:2.88%;--awb-width-small:100%;--awb-order-small:0;--awb-spacing-right-small:1.92%;--awb-spacing-left-small:1.92%;\"><div class=\"fusion-column-wrapper fusion-column-has-shadow fusion-flex-justify-content-flex-start fusion-content-layout-column\"><style>\n\nh4 {\n    font-size: 18px!important;\n    text-transform: uppercase;\n    margin: 0 0 4px!important;\n    \n    font-weight: bold;\n  }\n\nh2 {\n  color: #170652;\n \n}\nh3 {\n      \n      border-radius: 5px;\n      border-top-left-radius: 0;\n      border-bottom-left-radius: 0;\n      font-size: 14px!important;\n      text-transform: uppercase;\n      line-height: 1;\n      color: white;\n      font-weight: bold;\n      margin-bottom: 8px;\n      margin-right: 5px;\n      display: inline-block;\n      padding: 6px 12px 5px;\n      \n      background: #b3b3b3; \n\n      \n      \n    }\n\n<\/style>\n \n\n    <h4><b>Workshops and conferences <\/b><\/h4>\n    <ul>\n<h3 class=\"meta-tag\" >         <li>  Title:    <\/h3> <h4 ><a href=\"https:\/\/www.crmath.ca\/en\/activities\/#\/search\/North East Cosmology Workshop \" >North East Cosmology Workshop<\/a><\/h4> <p> Start date:  03\/16\/2018 -- Date  de fin: 03\/18\/2018<\/p><\/li>\r\n\r\n\r\n<h3 class=\"meta-tag\" >         <li>  Title:    <\/h3> <h4 ><a href=\"https:\/\/www.crmath.ca\/en\/activities\/#\/search\/Mini-Workshop on Applications of AdS\/CFT for cosmology and black hole physics \" >Mini-Workshop on Applications of AdS\/CFT for cosmology and black hole physics<\/a><\/h4> <p> Start date:  08\/06\/2014 -- Date  de fin: 08\/08\/2014<\/p><\/li>\r\n\r\n\r\n<h3 class=\"meta-tag\" >         <li>  Title:    <\/h3> <h4 ><a href=\"https:\/\/www.crmath.ca\/en\/activities\/#\/search\/N=2 Jeometry and ApplicationZ Workshop Part II \" >N=2 Jeometry and ApplicationZ Workshop Part II<\/a><\/h4> <p> Start date:  05\/22\/2013 -- Date  de fin: 05\/24\/2013<\/p><\/li>\r\n\r\n\r\n<h3 class=\"meta-tag\" >         <li>  Title:    <\/h3> <h4 ><a href=\"https:\/\/www.crmath.ca\/en\/activities\/#\/search\/Adventures in Superspace \" >Adventures in Superspace<\/a><\/h4> <p> Start date:  04\/19\/2013 -- Date  de fin: 04\/20\/2013<\/p><\/li>\r\n\r\n\r\n<h3 class=\"meta-tag\" >         <li>  Title:    <\/h3> <h4 ><a href=\"https:\/\/www.crmath.ca\/en\/activities\/#\/search\/N=2 Jeometry and ApplicationZ Workshop \" >N=2 Jeometry and ApplicationZ Workshop<\/a><\/h4> <p> Start date:  06\/20\/2012 -- Date  de fin: 06\/22\/2012<\/p><\/li>\r\n\r\n\r\n<h3 class=\"meta-tag\" >         <li>  Title:    <\/h3> <h4 ><a href=\"https:\/\/www.crmath.ca\/en\/activities\/#\/search\/Darkmatter from Every Direction \" >Darkmatter from Every Direction<\/a><\/h4> <p> Start date:  04\/01\/2011 -- Date  de fin: 04\/03\/2011<\/p><\/li>\r\n\r\n\r\n<h3 class=\"meta-tag\" >         <li>  Title:    <\/h3> <h4 ><a href=\"https:\/\/www.crmath.ca\/en\/activities\/#\/search\/Strong and Elektroweak Matter 2010 \" >Strong and Elektroweak Matter 2010<\/a><\/h4> <p> Start date:  06\/29\/2010 -- Date  de fin: 07\/02\/2010<\/p><\/li>\r\n\r\n\r\n<h3 class=\"meta-tag\" >         <li>  Title:    <\/h3> <h4 ><a href=\"https:\/\/www.crmath.ca\/en\/activities\/#\/search\/Holographic Cosmology Workshop \" >Holographic Cosmology Workshop<\/a><\/h4> <p> Start date:  10\/02\/2009 -- Date  de fin: 10\/04\/2009<\/p><\/li>\r\n\r\n\r\n<h3 class=\"meta-tag\" >         <li>  Title:    <\/h3> <h4 ><a href=\"https:\/\/www.crmath.ca\/en\/activities\/#\/search\/Programme court sur les Espaces de modules de surfaces de Riemann et sujets connexes \" >Programme court sur les Espaces de modules de surfaces de Riemann et sujets connexes<\/a><\/h4> <p> Start date:  06\/04\/2007 -- Date  de fin: 06\/15\/2007<\/p><\/li>\r\n\r\n\r\n<h3 class=\"meta-tag\" >         <li>  Title:    <\/h3> <h4 ><a href=\"https:\/\/www.crmath.ca\/en\/activities\/#\/search\/Programme court sur les matrices al\u00e9atoires, les processus al\u00e9atoires et les syst\u00e8mes int\u00e9grables \" >Programme court sur les matrices al\u00e9atoires, les processus al\u00e9atoires et les syst\u00e8mes int\u00e9grables<\/a><\/h4> <p> Start date:  06\/20\/2005 -- Date  de fin: 07\/08\/2005<\/p><\/li>\r\n\r\n\r\n<h3 class=\"meta-tag\" >         <li>  Title:    <\/h3> <h4 ><a href=\"https:\/\/www.crmath.ca\/en\/activities\/#\/search\/Workshop on Tau-functions \" >Workshop on Tau-functions<\/a><\/h4> <p> Start date:  03\/19\/2004 -- Date  de fin: 03\/20\/2004<\/p><\/li>\r\n\r\n\r\n<h3 class=\"meta-tag\" >         <li>  Title:    <\/h3> <h4 ><a href=\"https:\/\/www.crmath.ca\/en\/activities\/#\/search\/Atelier sur la th\u00e9orie des groupes et l\u2019analyse num\u00e9rique \" >Atelier sur la th\u00e9orie des groupes et l\u2019analyse num\u00e9rique<\/a><\/h4> <p> Start date:  05\/26\/2003 -- Date  de fin: 05\/31\/2003<\/p><\/li>\r\n\r\n\r\n    <\/ul>\n\n    \n   \n\n<\/div><\/div><div class=\"fusion-layout-column fusion_builder_column fusion-builder-column-1 fusion_builder_column_1_3 1_3 fusion-flex-column\" style=\"--awb-bg-size:cover;--awb-width-large:33.333333333333%;--awb-margin-top-large:0px;--awb-spacing-right-large:5.76%;--awb-margin-bottom-large:20px;--awb-spacing-left-large:5.76%;--awb-width-medium:33.333333333333%;--awb-order-medium:0;--awb-spacing-right-medium:5.76%;--awb-spacing-left-medium:5.76%;--awb-width-small:100%;--awb-order-small:0;--awb-spacing-right-small:1.92%;--awb-spacing-left-small:1.92%;\"><div class=\"fusion-column-wrapper fusion-column-has-shadow fusion-flex-justify-content-flex-start fusion-content-layout-column\"><div class=\"fusion-flip-boxes flip-boxes row fusion-columns-1 flip-effect-classic\"><div class=\"fusion-flip-box-wrapper fusion-column col-lg-12 col-md-12 col-sm-12\"><div class=\"fusion-flip-box flip-right\" tabindex=\"0\"><div class=\"flip-box-inner-wrapper\"><div class=\"flip-box-front\" style=\"--awb-border-size:1px;--awb-background-color-front:var(--awb-custom16);--awb-text-front-color:var(--awb-color3);\"><div class=\"flip-box-front-inner\"><h2 class=\"flip-box-heading without-text\">ABOUT<\/h2><\/div><\/div><div class=\"flip-box-back\" style=\"--awb-border-size:1px;--awb-background-color-back:var(--awb-color5);\"><div class=\"flip-box-back-inner\"><div style=\"text-align:center;\"><a class=\"fusion-button button-flat button-small button-custom fusion-button-default button-1 fusion-button-default-span fusion-button-default-type\" style=\"--button_accent_color:#462769;--button_accent_hover_color:#462769;--button_border_hover_color:var(--awb-color1);--button_gradient_top_color:#ffffff;--button_gradient_bottom_color:#ffffff;--button_gradient_top_color_hover:rgba(255,255,255,0.22);--button_gradient_bottom_color_hover:rgba(255,255,255,0.22);\" target=\"_self\" href=\"https:\/\/www.crmath.ca\/en\/mathematical-physics-laboratory\/\"><span class=\"fusion-button-text awb-button__text awb-button__text--default\">ABOUT<\/span><\/a><\/div><\/div><\/div><\/div><\/div><\/div><div class=\"fusion-flip-box-wrapper fusion-column col-lg-12 col-md-12 col-sm-12\"><div class=\"fusion-flip-box flip-right\" tabindex=\"0\"><div class=\"flip-box-inner-wrapper\"><div class=\"flip-box-front\" style=\"--awb-border-size:1px;--awb-background-color-front:var(--awb-custom16);--awb-text-front-color:var(--awb-color3);\"><div class=\"flip-box-front-inner\"><h2 class=\"flip-box-heading without-text\">MEMBERS<\/h2><\/div><\/div><div class=\"flip-box-back\" style=\"--awb-border-size:1px;--awb-background-color-back:var(--awb-color5);\"><div class=\"flip-box-back-inner\"><div style=\"text-align:center;\"><a class=\"fusion-button button-flat button-small button-custom fusion-button-default button-2 fusion-button-default-span fusion-button-default-type\" style=\"--button_accent_color:#462769;--button_accent_hover_color:#462769;--button_border_hover_color:var(--awb-color1);--button_gradient_top_color:#ffffff;--button_gradient_bottom_color:#ffffff;--button_gradient_top_color_hover:rgba(255,255,255,0.22);--button_gradient_bottom_color_hover:rgba(255,255,255,0.22);\" target=\"_self\" href=\"https:\/\/www.crmath.ca\/en\/mathematical-physics-laboratory\/mathematical-physics-members\/\"><span class=\"fusion-button-text awb-button__text awb-button__text--default\">MEMBERS<\/span><\/a><\/div><\/div><\/div><\/div><\/div><\/div><div class=\"fusion-flip-box-wrapper fusion-column col-lg-12 col-md-12 col-sm-12\"><div class=\"fusion-flip-box flip-right\" tabindex=\"0\"><div class=\"flip-box-inner-wrapper\"><div class=\"flip-box-front\" style=\"--awb-border-size:1px;--awb-background-color-front:var(--awb-custom16);--awb-text-front-color:var(--awb-color3);\"><div class=\"flip-box-front-inner\"><h2 class=\"flip-box-heading without-text\">WORKSHOPS AND CONFERENCES<\/h2><\/div><\/div><div class=\"flip-box-back\" style=\"--awb-border-size:1px;--awb-background-color-back:var(--awb-color5);\"><div class=\"flip-box-back-inner\"><div style=\"text-align:center;\"><a class=\"fusion-button button-flat button-small button-custom fusion-button-default button-3 fusion-button-default-span fusion-button-default-type\" style=\"--button_accent_color:#462769;--button_accent_hover_color:#462769;--button_border_hover_color:var(--awb-color1);--button_gradient_top_color:#ffffff;--button_gradient_bottom_color:#ffffff;--button_gradient_top_color_hover:rgba(255,255,255,0.22);--button_gradient_bottom_color_hover:rgba(255,255,255,0.22);\" target=\"_self\" href=\"https:\/\/www.crmath.ca\/en\/mathematical-physics-laboratory\/mathematical-physics-workshops\/\"><span class=\"fusion-button-text awb-button__text awb-button__text--default\">WORKSHOPS AND CONFERENCES<\/span><\/a><\/div><\/div><\/div><\/div><\/div><\/div><div class=\"fusion-flip-box-wrapper fusion-column col-lg-12 col-md-12 col-sm-12\"><div class=\"fusion-flip-box flip-right\" tabindex=\"0\"><div class=\"flip-box-inner-wrapper\"><div class=\"flip-box-front\" style=\"--awb-border-size:1px;--awb-background-color-front:var(--awb-custom16);--awb-text-front-color:var(--awb-color3);\"><div class=\"flip-box-front-inner\"><h2 class=\"flip-box-heading without-text\">SEMINARS<\/h2><\/div><\/div><div class=\"flip-box-back\" style=\"--awb-border-size:1px;--awb-background-color-back:var(--awb-color5);\"><div class=\"flip-box-back-inner\"><div style=\"text-align:center;\"><a class=\"fusion-button button-flat button-small button-custom fusion-button-default button-4 fusion-button-default-span fusion-button-default-type\" style=\"--button_accent_color:#462769;--button_accent_hover_color:#462769;--button_border_hover_color:var(--awb-color1);--button_gradient_top_color:#ffffff;--button_gradient_bottom_color:#ffffff;--button_gradient_top_color_hover:rgba(255,255,255,0.22);--button_gradient_bottom_color_hover:rgba(255,255,255,0.22);\" target=\"_self\" href=\"https:\/\/www.crmath.ca\/en\/mathematical-physics-laboratory\/mathematical-physics-seminars\/\"><span class=\"fusion-button-text awb-button__text awb-button__text--default\">SEMINARS<\/span><\/a><\/div><\/div><\/div><\/div><\/div><\/div><div class=\"fusion-flip-box-wrapper fusion-column col-lg-12 col-md-12 col-sm-12\"><div class=\"fusion-flip-box flip-right\" tabindex=\"0\"><div class=\"flip-box-inner-wrapper\"><div class=\"flip-box-front\" style=\"--awb-border-size:1px;--awb-background-color-front:var(--awb-custom16);--awb-text-front-color:var(--awb-color3);\"><div class=\"flip-box-front-inner\"><h2 class=\"flip-box-heading without-text\">CONTACT<\/h2><\/div><\/div><div class=\"flip-box-back\" style=\"--awb-border-size:1px;--awb-background-color-back:var(--awb-color5);\"><div class=\"flip-box-back-inner\"><div style=\"text-align:center;\"><a class=\"fusion-button button-flat button-small button-custom fusion-button-default button-5 fusion-button-default-span fusion-button-default-type\" style=\"--button_accent_color:#462769;--button_accent_hover_color:#462769;--button_border_hover_color:var(--awb-color1);--button_gradient_top_color:#ffffff;--button_gradient_bottom_color:#ffffff;--button_gradient_top_color_hover:rgba(255,255,255,0.22);--button_gradient_bottom_color_hover:rgba(255,255,255,0.22);\" target=\"_self\" href=\"https:\/\/www.crmath.ca\/en\/mathematical-physics-laboratory\/mathematical-physics-contact\/\"><span class=\"fusion-button-text awb-button__text awb-button__text--default\">CONTACT<\/span><\/a><\/div><\/div><\/div><\/div><\/div><\/div><\/div><\/div><\/div><\/div><\/div>\n","protected":false},"excerpt":{"rendered":"","protected":false},"author":6,"featured_media":0,"parent":14676,"menu_order":0,"comment_status":"closed","ping_status":"closed","template":"","meta":{"inline_featured_image":false,"footnotes":""},"class_list":["post-14857","page","type-page","status-publish","hentry"],"_links":{"self":[{"href":"https:\/\/www.crmath.ca\/en\/wp-json\/wp\/v2\/pages\/14857","targetHints":{"allow":["GET"]}}],"collection":[{"href":"https:\/\/www.crmath.ca\/en\/wp-json\/wp\/v2\/pages"}],"about":[{"href":"https:\/\/www.crmath.ca\/en\/wp-json\/wp\/v2\/types\/page"}],"author":[{"embeddable":true,"href":"https:\/\/www.crmath.ca\/en\/wp-json\/wp\/v2\/users\/6"}],"replies":[{"embeddable":true,"href":"https:\/\/www.crmath.ca\/en\/wp-json\/wp\/v2\/comments?post=14857"}],"version-history":[{"count":8,"href":"https:\/\/www.crmath.ca\/en\/wp-json\/wp\/v2\/pages\/14857\/revisions"}],"predecessor-version":[{"id":15000,"href":"https:\/\/www.crmath.ca\/en\/wp-json\/wp\/v2\/pages\/14857\/revisions\/15000"}],"up":[{"embeddable":true,"href":"https:\/\/www.crmath.ca\/en\/wp-json\/wp\/v2\/pages\/14676"}],"wp:attachment":[{"href":"https:\/\/www.crmath.ca\/en\/wp-json\/wp\/v2\/media?parent=14857"}],"curies":[{"name":"wp","href":"https:\/\/api.w.org\/{rel}","templated":true}]}}