{"id":14839,"date":"2024-09-13T09:08:51","date_gmt":"2024-09-13T13:08:51","guid":{"rendered":"https:\/\/www.crmath.ca\/mathematical-physics-laboratory\/"},"modified":"2024-09-17T10:08:03","modified_gmt":"2024-09-17T14:08:03","slug":"mathematical-physics-members","status":"publish","type":"page","link":"https:\/\/www.crmath.ca\/en\/mathematical-physics-laboratory\/mathematical-physics-members\/","title":{"rendered":"Mathematical Physics Members"},"content":{"rendered":"<div class=\"fusion-fullwidth fullwidth-box fusion-builder-row-1 fusion-flex-container has-pattern-background has-mask-background nonhundred-percent-fullwidth non-hundred-percent-height-scrolling\" style=\"--awb-border-radius-top-left:0px;--awb-border-radius-top-right:0px;--awb-border-radius-bottom-right:0px;--awb-border-radius-bottom-left:0px;--awb-flex-wrap:wrap;\" ><div class=\"fusion-builder-row fusion-row fusion-flex-align-items-flex-start fusion-flex-content-wrap\" style=\"max-width:1420.64px;margin-left: calc(-4% \/ 2 );margin-right: calc(-4% \/ 2 );\"><div class=\"fusion-layout-column fusion_builder_column fusion-builder-column-0 fusion_builder_column_2_3 2_3 fusion-flex-column\" style=\"--awb-bg-size:cover;--awb-width-large:66.666666666667%;--awb-margin-top-large:0px;--awb-spacing-right-large:2.88%;--awb-margin-bottom-large:20px;--awb-spacing-left-large:2.88%;--awb-width-medium:66.666666666667%;--awb-order-medium:0;--awb-spacing-right-medium:2.88%;--awb-spacing-left-medium:2.88%;--awb-width-small:100%;--awb-order-small:0;--awb-spacing-right-small:1.92%;--awb-spacing-left-small:1.92%;\"><div class=\"fusion-column-wrapper fusion-column-has-shadow fusion-flex-justify-content-flex-start fusion-content-layout-column\">\n\n    <h3><b>Regular laboratory members<\/b><\/h3>\n    <ul>\n        <li>Bertola, Marco (Concordia University & SISSA)<\/li>\r\n        <li>Brandenberger, Robert (McGill University)<\/li>\r\n        <li>Caron-Huot, Simon (McGill University)<\/li>\r\n        <li>Dasgupta, Keshav (McGill University)<\/li>\r\n        <li>Fortin, Jean-Fran\u00e7ois (Universit\u00e9 Laval)<\/li>\r\n        <li>Grundland, Alfred Michel (Universit\u00e9 du Qu\u00e9bec \u00e0 Trois-Rivi\u00e8res)<\/li>\r\n        <li>Harnad, John (Concordia University)<\/li>\r\n        <li>Harrison, Sarah M. (McGill University)<\/li>\r\n        <li>Hurtubise, Jacques (McGill University)<\/li>\r\n        <li>Korotkin, Dmitry (Concordia University)<\/li>\r\n        <li>Maloney, Alexander (McGill University)<\/li>\r\n        <li>Paranjape, Manu B. (Universit\u00e9 de Montr\u00e9al)<\/li>\r\n        <li>Rybnikov, Leonid (Universit\u00e9 de Montr\u00e9al)<\/li>\r\n        <li>Saint-Aubin, Yvan (Universit\u00e9 de Montr\u00e9al)<\/li>\r\n        <li>Shramchenko, Vasilisa (Universit\u00e9 de Sherbrooke)<\/li>\r\n        <li>Vinet, Luc (Universit\u00e9 de Montr\u00e9al)<\/li>\r\n        <li>Witczak-Krempa, William (Universit\u00e9 de Montr\u00e9al)<\/li>\r\n    <\/ul>\n\n    <h3><b>Associate members of the laboratory<\/b><\/h3>\n    <ul>\n        <li>Balogh, Ferenc (John Abbott College)<\/li>\r\n        <li>Cliff, Emily (Universit\u00e9 de Sherbrooke)<\/li>\r\n        <li>Conte, Robert (\u00c9cole normale sup\u00e9rieure de Cachan)<\/li>\r\n        <li>de Lucas Araujo, Javier (University of Warsaw)<\/li>\r\n        <li>Doyon, Benjamin (King\u2019s College London)<\/li>\r\n        <li>Eynard, Bertrand (IPHT CEA Saclay)<\/li>\r\n        <li>Gazeau, Jean-Pierre (Universit\u00e9 Paris 7)<\/li>\r\n        <li>Its, Alexander R. (IUPUI)<\/li>\r\n        <li>Jakobson, Dmitry (McGill University)<\/li>\r\n        <li>Jaksic, Vojkan (McGill University)<\/li>\r\n        <li>Kamran, Niky (McGill University)<\/li>\r\n        <li>Lalonde, Fran\u00e7ois (Universit\u00e9 de Montr\u00e9al)<\/li>\r\n        <li>Marquette, Ian (The University of Queensland)<\/li>\r\n        <li>Snobl, Libor (Czech Technical University in Prague)<\/li>\r\n        <li>Toth, John A. (McGill University)<\/li>\r\n        <li>Turbiner, Alexander (UNAM)<\/li>\r\n        <li>Zograf, Peter (St. Petersburg)<\/li>\r\n    <\/ul>\n    \n\n\n<\/div><\/div><div class=\"fusion-layout-column fusion_builder_column fusion-builder-column-1 fusion_builder_column_1_3 1_3 fusion-flex-column\" style=\"--awb-bg-size:cover;--awb-width-large:33.333333333333%;--awb-margin-top-large:0px;--awb-spacing-right-large:5.76%;--awb-margin-bottom-large:20px;--awb-spacing-left-large:5.76%;--awb-width-medium:33.333333333333%;--awb-order-medium:0;--awb-spacing-right-medium:5.76%;--awb-spacing-left-medium:5.76%;--awb-width-small:100%;--awb-order-small:0;--awb-spacing-right-small:1.92%;--awb-spacing-left-small:1.92%;\"><div class=\"fusion-column-wrapper fusion-column-has-shadow fusion-flex-justify-content-flex-start fusion-content-layout-column\"><div class=\"fusion-flip-boxes flip-boxes row fusion-columns-1 flip-effect-classic\"><div class=\"fusion-flip-box-wrapper fusion-column col-lg-12 col-md-12 col-sm-12\"><div class=\"fusion-flip-box flip-right\" tabindex=\"0\"><div class=\"flip-box-inner-wrapper\"><div class=\"flip-box-front\" style=\"--awb-border-size:1px;--awb-background-color-front:var(--awb-custom16);--awb-text-front-color:var(--awb-color3);\"><div class=\"flip-box-front-inner\"><h2 class=\"flip-box-heading without-text\">ABOUT<\/h2><\/div><\/div><div class=\"flip-box-back\" style=\"--awb-border-size:1px;--awb-background-color-back:var(--awb-color5);\"><div class=\"flip-box-back-inner\"><div style=\"text-align:center;\"><a class=\"fusion-button button-flat button-small button-custom fusion-button-default button-1 fusion-button-default-span fusion-button-default-type\" style=\"--button_accent_color:#462769;--button_accent_hover_color:#462769;--button_border_hover_color:var(--awb-color1);--button_gradient_top_color:#ffffff;--button_gradient_bottom_color:#ffffff;--button_gradient_top_color_hover:rgba(255,255,255,0.22);--button_gradient_bottom_color_hover:rgba(255,255,255,0.22);\" target=\"_self\" href=\"https:\/\/www.crmath.ca\/en\/mathematical-physics-laboratory\/\"><span class=\"fusion-button-text awb-button__text awb-button__text--default\">ABOUT<\/span><\/a><\/div><\/div><\/div><\/div><\/div><\/div><div class=\"fusion-flip-box-wrapper fusion-column col-lg-12 col-md-12 col-sm-12\"><div class=\"fusion-flip-box flip-right\" tabindex=\"0\"><div class=\"flip-box-inner-wrapper\"><div class=\"flip-box-front\" style=\"--awb-border-size:1px;--awb-background-color-front:var(--awb-custom16);--awb-text-front-color:var(--awb-color3);\"><div class=\"flip-box-front-inner\"><h2 class=\"flip-box-heading without-text\">MEMBERS<\/h2><\/div><\/div><div class=\"flip-box-back\" style=\"--awb-border-size:1px;--awb-background-color-back:var(--awb-color5);\"><div class=\"flip-box-back-inner\"><div style=\"text-align:center;\"><a class=\"fusion-button button-flat button-small button-custom fusion-button-default button-2 fusion-button-default-span fusion-button-default-type\" style=\"--button_accent_color:#462769;--button_accent_hover_color:#462769;--button_border_hover_color:var(--awb-color1);--button_gradient_top_color:#ffffff;--button_gradient_bottom_color:#ffffff;--button_gradient_top_color_hover:rgba(255,255,255,0.22);--button_gradient_bottom_color_hover:rgba(255,255,255,0.22);\" target=\"_self\" href=\"https:\/\/www.crmath.ca\/en\/mathematical-physics-laboratory\/mathematical-physics-members\/\"><span class=\"fusion-button-text awb-button__text awb-button__text--default\">MEMBERS<\/span><\/a><\/div><\/div><\/div><\/div><\/div><\/div><div class=\"fusion-flip-box-wrapper fusion-column col-lg-12 col-md-12 col-sm-12\"><div class=\"fusion-flip-box flip-right\" tabindex=\"0\"><div class=\"flip-box-inner-wrapper\"><div class=\"flip-box-front\" style=\"--awb-border-size:1px;--awb-background-color-front:var(--awb-custom16);--awb-text-front-color:var(--awb-color3);\"><div class=\"flip-box-front-inner\"><h2 class=\"flip-box-heading without-text\">WORKSHOPS AND CONFERENCES<\/h2><\/div><\/div><div class=\"flip-box-back\" style=\"--awb-border-size:1px;--awb-background-color-back:var(--awb-color5);\"><div class=\"flip-box-back-inner\"><div style=\"text-align:center;\"><a class=\"fusion-button button-flat button-small button-custom fusion-button-default button-3 fusion-button-default-span fusion-button-default-type\" style=\"--button_accent_color:#462769;--button_accent_hover_color:#462769;--button_border_hover_color:var(--awb-color1);--button_gradient_top_color:#ffffff;--button_gradient_bottom_color:#ffffff;--button_gradient_top_color_hover:rgba(255,255,255,0.22);--button_gradient_bottom_color_hover:rgba(255,255,255,0.22);\" target=\"_self\" href=\"https:\/\/www.crmath.ca\/en\/mathematical-physics-laboratory\/mathematical-physics-workshops\/\"><span class=\"fusion-button-text awb-button__text awb-button__text--default\">WORKSHOPS AND CONFERENCES<\/span><\/a><\/div><\/div><\/div><\/div><\/div><\/div><div class=\"fusion-flip-box-wrapper fusion-column col-lg-12 col-md-12 col-sm-12\"><div class=\"fusion-flip-box flip-right\" tabindex=\"0\"><div class=\"flip-box-inner-wrapper\"><div class=\"flip-box-front\" style=\"--awb-border-size:1px;--awb-background-color-front:var(--awb-custom16);--awb-text-front-color:var(--awb-color3);\"><div class=\"flip-box-front-inner\"><h2 class=\"flip-box-heading without-text\">SEMINARS<\/h2><\/div><\/div><div class=\"flip-box-back\" style=\"--awb-border-size:1px;--awb-background-color-back:var(--awb-color5);\"><div class=\"flip-box-back-inner\"><div style=\"text-align:center;\"><a class=\"fusion-button button-flat button-small button-custom fusion-button-default button-4 fusion-button-default-span fusion-button-default-type\" style=\"--button_accent_color:#462769;--button_accent_hover_color:#462769;--button_border_hover_color:var(--awb-color1);--button_gradient_top_color:#ffffff;--button_gradient_bottom_color:#ffffff;--button_gradient_top_color_hover:rgba(255,255,255,0.22);--button_gradient_bottom_color_hover:rgba(255,255,255,0.22);\" target=\"_self\" href=\"https:\/\/www.crmath.ca\/en\/mathematical-physics-laboratory\/mathematical-physics-seminars\/\"><span class=\"fusion-button-text awb-button__text awb-button__text--default\">SEMINARS<\/span><\/a><\/div><\/div><\/div><\/div><\/div><\/div><div class=\"fusion-flip-box-wrapper fusion-column col-lg-12 col-md-12 col-sm-12\"><div class=\"fusion-flip-box flip-right\" tabindex=\"0\"><div class=\"flip-box-inner-wrapper\"><div class=\"flip-box-front\" style=\"--awb-border-size:1px;--awb-background-color-front:var(--awb-custom16);--awb-text-front-color:var(--awb-color3);\"><div class=\"flip-box-front-inner\"><h2 class=\"flip-box-heading without-text\">CONTACT<\/h2><\/div><\/div><div class=\"flip-box-back\" style=\"--awb-border-size:1px;--awb-background-color-back:var(--awb-color5);\"><div class=\"flip-box-back-inner\"><div style=\"text-align:center;\"><a class=\"fusion-button button-flat button-small button-custom fusion-button-default button-5 fusion-button-default-span fusion-button-default-type\" style=\"--button_accent_color:#462769;--button_accent_hover_color:#462769;--button_border_hover_color:var(--awb-color1);--button_gradient_top_color:#ffffff;--button_gradient_bottom_color:#ffffff;--button_gradient_top_color_hover:rgba(255,255,255,0.22);--button_gradient_bottom_color_hover:rgba(255,255,255,0.22);\" target=\"_self\" href=\"https:\/\/www.crmath.ca\/en\/mathematical-physics-laboratory\/mathematical-physics-contact\/\"><span class=\"fusion-button-text awb-button__text awb-button__text--default\">CONTACT<\/span><\/a><\/div><\/div><\/div><\/div><\/div><\/div><\/div><\/div><\/div><\/div><\/div>\n","protected":false},"excerpt":{"rendered":"","protected":false},"author":6,"featured_media":0,"parent":14676,"menu_order":0,"comment_status":"closed","ping_status":"closed","template":"","meta":{"inline_featured_image":false,"footnotes":""},"class_list":["post-14839","page","type-page","status-publish","hentry"],"_links":{"self":[{"href":"https:\/\/www.crmath.ca\/en\/wp-json\/wp\/v2\/pages\/14839","targetHints":{"allow":["GET"]}}],"collection":[{"href":"https:\/\/www.crmath.ca\/en\/wp-json\/wp\/v2\/pages"}],"about":[{"href":"https:\/\/www.crmath.ca\/en\/wp-json\/wp\/v2\/types\/page"}],"author":[{"embeddable":true,"href":"https:\/\/www.crmath.ca\/en\/wp-json\/wp\/v2\/users\/6"}],"replies":[{"embeddable":true,"href":"https:\/\/www.crmath.ca\/en\/wp-json\/wp\/v2\/comments?post=14839"}],"version-history":[{"count":9,"href":"https:\/\/www.crmath.ca\/en\/wp-json\/wp\/v2\/pages\/14839\/revisions"}],"predecessor-version":[{"id":14998,"href":"https:\/\/www.crmath.ca\/en\/wp-json\/wp\/v2\/pages\/14839\/revisions\/14998"}],"up":[{"embeddable":true,"href":"https:\/\/www.crmath.ca\/en\/wp-json\/wp\/v2\/pages\/14676"}],"wp:attachment":[{"href":"https:\/\/www.crmath.ca\/en\/wp-json\/wp\/v2\/media?parent=14839"}],"curies":[{"name":"wp","href":"https:\/\/api.w.org\/{rel}","templated":true}]}}