{"id":14692,"date":"2024-09-12T09:46:52","date_gmt":"2024-09-12T13:46:52","guid":{"rendered":"https:\/\/www.crmath.ca\/statistics-laboratory\/"},"modified":"2024-09-16T13:37:27","modified_gmt":"2024-09-16T17:37:27","slug":"statistics-members","status":"publish","type":"page","link":"https:\/\/www.crmath.ca\/en\/statistics-laboratory\/statistics-members\/","title":{"rendered":"Statistics Members"},"content":{"rendered":"<div class=\"fusion-fullwidth fullwidth-box fusion-builder-row-1 fusion-flex-container has-pattern-background has-mask-background nonhundred-percent-fullwidth non-hundred-percent-height-scrolling\" style=\"--awb-border-radius-top-left:0px;--awb-border-radius-top-right:0px;--awb-border-radius-bottom-right:0px;--awb-border-radius-bottom-left:0px;--awb-flex-wrap:wrap;\" ><div class=\"fusion-builder-row fusion-row fusion-flex-align-items-flex-start fusion-flex-content-wrap\" style=\"max-width:1420.64px;margin-left: calc(-4% \/ 2 );margin-right: calc(-4% \/ 2 );\"><div class=\"fusion-layout-column fusion_builder_column fusion-builder-column-0 fusion_builder_column_2_3 2_3 fusion-flex-column\" style=\"--awb-bg-size:cover;--awb-width-large:66.666666666667%;--awb-margin-top-large:0px;--awb-spacing-right-large:2.88%;--awb-margin-bottom-large:20px;--awb-spacing-left-large:2.88%;--awb-width-medium:66.666666666667%;--awb-order-medium:0;--awb-spacing-right-medium:2.88%;--awb-spacing-left-medium:2.88%;--awb-width-small:100%;--awb-order-small:0;--awb-spacing-right-small:1.92%;--awb-spacing-left-small:1.92%;\"><div class=\"fusion-column-wrapper fusion-column-has-shadow fusion-flex-justify-content-flex-start fusion-content-layout-column\">\n\n    <h3><b>Regular laboratory members<\/b><\/h3>\n    <ul>\n        <li>Asgharian, Masoud (McGill University)<\/li>\r\n        <li>Atherton, Juli (UQAM)<\/li>\r\n        <li>Beaulac, C\u00e9dric (Universit\u00e9 du Qu\u00e9bec \u00e0 Montr\u00e9al)<\/li>\r\n        <li>B\u00e9dard, Myl\u00e8ne (Universit\u00e9 de Montr\u00e9al)<\/li>\r\n        <li>Belzile, L\u00e9o (HEC Montr\u00e9al)<\/li>\r\n        <li>Bengio, Yoshua (Universit\u00e9 de Montr\u00e9al)<\/li>\r\n        <li>Bouezmarni, Taoufik (Universit\u00e9 de Sherbrooke)<\/li>\r\n        <li>Bureau, Alexandre (Universit\u00e9 Laval)<\/li>\r\n        <li>Camirand Lemyre, F\u00e9lix (Universit\u00e9 de Sherbrooke)<\/li>\r\n        <li>Charest, Anne-Sophie (Universit\u00e9 Laval)<\/li>\r\n        <li>Chaubey, Yogendra P. (Concordia University)<\/li>\r\n        <li>Chen, Ting-Huei (Universit\u00e9 Laval)<\/li>\r\n        <li>Coulombe, Janie (Universit\u00e9 de Montr\u00e9al)<\/li>\r\n        <li>Cremona, Marzia Angela (Universit\u00e9 Laval)<\/li>\r\n        <li>Dagdoug, Mehdi (McGill University)<\/li>\r\n        <li>Descary, Marie-H\u00e9l\u00e8ne (UQAM)<\/li>\r\n        <li>Duchesne, Pierre (Universit\u00e9 de Montr\u00e9al)<\/li>\r\n        <li>Duchesne, Thierry (Universit\u00e9 Laval)<\/li>\r\n        <li>Dupuis, Debbie J. (HEC Montr\u00e9al)<\/li>\r\n        <li>Dupuis, Jos\u00e9e (McGill University)<\/li>\r\n        <li>Froda, Sorana (Universit\u00e9 du Qu\u00e9bec \u00e0 Montr\u00e9al)<\/li>\r\n        <li>Genest, Christian (McGill University)<\/li>\r\n        <li>Golchi, Shirin (McGill University)<\/li>\r\n        <li>Greenwood, Celia M. T. (McGill University)<\/li>\r\n        <li>Herrmann, Klaus (Universit\u00e9 de Sherbrooke)<\/li>\r\n        <li>Khadraoui, Khader (Universit\u00e9 Laval)<\/li>\r\n        <li>Khalili, Abbas (McGill University)<\/li>\r\n        <li>Kolaczyk, Eric D. (McGill University)<\/li>\r\n        <li>Labbe, Aur\u00e9lie (HEC Montr\u00e9al)<\/li>\r\n        <li>Lakhal Chaieb, Lajmi (Universit\u00e9 Laval)<\/li>\r\n        <li>Lalancette, Micha\u00ebl (Universit\u00e9 du Qu\u00e9bec \u00e0 Montr\u00e9al)<\/li>\r\n        <li>Larribe, Fabrice (UQ\u00c0M)<\/li>\r\n        <li>Lefebvre, Genevi\u00e8ve (Universit\u00e9 du Qu\u00e9bec \u00e0 Montr\u00e9al (UQAM))<\/li>\r\n        <li>L\u00e9ger, Christian (Universit\u00e9 de Montr\u00e9al)<\/li>\r\n        <li>Maire, Florian (Universit\u00e9 de Montr\u00e9al)<\/li>\r\n        <li>Marchand, \u00c9ric (Universit\u00e9 de Sherbrooke)<\/li>\r\n        <li>Moodie, Erica E. M. (McGill University)<\/li>\r\n        <li>Murua, Alejandro (Universit\u00e9 de Montr\u00e9al)<\/li>\r\n        <li>Nasri, Bouchra (Universit\u00e9 de Montr\u00e9al)<\/li>\r\n        <li>Ne\u0161lehov\u00e1, Johanna (McGill University)<\/li>\r\n        <li>Oualkacha, Karim (Universit\u00e9 du Qu\u00e9bec \u00e0 Montr\u00e9al)<\/li>\r\n        <li>Perron, Fran\u00e7ois (Universit\u00e9 de Montr\u00e9al)<\/li>\r\n        <li>Plante, Jean-Fran\u00e7ois (HEC Montr\u00e9al)<\/li>\r\n        <li>Platt, Robert W. (McGill University)<\/li>\r\n        <li>R\u00e9millard, Bruno (HEC Montr\u00e9al)<\/li>\r\n        <li>Rivest, Louis-Paul (Universit\u00e9 Laval)<\/li>\r\n        <li>Schmidt, Alexandra M. (McGill University)<\/li>\r\n        <li>Schnitzer, Mireille (Universit\u00e9 de Montr\u00e9al)<\/li>\r\n        <li>Sen, Arusharka (Concordia University)<\/li>\r\n        <li>Steele, Russell (McGill University)<\/li>\r\n        <li>Stephens, David A. (McGill University)<\/li>\r\n        <li>Sun, Lijun (McGill University)<\/li>\r\n        <li>Talbot, Denis (Universit\u00e9 Laval)<\/li>\r\n        <li>Vall\u00e9e, Audrey-Anne (Universit\u00e9 Laval)<\/li>\r\n        <li>Yang, Archer (Yi) (McGill University)<\/li>\r\n        <li>Yauck, Mamadou (Universit\u00e9 du Qu\u00e9bec \u00e0 Montr\u00e9al)<\/li>\r\n        <li>Zhang, Qihuang (McGill University)<\/li>\r\n    <\/ul>\n\n    <h3><b>Associate members of the laboratory<\/b><\/h3>\n    <ul>\n        <li>Bhatnagar, Sahir R. (McGill University)<\/li>\r\n        <li>Carreau, Julie (Polytechnique Montr\u00e9al)<\/li>\r\n        <li>Charpentier, Arthur (Universit\u00e9 du Qu\u00e9bec \u00e0 Montr\u00e9al)<\/li>\r\n        <li>Chebana, Fateh (INRS)<\/li>\r\n        <li>Coeurjolly, Jean-Fran\u00e7ois (Universit\u00e9 Grenoble Alpes)<\/li>\r\n        <li>Gagnon, Philippe (Universit\u00e9 de Montr\u00e9al)<\/li>\r\n        <li>Ghazzali, Nadia (Universit\u00e9 du Qu\u00e9bec \u00e0 Trois-Rivi\u00e8res)<\/li>\r\n        <li>Haziza, David (University of Ottawa)<\/li>\r\n        <li>Partovi Nia, Vahid (Ecole Polytechnique de Montreal)<\/li>\r\n        <li>Schulz, Juliana (HEC Montr\u00e9al)<\/li>\r\n    <\/ul>\n    \n\n\n<\/div><\/div><div class=\"fusion-layout-column fusion_builder_column fusion-builder-column-1 fusion_builder_column_1_3 1_3 fusion-flex-column\" style=\"--awb-bg-size:cover;--awb-width-large:33.333333333333%;--awb-margin-top-large:0px;--awb-spacing-right-large:5.76%;--awb-margin-bottom-large:20px;--awb-spacing-left-large:5.76%;--awb-width-medium:33.333333333333%;--awb-order-medium:0;--awb-spacing-right-medium:5.76%;--awb-spacing-left-medium:5.76%;--awb-width-small:100%;--awb-order-small:0;--awb-spacing-right-small:1.92%;--awb-spacing-left-small:1.92%;\"><div class=\"fusion-column-wrapper fusion-column-has-shadow fusion-flex-justify-content-flex-start fusion-content-layout-column\"><div class=\"fusion-flip-boxes flip-boxes row fusion-columns-1 flip-effect-classic\"><div class=\"fusion-flip-box-wrapper fusion-column col-lg-12 col-md-12 col-sm-12\"><div class=\"fusion-flip-box flip-right\" tabindex=\"0\"><div class=\"flip-box-inner-wrapper\"><div class=\"flip-box-front\" style=\"--awb-border-size:1px;--awb-background-color-front:var(--awb-custom16);--awb-text-front-color:var(--awb-color3);\"><div class=\"flip-box-front-inner\"><h2 class=\"flip-box-heading without-text\">ABOUT<\/h2><\/div><\/div><div class=\"flip-box-back\" style=\"--awb-border-size:1px;--awb-background-color-back:var(--awb-color5);\"><div class=\"flip-box-back-inner\"><div style=\"text-align:center;\"><a class=\"fusion-button button-flat button-small button-custom fusion-button-default button-1 fusion-button-default-span fusion-button-default-type\" style=\"--button_accent_color:#462769;--button_accent_hover_color:#462769;--button_border_hover_color:var(--awb-color1);--button_gradient_top_color:#ffffff;--button_gradient_bottom_color:#ffffff;--button_gradient_top_color_hover:rgba(255,255,255,0.22);--button_gradient_bottom_color_hover:rgba(255,255,255,0.22);\" target=\"_self\" href=\"https:\/\/www.crmath.ca\/en\/statistics-laboratory\/\"><span class=\"fusion-button-text awb-button__text awb-button__text--default\">ABOUT<\/span><\/a><\/div><\/div><\/div><\/div><\/div><\/div><div class=\"fusion-flip-box-wrapper fusion-column col-lg-12 col-md-12 col-sm-12\"><div class=\"fusion-flip-box flip-right\" tabindex=\"0\"><div class=\"flip-box-inner-wrapper\"><div class=\"flip-box-front\" style=\"--awb-border-size:1px;--awb-background-color-front:var(--awb-custom16);--awb-text-front-color:var(--awb-color3);\"><div class=\"flip-box-front-inner\"><h2 class=\"flip-box-heading without-text\">MEMBERS<\/h2><\/div><\/div><div class=\"flip-box-back\" style=\"--awb-border-size:1px;--awb-background-color-back:var(--awb-color5);\"><div class=\"flip-box-back-inner\"><div style=\"text-align:center;\"><a class=\"fusion-button button-flat button-small button-custom fusion-button-default button-2 fusion-button-default-span fusion-button-default-type\" style=\"--button_accent_color:#462769;--button_accent_hover_color:#462769;--button_border_hover_color:var(--awb-color1);--button_gradient_top_color:#ffffff;--button_gradient_bottom_color:#ffffff;--button_gradient_top_color_hover:rgba(255,255,255,0.22);--button_gradient_bottom_color_hover:rgba(255,255,255,0.22);\" target=\"_self\" href=\"https:\/\/www.crmath.ca\/en\/statistics-laboratory\/statistics-members\/\"><span class=\"fusion-button-text awb-button__text awb-button__text--default\">MEMBERS<\/span><\/a><\/div><\/div><\/div><\/div><\/div><\/div><div class=\"fusion-flip-box-wrapper fusion-column col-lg-12 col-md-12 col-sm-12\"><div class=\"fusion-flip-box flip-right\" tabindex=\"0\"><div class=\"flip-box-inner-wrapper\"><div class=\"flip-box-front\" style=\"--awb-border-size:1px;--awb-background-color-front:var(--awb-custom16);--awb-text-front-color:var(--awb-color3);\"><div class=\"flip-box-front-inner\"><h2 class=\"flip-box-heading without-text\">WORKSHOPS AND CONFERENCES<\/h2><\/div><\/div><div class=\"flip-box-back\" style=\"--awb-border-size:1px;--awb-background-color-back:var(--awb-color5);\"><div class=\"flip-box-back-inner\"><div style=\"text-align:center;\"><a class=\"fusion-button button-flat button-small button-custom fusion-button-default button-3 fusion-button-default-span fusion-button-default-type\" style=\"--button_accent_color:#462769;--button_accent_hover_color:#462769;--button_border_hover_color:var(--awb-color1);--button_gradient_top_color:#ffffff;--button_gradient_bottom_color:#ffffff;--button_gradient_top_color_hover:rgba(255,255,255,0.22);--button_gradient_bottom_color_hover:rgba(255,255,255,0.22);\" target=\"_self\" href=\"https:\/\/www.crmath.ca\/en\/statistics-laboratory\/statistics-workshop\/\"><span class=\"fusion-button-text awb-button__text awb-button__text--default\">WORKSHOPS AND CONFERENCES<\/span><\/a><\/div><\/div><\/div><\/div><\/div><\/div><div class=\"fusion-flip-box-wrapper fusion-column col-lg-12 col-md-12 col-sm-12\"><div class=\"fusion-flip-box flip-right\" tabindex=\"0\"><div class=\"flip-box-inner-wrapper\"><div class=\"flip-box-front\" style=\"--awb-border-size:1px;--awb-background-color-front:var(--awb-custom16);--awb-text-front-color:var(--awb-color3);\"><div class=\"flip-box-front-inner\"><h2 class=\"flip-box-heading without-text\">SEMINARS<\/h2><\/div><\/div><div class=\"flip-box-back\" style=\"--awb-border-size:1px;--awb-background-color-back:var(--awb-color5);\"><div class=\"flip-box-back-inner\">\n<div style=\"text-align:center;\"><a class=\"fusion-button button-flat button-small button-custom fusion-button-default button-4 fusion-button-default-span fusion-button-default-type\" style=\"--button_accent_color:#462769;--button_accent_hover_color:#462769;--button_border_hover_color:var(--awb-color1);--button_gradient_top_color:#ffffff;--button_gradient_bottom_color:#ffffff;--button_gradient_top_color_hover:rgba(255,255,255,0.22);--button_gradient_bottom_color_hover:rgba(255,255,255,0.22);\" target=\"_self\" href=\"https:\/\/www.crmath.ca\/en\/statistics-laboratory\/statistics-seminars\/\"><span class=\"fusion-button-text awb-button__text awb-button__text--default\">SEMINARS<\/span><\/a><\/div>\n<\/div><\/div><\/div><\/div><\/div><div class=\"fusion-flip-box-wrapper fusion-column col-lg-12 col-md-12 col-sm-12\"><div class=\"fusion-flip-box flip-right\" tabindex=\"0\"><div class=\"flip-box-inner-wrapper\"><div class=\"flip-box-front\" style=\"--awb-border-size:1px;--awb-background-color-front:var(--awb-custom16);--awb-text-front-color:var(--awb-color3);\"><div class=\"flip-box-front-inner\"><h2 class=\"flip-box-heading without-text\">CONTACT<\/h2><\/div><\/div><div class=\"flip-box-back\" style=\"--awb-border-size:1px;--awb-background-color-back:var(--awb-color5);\"><div class=\"flip-box-back-inner\"><div style=\"text-align:center;\"><a class=\"fusion-button button-flat button-small button-custom fusion-button-default button-5 fusion-button-default-span fusion-button-default-type\" style=\"--button_accent_color:#462769;--button_accent_hover_color:#462769;--button_border_hover_color:var(--awb-color1);--button_gradient_top_color:#ffffff;--button_gradient_bottom_color:#ffffff;--button_gradient_top_color_hover:rgba(255,255,255,0.22);--button_gradient_bottom_color_hover:rgba(255,255,255,0.22);\" target=\"_self\" href=\"https:\/\/www.crmath.ca\/en\/statistics-laboratory\/statistics-contact\/\"><span class=\"fusion-button-text awb-button__text awb-button__text--default\">CONTACT<\/span><\/a><\/div><\/div><\/div><\/div><\/div><\/div><\/div><\/div><\/div><\/div><\/div>\n","protected":false},"excerpt":{"rendered":"","protected":false},"author":6,"featured_media":0,"parent":14658,"menu_order":0,"comment_status":"closed","ping_status":"closed","template":"","meta":{"inline_featured_image":false,"footnotes":""},"class_list":["post-14692","page","type-page","status-publish","hentry"],"_links":{"self":[{"href":"https:\/\/www.crmath.ca\/en\/wp-json\/wp\/v2\/pages\/14692","targetHints":{"allow":["GET"]}}],"collection":[{"href":"https:\/\/www.crmath.ca\/en\/wp-json\/wp\/v2\/pages"}],"about":[{"href":"https:\/\/www.crmath.ca\/en\/wp-json\/wp\/v2\/types\/page"}],"author":[{"embeddable":true,"href":"https:\/\/www.crmath.ca\/en\/wp-json\/wp\/v2\/users\/6"}],"replies":[{"embeddable":true,"href":"https:\/\/www.crmath.ca\/en\/wp-json\/wp\/v2\/comments?post=14692"}],"version-history":[{"count":7,"href":"https:\/\/www.crmath.ca\/en\/wp-json\/wp\/v2\/pages\/14692\/revisions"}],"predecessor-version":[{"id":14703,"href":"https:\/\/www.crmath.ca\/en\/wp-json\/wp\/v2\/pages\/14692\/revisions\/14703"}],"up":[{"embeddable":true,"href":"https:\/\/www.crmath.ca\/en\/wp-json\/wp\/v2\/pages\/14658"}],"wp:attachment":[{"href":"https:\/\/www.crmath.ca\/en\/wp-json\/wp\/v2\/media?parent=14692"}],"curies":[{"name":"wp","href":"https:\/\/api.w.org\/{rel}","templated":true}]}}