{"id":14468,"date":"2024-09-06T13:30:25","date_gmt":"2024-09-06T17:30:25","guid":{"rendered":"https:\/\/www.crmath.ca\/strategia\/themes\/"},"modified":"2024-09-06T13:38:14","modified_gmt":"2024-09-06T17:38:14","slug":"activities","status":"publish","type":"page","link":"https:\/\/www.crmath.ca\/en\/strategia\/activities\/","title":{"rendered":"Activities"},"content":{"rendered":"<div class=\"fusion-fullwidth fullwidth-box fusion-builder-row-1 fusion-flex-container has-pattern-background has-mask-background nonhundred-percent-fullwidth non-hundred-percent-height-scrolling\" style=\"--awb-border-radius-top-left:0px;--awb-border-radius-top-right:0px;--awb-border-radius-bottom-right:0px;--awb-border-radius-bottom-left:0px;--awb-flex-wrap:wrap;\" ><div class=\"fusion-builder-row fusion-row fusion-flex-align-items-flex-start fusion-flex-content-wrap\" style=\"max-width:1420.64px;margin-left: calc(-4% \/ 2 );margin-right: calc(-4% \/ 2 );\"><div class=\"fusion-layout-column fusion_builder_column fusion-builder-column-0 fusion_builder_column_2_3 2_3 fusion-flex-column\" style=\"--awb-bg-size:cover;--awb-width-large:66.666666666667%;--awb-margin-top-large:0px;--awb-spacing-right-large:2.88%;--awb-margin-bottom-large:20px;--awb-spacing-left-large:2.88%;--awb-width-medium:66.666666666667%;--awb-order-medium:0;--awb-spacing-right-medium:2.88%;--awb-spacing-left-medium:2.88%;--awb-width-small:100%;--awb-order-small:0;--awb-spacing-right-small:1.92%;--awb-spacing-left-small:1.92%;\"><div class=\"fusion-column-wrapper fusion-column-has-shadow fusion-flex-justify-content-flex-start fusion-content-layout-column\"><style>\n\nh4 {\n    font-size: 18px!important;\n    text-transform: uppercase;\n    margin: 0 0 4px!important;\n    \n    font-weight: bold;\n  }\n\nh2 {\n  color: #170652;\n \n}\nh3 {\n      \n      border-radius: 5px;\n      border-top-left-radius: 0;\n      border-bottom-left-radius: 0;\n      font-size: 14px!important;\n      text-transform: uppercase;\n      line-height: 1;\n      color: white;\n      font-weight: bold;\n      margin-bottom: 8px;\n      margin-right: 5px;\n      display: inline-block;\n      padding: 6px 12px 5px;\n      \n      background: #b3b3b3; \n\n      \n      \n    }\n\n<\/style>\n \n\n    <h4><b>Workshops and conferences <\/b><\/h4>\n    <ul>\n<h4 ><a href=\"https:\/\/www.crmath.ca\/en\/activities\/#\/search\/Lancement Strategia \" >Lancement Strategia<\/a><\/h4> <p> Start date:  11\/21\/2024 -- Date  de fin: 11\/21\/2024<\/p><\/li>\r\n\r\n\r\n<h4 ><a href=\"https:\/\/www.crmath.ca\/en\/activities\/#\/search\/Colloque francophone interfacultaire de recherche en biostatistique \" >Colloque francophone interfacultaire de recherche en biostatistique<\/a><\/h4> <p> Start date:  06\/14\/2024 -- Date  de fin: 06\/14\/2024<\/p><\/li>\r\n\r\n\r\n<h4 ><a href=\"https:\/\/www.crmath.ca\/en\/activities\/#\/search\/Quatorzi\u00e8me atelier de r\u00e9solution de probl\u00e8mes industriels de Montr\u00e9al \" >Quatorzi\u00e8me atelier de r\u00e9solution de probl\u00e8mes industriels de Montr\u00e9al<\/a><\/h4> <p> Start date:  05\/13\/2024 -- Date  de fin: 05\/17\/2024<\/p><\/li>\r\n\r\n\r\n<h4 ><a href=\"https:\/\/www.crmath.ca\/en\/activities\/#\/search\/Conf\u00e9rences distingu\u00e9es du CRM en math\u00e9matiques appliqu\u00e9es \" >Conf\u00e9rences distingu\u00e9es du CRM en math\u00e9matiques appliqu\u00e9es<\/a><\/h4> <p> Start date:  04\/30\/2024 -- Date  de fin: 05\/01\/2024<\/p><\/li>\r\n\r\n\r\n    <\/ul>\n\n    \n   \n\n<\/div><\/div><div class=\"fusion-layout-column fusion_builder_column fusion-builder-column-1 fusion_builder_column_1_3 1_3 fusion-flex-column\" style=\"--awb-bg-size:cover;--awb-width-large:33.333333333333%;--awb-margin-top-large:0px;--awb-spacing-right-large:5.76%;--awb-margin-bottom-large:20px;--awb-spacing-left-large:5.76%;--awb-width-medium:33.333333333333%;--awb-order-medium:0;--awb-spacing-right-medium:5.76%;--awb-spacing-left-medium:5.76%;--awb-width-small:100%;--awb-order-small:0;--awb-spacing-right-small:1.92%;--awb-spacing-left-small:1.92%;\"><div class=\"fusion-column-wrapper fusion-column-has-shadow fusion-flex-justify-content-flex-start fusion-content-layout-column\"><\/div><\/div><\/div><\/div>\n","protected":false},"excerpt":{"rendered":"","protected":false},"author":6,"featured_media":0,"parent":14326,"menu_order":0,"comment_status":"closed","ping_status":"closed","template":"","meta":{"inline_featured_image":false,"footnotes":""},"class_list":["post-14468","page","type-page","status-publish","hentry"],"_links":{"self":[{"href":"https:\/\/www.crmath.ca\/en\/wp-json\/wp\/v2\/pages\/14468","targetHints":{"allow":["GET"]}}],"collection":[{"href":"https:\/\/www.crmath.ca\/en\/wp-json\/wp\/v2\/pages"}],"about":[{"href":"https:\/\/www.crmath.ca\/en\/wp-json\/wp\/v2\/types\/page"}],"author":[{"embeddable":true,"href":"https:\/\/www.crmath.ca\/en\/wp-json\/wp\/v2\/users\/6"}],"replies":[{"embeddable":true,"href":"https:\/\/www.crmath.ca\/en\/wp-json\/wp\/v2\/comments?post=14468"}],"version-history":[{"count":3,"href":"https:\/\/www.crmath.ca\/en\/wp-json\/wp\/v2\/pages\/14468\/revisions"}],"predecessor-version":[{"id":14476,"href":"https:\/\/www.crmath.ca\/en\/wp-json\/wp\/v2\/pages\/14468\/revisions\/14476"}],"up":[{"embeddable":true,"href":"https:\/\/www.crmath.ca\/en\/wp-json\/wp\/v2\/pages\/14326"}],"wp:attachment":[{"href":"https:\/\/www.crmath.ca\/en\/wp-json\/wp\/v2\/media?parent=14468"}],"curies":[{"name":"wp","href":"https:\/\/api.w.org\/{rel}","templated":true}]}}