{"id":14335,"date":"2024-09-03T09:50:48","date_gmt":"2024-09-03T13:50:48","guid":{"rendered":"https:\/\/www.crmath.ca\/centre-interuniversitaire-en-calcul-mathematique-algebrique\/"},"modified":"2026-03-04T14:17:32","modified_gmt":"2026-03-04T19:17:32","slug":"researchers-involved","status":"publish","type":"page","link":"https:\/\/www.crmath.ca\/en\/strategia\/researchers-involved\/","title":{"rendered":"Researchers involved"},"content":{"rendered":"<div class=\"fusion-fullwidth fullwidth-box fusion-builder-row-1 fusion-flex-container has-pattern-background has-mask-background nonhundred-percent-fullwidth non-hundred-percent-height-scrolling\" style=\"--awb-border-radius-top-left:0px;--awb-border-radius-top-right:0px;--awb-border-radius-bottom-right:0px;--awb-border-radius-bottom-left:0px;--awb-flex-wrap:wrap;\" ><div class=\"fusion-builder-row fusion-row fusion-flex-align-items-flex-start fusion-flex-content-wrap\" style=\"max-width:1420.64px;margin-left: calc(-4% \/ 2 );margin-right: calc(-4% \/ 2 );\"><div class=\"fusion-layout-column fusion_builder_column fusion-builder-column-0 fusion_builder_column_2_3 2_3 fusion-flex-column\" style=\"--awb-bg-size:cover;--awb-width-large:66.666666666667%;--awb-margin-top-large:0px;--awb-spacing-right-large:2.88%;--awb-margin-bottom-large:20px;--awb-spacing-left-large:2.88%;--awb-width-medium:66.666666666667%;--awb-order-medium:0;--awb-spacing-right-medium:2.88%;--awb-spacing-left-medium:2.88%;--awb-width-small:100%;--awb-order-small:0;--awb-spacing-right-small:1.92%;--awb-spacing-left-small:1.92%;\"><div class=\"fusion-column-wrapper fusion-column-has-shadow fusion-flex-justify-content-flex-start fusion-content-layout-column\"><div class=\"fusion-text fusion-text-1\"><h3>Researchers involved<\/h3>\n<ul>\n<li><strong>Octav Cornea<\/strong> (Universit\u00e9 de Montr\u00e9al) \u2014 <strong>Principal applicant<\/strong><\/li>\n<li><strong>Bouchra Nasri<\/strong> (Universit\u00e9 de Montr\u00e9al) \u2014 <strong>Scientific advisor<\/strong><\/li>\n<li><strong>Olivier Bahn<\/strong> (HEC Montr\u00e9al) \u2014 <strong>Director of GERAD<\/strong><\/li>\n<li><strong>Karim Jerbi<\/strong> (Universit\u00e9 de Montr\u00e9al) \u2014 <strong>Director of UNIQUE<\/strong><\/li>\n<li><strong>Louigi Addario-Berry<\/strong> (Universit\u00e9 McGill)<\/li>\n<li><strong>Mouloud Amazouz<\/strong> (Universit\u00e9 de Waterloo)<\/li>\n<li><strong>Yoshua Bengio<\/strong> (Universit\u00e9 de Montr\u00e9al)<\/li>\n<li><strong>David Benrimoh<\/strong> (Universit\u00e9 McGill)<\/li>\n<li><strong>Francois Charette<\/strong> (Coll\u00e8ge Marianopolis)<\/li>\n<li><strong>Morgan Craig<\/strong> (Universit\u00e9 de Montr\u00e9al)<\/li>\n<li><strong>Roxanne de la Sablonni\u00e8re<\/strong> (Universit\u00e9 de Montr\u00e9al)<\/li>\n<li><strong>Guillaume Dumas<\/strong> (Universit\u00e9 de Montr\u00e9al)<\/li>\n<li><strong>Tristan Glatard<\/strong> (Universit\u00e9 Concordia)<\/li>\n<li><strong>Andrew Granville<\/strong> (Universit\u00e9 de Montr\u00e9al)<\/li>\n<li><strong>Denise Klein<\/strong> (Universit\u00e9 McGill)<\/li>\n<li><strong>Arlette Kolta<\/strong> (Universit\u00e9 de Montr\u00e9al)<\/li>\n<li><strong>Guillaume Lajoie<\/strong> (Universit\u00e9 de Montr\u00e9al)<\/li>\n<li><strong>Flavie Lavoie-Cardinal<\/strong> (Universit\u00e9 Laval)<\/li>\n<li><strong>Annie Levasseur<\/strong> (\u00c9cole de technologie sup\u00e9rieure)<\/li>\n<li><strong>David McLeod<\/strong> (Universit\u00e9 de Montr\u00e9al)<\/li>\n<li><strong>Marie-jean Meurs<\/strong> (Universit\u00e9 du Qu\u00e9bec \u00e0 Montr\u00e9al)<\/li>\n<li><strong>Erica E.M. Moodie<\/strong> (Universit\u00e9 McGill)<\/li>\n<li><strong>Suzanne Talon<\/strong> (Universit\u00e9 de Montr\u00e9al)<\/li>\n<li><strong>Edward Thommes<\/strong> (University of Guelph)<\/li>\n<\/ul>\n<\/div><\/div><\/div><div class=\"fusion-layout-column fusion_builder_column fusion-builder-column-1 fusion_builder_column_1_3 1_3 fusion-flex-column\" style=\"--awb-bg-size:cover;--awb-width-large:33.333333333333%;--awb-margin-top-large:0px;--awb-spacing-right-large:5.76%;--awb-margin-bottom-large:20px;--awb-spacing-left-large:5.76%;--awb-width-medium:33.333333333333%;--awb-order-medium:0;--awb-spacing-right-medium:5.76%;--awb-spacing-left-medium:5.76%;--awb-width-small:100%;--awb-order-small:0;--awb-spacing-right-small:1.92%;--awb-spacing-left-small:1.92%;\"><div class=\"fusion-column-wrapper fusion-column-has-shadow fusion-flex-justify-content-flex-start fusion-content-layout-column\"><\/div><\/div><\/div><\/div>\n","protected":false},"excerpt":{"rendered":"","protected":false},"author":6,"featured_media":0,"parent":14326,"menu_order":0,"comment_status":"closed","ping_status":"closed","template":"","meta":{"inline_featured_image":false,"footnotes":""},"class_list":["post-14335","page","type-page","status-publish","hentry"],"_links":{"self":[{"href":"https:\/\/www.crmath.ca\/en\/wp-json\/wp\/v2\/pages\/14335","targetHints":{"allow":["GET"]}}],"collection":[{"href":"https:\/\/www.crmath.ca\/en\/wp-json\/wp\/v2\/pages"}],"about":[{"href":"https:\/\/www.crmath.ca\/en\/wp-json\/wp\/v2\/types\/page"}],"author":[{"embeddable":true,"href":"https:\/\/www.crmath.ca\/en\/wp-json\/wp\/v2\/users\/6"}],"replies":[{"embeddable":true,"href":"https:\/\/www.crmath.ca\/en\/wp-json\/wp\/v2\/comments?post=14335"}],"version-history":[{"count":30,"href":"https:\/\/www.crmath.ca\/en\/wp-json\/wp\/v2\/pages\/14335\/revisions"}],"predecessor-version":[{"id":21212,"href":"https:\/\/www.crmath.ca\/en\/wp-json\/wp\/v2\/pages\/14335\/revisions\/21212"}],"up":[{"embeddable":true,"href":"https:\/\/www.crmath.ca\/en\/wp-json\/wp\/v2\/pages\/14326"}],"wp:attachment":[{"href":"https:\/\/www.crmath.ca\/en\/wp-json\/wp\/v2\/media?parent=14335"}],"curies":[{"name":"wp","href":"https:\/\/api.w.org\/{rel}","templated":true}]}}