{"id":14143,"date":"2024-08-20T09:20:21","date_gmt":"2024-08-20T13:20:21","guid":{"rendered":"https:\/\/www.crmath.ca\/centre-interuniversitaire-calcul-mathematique-algebrique\/cicma-member\/"},"modified":"2024-08-20T15:29:39","modified_gmt":"2024-08-20T19:29:39","slug":"cicma-workshops","status":"publish","type":"page","link":"https:\/\/www.crmath.ca\/en\/centre-interuniversitaire-calcul-mathematique-algebrique\/cicma-workshops\/","title":{"rendered":"CICMA WORKSHOPS AND CONFERENCES"},"content":{"rendered":"<div class=\"fusion-fullwidth fullwidth-box fusion-builder-row-1 fusion-flex-container has-pattern-background has-mask-background nonhundred-percent-fullwidth non-hundred-percent-height-scrolling\" style=\"--awb-border-radius-top-left:0px;--awb-border-radius-top-right:0px;--awb-border-radius-bottom-right:0px;--awb-border-radius-bottom-left:0px;--awb-flex-wrap:wrap;\" ><div class=\"fusion-builder-row fusion-row fusion-flex-align-items-flex-start fusion-flex-content-wrap\" style=\"max-width:1420.64px;margin-left: calc(-4% \/ 2 );margin-right: calc(-4% \/ 2 );\"><div class=\"fusion-layout-column fusion_builder_column fusion-builder-column-0 fusion_builder_column_2_3 2_3 fusion-flex-column\" style=\"--awb-bg-size:cover;--awb-width-large:66.666666666667%;--awb-margin-top-large:0px;--awb-spacing-right-large:2.88%;--awb-margin-bottom-large:20px;--awb-spacing-left-large:2.88%;--awb-width-medium:66.666666666667%;--awb-order-medium:0;--awb-spacing-right-medium:2.88%;--awb-spacing-left-medium:2.88%;--awb-width-small:100%;--awb-order-small:0;--awb-spacing-right-small:1.92%;--awb-spacing-left-small:1.92%;\"><div class=\"fusion-column-wrapper fusion-column-has-shadow fusion-flex-justify-content-flex-start fusion-content-layout-column\"><style>\n\nh4 {\n    font-size: 18px!important;\n    text-transform: uppercase;\n    margin: 0 0 4px!important;\n    \n    font-weight: bold;\n  }\n\nh2 {\n  color: #170652;\n \n}\nh3 {\n      \n      border-radius: 5px;\n      border-top-left-radius: 0;\n      border-bottom-left-radius: 0;\n      font-size: 14px!important;\n      text-transform: uppercase;\n      line-height: 1;\n      color: white;\n      font-weight: bold;\n      margin-bottom: 8px;\n      margin-right: 5px;\n      display: inline-block;\n      padding: 6px 12px 5px;\n      \n      background: #b3b3b3; \n\n      \n      \n    }\n\n<\/style>\n \n\n    <h4><b>Workshops and conferences <\/b><\/h4>\n    <ul>\n<h3 class=\"meta-tag\" >         <li>  Title:    <\/h3> <h4 ><a href=\"https:\/\/www.crmath.ca\/en\/activities\/#\/search\/Dynamical Days: Dynamical and Number Theory Workshop in Montreal \" >Dynamical Days: Dynamical and Number Theory Workshop in Montreal<\/a><\/h4> <p> Start date:  06\/05\/2024 -- Date  de fin: 06\/07\/2024<\/p><\/li>\r\n\r\n\r\n<h3 class=\"meta-tag\" >         <li>  Title:    <\/h3> <h4 ><a href=\"https:\/\/www.crmath.ca\/en\/activities\/#\/search\/Montreal Solar Eclipse Number Theory Days \" >Montreal Solar Eclipse Number Theory Days<\/a><\/h4> <p> Start date:  04\/08\/2024 -- Date  de fin: 04\/09\/2024<\/p><\/li>\r\n\r\n\r\n<h3 class=\"meta-tag\" >         <li>  Title:    <\/h3> <h4 ><a href=\"https:\/\/www.crmath.ca\/en\/activities\/#\/search\/2022 Conf\u00e9rence de Th\u00e9orie des Nombres - Qu\u00e9bec-Maine \" >2022 Conf\u00e9rence de Th\u00e9orie des Nombres - Qu\u00e9bec-Maine<\/a><\/h4> <p> Start date:  10\/15\/2022 -- Date  de fin: 10\/16\/2022<\/p><\/li>\r\n\r\n\r\n<h3 class=\"meta-tag\" >         <li>  Title:    <\/h3> <h4 ><a href=\"https:\/\/www.crmath.ca\/en\/activities\/#\/search\/Nombres premiers, post-doctorants et pr\u00e9tention (Conf\u00e9rence du laur\u00e9at 2021 du Prix CRM-Fields-PIMS) \" >Nombres premiers, post-doctorants et pr\u00e9tention (Conf\u00e9rence du laur\u00e9at 2021 du Prix CRM-Fields-PIMS)<\/a><\/h4> <p> Start date:  12\/02\/2021 -- Date  de fin: 12\/02\/2021<\/p><\/li>\r\n\r\n\r\n<h3 class=\"meta-tag\" >         <li>  Title:    <\/h3> <h4 ><a href=\"https:\/\/www.crmath.ca\/en\/activities\/#\/search\/Approximation diophantienne et la th\u00e9orie de la distribution des valeurs \u00e0 l\u2019interface de la g\u00e9om\u00e9trie arithm\u00e9tique et hyperbolique complexe. Un atelier de recherche et un mini-cours \" >Approximation diophantienne et la th\u00e9orie de la distribution des valeurs \u00e0 l\u2019interface de la g\u00e9om\u00e9trie arithm\u00e9tique et hyperbolique complexe. Un atelier de recherche et un mini-cours<\/a><\/h4> <p> Start date:  05\/13\/2019 -- Date  de fin: 05\/17\/2019<\/p><\/li>\r\n\r\n\r\n<h3 class=\"meta-tag\" >         <li>  Title:    <\/h3> <h4 ><a href=\"https:\/\/www.crmath.ca\/en\/activities\/#\/search\/Atelier sur la g\u00e9om\u00e9trisation du programme de Langlands local \" >Atelier sur la g\u00e9om\u00e9trisation du programme de Langlands local<\/a><\/h4> <p> Start date:  05\/06\/2019 -- Date  de fin: 05\/10\/2019<\/p><\/li>\r\n\r\n\r\n<h3 class=\"meta-tag\" >         <li>  Title:    <\/h3> <h4 ><a href=\"https:\/\/www.crmath.ca\/en\/activities\/#\/search\/Atelier Montr\u00e9al-Toronto 2019 en th\u00e9orie des nombres - Les morphismes de p\u00e9riodes \" >Atelier Montr\u00e9al-Toronto 2019 en th\u00e9orie des nombres - Les morphismes de p\u00e9riodes<\/a><\/h4> <p> Start date:  03\/22\/2019 -- Date  de fin: 03\/24\/2019<\/p><\/li>\r\n\r\n\r\n<h3 class=\"meta-tag\" >         <li>  Title:    <\/h3> <h4 ><a href=\"https:\/\/www.crmath.ca\/en\/activities\/#\/search\/CNTA XV - Conf\u00e9rence pancanadienne en th\u00e9orie des nombres \" >CNTA XV - Conf\u00e9rence pancanadienne en th\u00e9orie des nombres<\/a><\/h4> <p> Start date:  07\/09\/2018 -- Date  de fin: 07\/13\/2018<\/p><\/li>\r\n\r\n\r\n<h3 class=\"meta-tag\" >         <li>  Title:    <\/h3> <h4 ><a href=\"https:\/\/www.crmath.ca\/en\/activities\/#\/search\/Une c\u00e9l\u00e9bration du programme postdoctoral de CICMA \" >Une c\u00e9l\u00e9bration du programme postdoctoral de CICMA<\/a><\/h4> <p> Start date:  07\/02\/2018 -- Date  de fin: 07\/06\/2018<\/p><\/li>\r\n\r\n\r\n<h3 class=\"meta-tag\" >         <li>  Title:    <\/h3> <h4 ><a href=\"https:\/\/www.crmath.ca\/en\/activities\/#\/search\/Les probabilit\u00e9s en th\u00e9orie des nombres \" >Les probabilit\u00e9s en th\u00e9orie des nombres<\/a><\/h4> <p> Start date:  05\/14\/2018 -- Date  de fin: 06\/01\/2018<\/p><\/li>\r\n\r\n\r\n<h3 class=\"meta-tag\" >         <li>  Title:    <\/h3> <h4 ><a href=\"https:\/\/www.crmath.ca\/en\/activities\/#\/search\/Atelier Montr\u00e9al-Toronto 2018 en th\u00e9orie des nombres \" >Atelier Montr\u00e9al-Toronto 2018 en th\u00e9orie des nombres<\/a><\/h4> <p> Start date:  01\/13\/2018 -- Date  de fin: 01\/14\/2018<\/p><\/li>\r\n\r\n\r\n<h3 class=\"meta-tag\" >         <li>  Title:    <\/h3> <h4 ><a href=\"https:\/\/www.crmath.ca\/en\/activities\/#\/search\/Atelier Montr\u00e9al-Toronto 2016 en th\u00e9orie des nombres \" >Atelier Montr\u00e9al-Toronto 2016 en th\u00e9orie des nombres<\/a><\/h4> <p> Start date:  12\/07\/2016 -- Date  de fin: 12\/09\/2016<\/p><\/li>\r\n\r\n\r\n<h3 class=\"meta-tag\" >         <li>  Title:    <\/h3> <h4 ><a href=\"https:\/\/www.crmath.ca\/en\/activities\/#\/search\/2016 Conf\u00e9rence de Th\u00e9orie des Nombres - Qu\u00e9bec-Maine \" >2016 Conf\u00e9rence de Th\u00e9orie des Nombres - Qu\u00e9bec-Maine<\/a><\/h4> <p> Start date:  10\/08\/2016 -- Date  de fin: 10\/09\/2016<\/p><\/li>\r\n\r\n\r\n<h3 class=\"meta-tag\" >         <li>  Title:    <\/h3> <h4 ><a href=\"https:\/\/www.crmath.ca\/en\/activities\/#\/search\/Mathematics without apologies. An unapologetic guided tour of the mathematical life \" >Mathematics without apologies. An unapologetic guided tour of the mathematical life<\/a><\/h4> <p> Start date:  02\/11\/2016 -- Date  de fin: 02\/11\/2016<\/p><\/li>\r\n\r\n\r\n<h3 class=\"meta-tag\" >         <li>  Title:    <\/h3> <h4 ><a href=\"https:\/\/www.crmath.ca\/en\/activities\/#\/search\/Atelier Montr\u00e9al-Toronto 2015 en th\u00e9orie des nombres \" >Atelier Montr\u00e9al-Toronto 2015 en th\u00e9orie des nombres<\/a><\/h4> <p> Start date:  10\/10\/2015 -- Date  de fin: 10\/11\/2015<\/p><\/li>\r\n\r\n\r\n<h3 class=\"meta-tag\" >         <li>  Title:    <\/h3> <h4 ><a href=\"https:\/\/www.crmath.ca\/en\/activities\/#\/search\/2014 Conf\u00e9rence de Th\u00e9orie des Nombres - Qu\u00e9bec-Maine \" >2014 Conf\u00e9rence de Th\u00e9orie des Nombres - Qu\u00e9bec-Maine<\/a><\/h4> <p> Start date:  09\/27\/2014 -- Date  de fin: 09\/28\/2014<\/p><\/li>\r\n\r\n\r\n<h3 class=\"meta-tag\" >         <li>  Title:    <\/h3> <h4 ><a href=\"https:\/\/www.crmath.ca\/en\/activities\/#\/search\/2e Atelier Montr\u00e9al-Toronto 2013 en th\u00e9orie des nombres \u00abProgr\u00e8s et prospects en th\u00e9orie des nombres\u00bb \" >2e Atelier Montr\u00e9al-Toronto 2013 en th\u00e9orie des nombres \u00abProgr\u00e8s et prospects en th\u00e9orie des nombres\u00bb<\/a><\/h4> <p> Start date:  11\/23\/2013 -- Date  de fin: 11\/24\/2013<\/p><\/li>\r\n\r\n\r\n<h3 class=\"meta-tag\" >         <li>  Title:    <\/h3> <h4 ><a href=\"https:\/\/www.crmath.ca\/en\/activities\/#\/search\/Atelier Montr\u00e9al-Toronto 2013 en th\u00e9orie des nombres \u00abp-divisible groups\u00bb \" >Atelier Montr\u00e9al-Toronto 2013 en th\u00e9orie des nombres \u00abp-divisible groups\u00bb<\/a><\/h4> <p> Start date:  04\/18\/2013 -- Date  de fin: 04\/19\/2013<\/p><\/li>\r\n\r\n\r\n<h3 class=\"meta-tag\" >         <li>  Title:    <\/h3> <h4 ><a href=\"https:\/\/www.crmath.ca\/en\/activities\/#\/search\/The Bellairs Workshop in Number Theory 2012 \" >The Bellairs Workshop in Number Theory 2012<\/a><\/h4> <p> Start date:  05\/06\/2012 -- Date  de fin: 05\/12\/2012<\/p><\/li>\r\n\r\n\r\n<h3 class=\"meta-tag\" >         <li>  Title:    <\/h3> <h4 ><a href=\"https:\/\/www.crmath.ca\/en\/activities\/#\/search\/Atelier Montr\u00e9al-Toronto 2012 en th\u00e9orie des nombres \" >Atelier Montr\u00e9al-Toronto 2012 en th\u00e9orie des nombres<\/a><\/h4> <p> Start date:  04\/28\/2012 -- Date  de fin: 04\/29\/2012<\/p><\/li>\r\n\r\n\r\n<h3 class=\"meta-tag\" >         <li>  Title:    <\/h3> <h4 ><a href=\"https:\/\/www.crmath.ca\/en\/activities\/#\/search\/The Bellairs Workshop in Number Theory, 2011 \" >The Bellairs Workshop in Number Theory, 2011<\/a><\/h4> <p> Start date:  05\/06\/2011 -- Date  de fin: 05\/13\/2011<\/p><\/li>\r\n\r\n\r\n<h3 class=\"meta-tag\" >         <li>  Title:    <\/h3> <h4 ><a href=\"https:\/\/www.crmath.ca\/en\/activities\/#\/search\/Atelier Montreal-Toronto 2011 en th\u00e9orie des nombres \" >Atelier Montreal-Toronto 2011 en th\u00e9orie des nombres<\/a><\/h4> <p> Start date:  04\/09\/2011 -- Date  de fin: 04\/10\/2011<\/p><\/li>\r\n\r\n\r\n<h3 class=\"meta-tag\" >         <li>  Title:    <\/h3> <h4 ><a href=\"https:\/\/www.crmath.ca\/en\/activities\/#\/search\/Conf\u00e9rence Qu\u00e9bec-Maine en th\u00e9orie des nombres, 2010 \" >Conf\u00e9rence Qu\u00e9bec-Maine en th\u00e9orie des nombres, 2010<\/a><\/h4> <p> Start date:  10\/02\/2010 -- Date  de fin: 10\/03\/2010<\/p><\/li>\r\n\r\n\r\n<h3 class=\"meta-tag\" >         <li>  Title:    <\/h3> <h4 ><a href=\"https:\/\/www.crmath.ca\/en\/activities\/#\/search\/Atelier Montreal-Toronto en th\u00e9orie des nombres \" >Atelier Montreal-Toronto en th\u00e9orie des nombres<\/a><\/h4> <p> Start date:  09\/04\/2010 -- Date  de fin: 09\/05\/2010<\/p><\/li>\r\n\r\n\r\n<h3 class=\"meta-tag\" >         <li>  Title:    <\/h3> <h4 ><a href=\"https:\/\/www.crmath.ca\/en\/activities\/#\/search\/The Bellairs Workshop in Number Theory, Moduli Spaces and the Arithmetic of Dynamical Systems \" >The Bellairs Workshop in Number Theory, Moduli Spaces and the Arithmetic of Dynamical Systems<\/a><\/h4> <p> Start date:  05\/02\/2010 -- Date  de fin: 05\/09\/2010<\/p><\/li>\r\n\r\n\r\n<h3 class=\"meta-tag\" >         <li>  Title:    <\/h3> <h4 ><a href=\"https:\/\/www.crmath.ca\/en\/activities\/#\/search\/The Bellairs Workshop in Number Theory \" >The Bellairs Workshop in Number Theory<\/a><\/h4> <p> Start date:  05\/03\/2009 -- Date  de fin: 05\/10\/2009<\/p><\/li>\r\n\r\n\r\n<h3 class=\"meta-tag\" >         <li>  Title:    <\/h3> <h4 ><a href=\"https:\/\/www.crmath.ca\/en\/activities\/#\/search\/Atelier sur l'arithm\u00e9tique et la g\u00e9om\u00e9trie hyperbolique \" >Atelier sur l'arithm\u00e9tique et la g\u00e9om\u00e9trie hyperbolique<\/a><\/h4> <p> Start date:  11\/08\/2008 -- Date  de fin: 11\/09\/2008<\/p><\/li>\r\n\r\n\r\n<h3 class=\"meta-tag\" >         <li>  Title:    <\/h3> <h4 ><a href=\"https:\/\/www.crmath.ca\/en\/activities\/#\/search\/Conf\u00e9rence en th\u00e9orie des nombres Qu\u00e9bec-Maine \" >Conf\u00e9rence en th\u00e9orie des nombres Qu\u00e9bec-Maine<\/a><\/h4> <p> Start date:  10\/04\/2008 -- Date  de fin: 10\/05\/2008<\/p><\/li>\r\n\r\n\r\n<h3 class=\"meta-tag\" >         <li>  Title:    <\/h3> <h4 ><a href=\"https:\/\/www.crmath.ca\/en\/activities\/#\/search\/Conference in honour of John Labute \" >Conference in honour of John Labute<\/a><\/h4> <p> Start date:  11\/15\/2007 -- Date  de fin: 11\/16\/2007<\/p><\/li>\r\n\r\n\r\n<h3 class=\"meta-tag\" >         <li>  Title:    <\/h3> <h4 ><a href=\"https:\/\/www.crmath.ca\/en\/activities\/#\/search\/Th\u00e9orie des nombres et sujets connexes \" >Th\u00e9orie des nombres et sujets connexes<\/a><\/h4> <p> Start date:  09\/30\/2006 -- Date  de fin: 10\/01\/2006<\/p><\/li>\r\n\r\n\r\n<h3 class=\"meta-tag\" >         <li>  Title:    <\/h3> <h4 ><a href=\"https:\/\/www.crmath.ca\/en\/activities\/#\/search\/Gathering on Stark's conjectures \" >Gathering on Stark's conjectures<\/a><\/h4> <p> Start date:  11\/01\/2005 -- Date  de fin: 11\/03\/2005<\/p><\/li>\r\n\r\n\r\n<h3 class=\"meta-tag\" >         <li>  Title:    <\/h3> <h4 ><a href=\"https:\/\/www.crmath.ca\/en\/activities\/#\/search\/Conf\u00e9rence de th\u00e9orie analytique des nombres \" >Conf\u00e9rence de th\u00e9orie analytique des nombres<\/a><\/h4> <p> Start date:  05\/19\/2005 -- Date  de fin: 05\/21\/2005<\/p><\/li>\r\n\r\n\r\n<h3 class=\"meta-tag\" >         <li>  Title:    <\/h3> <h4 ><a href=\"https:\/\/www.crmath.ca\/en\/activities\/#\/search\/Fonctions L et cohomologie p-adique: aspects algorithmiques \" >Fonctions L et cohomologie p-adique: aspects algorithmiques<\/a><\/h4> <p> Start date:  01\/01\/2004 -- Date  de fin: 01\/04\/2004<\/p><\/li>\r\n\r\n\r\n    <\/ul>\n\n    \n   \n\n<\/div><\/div><div class=\"fusion-layout-column fusion_builder_column fusion-builder-column-1 fusion_builder_column_1_3 1_3 fusion-flex-column\" style=\"--awb-bg-size:cover;--awb-width-large:33.333333333333%;--awb-margin-top-large:0px;--awb-spacing-right-large:5.76%;--awb-margin-bottom-large:20px;--awb-spacing-left-large:5.76%;--awb-width-medium:33.333333333333%;--awb-order-medium:0;--awb-spacing-right-medium:5.76%;--awb-spacing-left-medium:5.76%;--awb-width-small:100%;--awb-order-small:0;--awb-spacing-right-small:1.92%;--awb-spacing-left-small:1.92%;\"><div class=\"fusion-column-wrapper fusion-column-has-shadow fusion-flex-justify-content-flex-start fusion-content-layout-column\"><div class=\"fusion-flip-boxes flip-boxes row fusion-columns-1 flip-effect-classic\"><div class=\"fusion-flip-box-wrapper fusion-column col-lg-12 col-md-12 col-sm-12\"><div class=\"fusion-flip-box flip-right\" tabindex=\"0\"><div class=\"flip-box-inner-wrapper\"><div class=\"flip-box-front\" style=\"--awb-border-size:1px;--awb-background-color-front:var(--awb-custom16);--awb-text-front-color:var(--awb-color3);\"><div class=\"flip-box-front-inner\"><h2 class=\"flip-box-heading without-text\">ABOUT<\/h2><\/div><\/div><div class=\"flip-box-back\" style=\"--awb-border-size:1px;--awb-background-color-back:var(--awb-color5);\"><div class=\"flip-box-back-inner\"><div style=\"text-align:center;\"><a class=\"fusion-button button-flat button-small button-custom fusion-button-default button-1 fusion-button-default-span fusion-button-default-type\" style=\"--button_accent_color:#462769;--button_accent_hover_color:#462769;--button_border_hover_color:var(--awb-color1);--button_gradient_top_color:#ffffff;--button_gradient_bottom_color:#ffffff;--button_gradient_top_color_hover:rgba(255,255,255,0.22);--button_gradient_bottom_color_hover:rgba(255,255,255,0.22);\" target=\"_self\" href=\"https:\/\/www.crmath.ca\/en\/centre-interuniversitaire-calcul-mathematique-algebrique\/\"><span class=\"fusion-button-text awb-button__text awb-button__text--default\">ABOUT<\/span><\/a><\/div><\/div><\/div><\/div><\/div><\/div><div class=\"fusion-flip-box-wrapper fusion-column col-lg-12 col-md-12 col-sm-12\"><div class=\"fusion-flip-box flip-right\" tabindex=\"0\"><div class=\"flip-box-inner-wrapper\"><div class=\"flip-box-front\" style=\"--awb-border-size:1px;--awb-background-color-front:var(--awb-custom16);--awb-text-front-color:var(--awb-color3);\"><div class=\"flip-box-front-inner\"><h2 class=\"flip-box-heading without-text\">MEMBERS<\/h2><\/div><\/div><div class=\"flip-box-back\" style=\"--awb-border-size:1px;--awb-background-color-back:var(--awb-color5);\"><div class=\"flip-box-back-inner\"><div style=\"text-align:center;\"><a class=\"fusion-button button-flat button-small button-custom fusion-button-default button-2 fusion-button-default-span fusion-button-default-type\" style=\"--button_accent_color:#462769;--button_accent_hover_color:#462769;--button_border_hover_color:var(--awb-color1);--button_gradient_top_color:#ffffff;--button_gradient_bottom_color:#ffffff;--button_gradient_top_color_hover:rgba(255,255,255,0.22);--button_gradient_bottom_color_hover:rgba(255,255,255,0.22);\" target=\"_self\" href=\" https:\/\/www.crmath.ca\/en\/centre-interuniversitaire-calcul-mathematique-algebrique\/cicam-member\/\"><span class=\"fusion-button-text awb-button__text awb-button__text--default\">MEMBERS<\/span><\/a><\/div><\/div><\/div><\/div><\/div><\/div><div class=\"fusion-flip-box-wrapper fusion-column col-lg-12 col-md-12 col-sm-12\"><div class=\"fusion-flip-box flip-right\" tabindex=\"0\"><div class=\"flip-box-inner-wrapper\"><div class=\"flip-box-front\" style=\"--awb-border-size:1px;--awb-background-color-front:var(--awb-custom16);--awb-text-front-color:var(--awb-color3);\"><div class=\"flip-box-front-inner\"><h2 class=\"flip-box-heading without-text\">WORKSHOPS AND CONFERENCES<\/h2><\/div><\/div><div class=\"flip-box-back\" style=\"--awb-border-size:1px;--awb-background-color-back:var(--awb-color5);\"><div class=\"flip-box-back-inner\"><div style=\"text-align:center;\"><a class=\"fusion-button button-flat button-small button-custom fusion-button-default button-3 fusion-button-default-span fusion-button-default-type\" style=\"--button_accent_color:#462769;--button_accent_hover_color:#462769;--button_border_hover_color:var(--awb-color1);--button_gradient_top_color:#ffffff;--button_gradient_bottom_color:#ffffff;--button_gradient_top_color_hover:rgba(255,255,255,0.22);--button_gradient_bottom_color_hover:rgba(255,255,255,0.22);\" target=\"_self\" href=\"https:\/\/www.crmath.ca\/en\/centre-interuniversitaire-calcul-mathematique-algebrique\/cicma-workshops\/\"><span class=\"fusion-button-text awb-button__text awb-button__text--default\">WORKSHOPS AND CONFERENCES<\/span><\/a><\/div><\/div><\/div><\/div><\/div><\/div><div class=\"fusion-flip-box-wrapper fusion-column col-lg-12 col-md-12 col-sm-12\"><div class=\"fusion-flip-box flip-right\" tabindex=\"0\"><div class=\"flip-box-inner-wrapper\"><div class=\"flip-box-front\" style=\"--awb-border-size:1px;--awb-background-color-front:var(--awb-custom16);--awb-text-front-color:var(--awb-color3);\"><div class=\"flip-box-front-inner\"><h2 class=\"flip-box-heading without-text\">SEMINARS<\/h2><\/div><\/div><div class=\"flip-box-back\" style=\"--awb-border-size:1px;--awb-background-color-back:var(--awb-color5);\"><div class=\"flip-box-back-inner\"><div style=\"text-align:center;\"><a class=\"fusion-button button-flat button-small button-custom fusion-button-default button-4 fusion-button-default-span fusion-button-default-type\" style=\"--button_accent_color:#462769;--button_accent_hover_color:#462769;--button_border_hover_color:var(--awb-color1);--button_gradient_top_color:#ffffff;--button_gradient_bottom_color:#ffffff;--button_gradient_top_color_hover:rgba(255,255,255,0.22);--button_gradient_bottom_color_hover:rgba(255,255,255,0.22);\" target=\"_self\" href=\"https:\/\/www.crmath.ca\/en\/centre-interuniversitaire-calcul-mathematique-algebrique\/cicma-seminars\/\"><span class=\"fusion-button-text awb-button__text awb-button__text--default\">SEMINARS<\/span><\/a><\/div><\/div><\/div><\/div><\/div><\/div><div class=\"fusion-flip-box-wrapper fusion-column col-lg-12 col-md-12 col-sm-12\"><div class=\"fusion-flip-box flip-right\" tabindex=\"0\"><div class=\"flip-box-inner-wrapper\"><div class=\"flip-box-front\" style=\"--awb-border-size:1px;--awb-background-color-front:var(--awb-custom16);--awb-text-front-color:var(--awb-color3);\"><div class=\"flip-box-front-inner\"><h2 class=\"flip-box-heading without-text\">CONTACT<\/h2><\/div><\/div><div class=\"flip-box-back\" style=\"--awb-border-size:1px;--awb-background-color-back:var(--awb-color5);\"><div class=\"flip-box-back-inner\"><div style=\"text-align:center;\"><a class=\"fusion-button button-flat button-small button-custom fusion-button-default button-5 fusion-button-default-span fusion-button-default-type\" style=\"--button_accent_color:#462769;--button_accent_hover_color:#462769;--button_border_hover_color:var(--awb-color1);--button_gradient_top_color:#ffffff;--button_gradient_bottom_color:#ffffff;--button_gradient_top_color_hover:rgba(255,255,255,0.22);--button_gradient_bottom_color_hover:rgba(255,255,255,0.22);\" target=\"_self\" href=\"https:\/\/www.crmath.ca\/en\/centre-interuniversitaire-calcul-mathematique-algebrique\/cicam-contact\/ \"><span class=\"fusion-button-text awb-button__text awb-button__text--default\">CONTACT<\/span><\/a><\/div><\/div><\/div><\/div><\/div><\/div><\/div><\/div><\/div><\/div><\/div>\n","protected":false},"excerpt":{"rendered":"","protected":false},"author":6,"featured_media":0,"parent":14091,"menu_order":1,"comment_status":"closed","ping_status":"closed","template":"","meta":{"inline_featured_image":false,"footnotes":""},"class_list":["post-14143","page","type-page","status-publish","hentry"],"_links":{"self":[{"href":"https:\/\/www.crmath.ca\/en\/wp-json\/wp\/v2\/pages\/14143","targetHints":{"allow":["GET"]}}],"collection":[{"href":"https:\/\/www.crmath.ca\/en\/wp-json\/wp\/v2\/pages"}],"about":[{"href":"https:\/\/www.crmath.ca\/en\/wp-json\/wp\/v2\/types\/page"}],"author":[{"embeddable":true,"href":"https:\/\/www.crmath.ca\/en\/wp-json\/wp\/v2\/users\/6"}],"replies":[{"embeddable":true,"href":"https:\/\/www.crmath.ca\/en\/wp-json\/wp\/v2\/comments?post=14143"}],"version-history":[{"count":4,"href":"https:\/\/www.crmath.ca\/en\/wp-json\/wp\/v2\/pages\/14143\/revisions"}],"predecessor-version":[{"id":14146,"href":"https:\/\/www.crmath.ca\/en\/wp-json\/wp\/v2\/pages\/14143\/revisions\/14146"}],"up":[{"embeddable":true,"href":"https:\/\/www.crmath.ca\/en\/wp-json\/wp\/v2\/pages\/14091"}],"wp:attachment":[{"href":"https:\/\/www.crmath.ca\/en\/wp-json\/wp\/v2\/media?parent=14143"}],"curies":[{"name":"wp","href":"https:\/\/api.w.org\/{rel}","templated":true}]}}