{"id":12404,"date":"2024-02-16T13:07:41","date_gmt":"2024-02-16T18:07:41","guid":{"rendered":"https:\/\/www.crmath.ca\/activities\/"},"modified":"2024-02-16T15:23:02","modified_gmt":"2024-02-16T20:23:02","slug":"scientific-deputy-director-search","status":"publish","type":"page","link":"https:\/\/www.crmath.ca\/en\/scientific-deputy-director-search\/","title":{"rendered":"Scientific Deputy Director Search"},"content":{"rendered":"<div class=\"fusion-fullwidth fullwidth-box fusion-builder-row-1 fusion-flex-container has-pattern-background has-mask-background hundred-percent-fullwidth non-hundred-percent-height-scrolling\" style=\"--awb-border-radius-top-left:0px;--awb-border-radius-top-right:0px;--awb-border-radius-bottom-right:0px;--awb-border-radius-bottom-left:0px;--awb-flex-wrap:wrap;\" ><div class=\"fusion-builder-row fusion-row fusion-flex-align-items-flex-start fusion-flex-content-wrap\" style=\"width:104% !important;max-width:104% !important;margin-left: calc(-4% \/ 2 );margin-right: calc(-4% \/ 2 );\"><div class=\"fusion-layout-column fusion_builder_column fusion-builder-column-0 fusion_builder_column_1_1 1_1 fusion-flex-column\" style=\"--awb-bg-size:cover;--awb-width-large:100%;--awb-margin-top-large:0px;--awb-spacing-right-large:1.92%;--awb-margin-bottom-large:20px;--awb-spacing-left-large:1.92%;--awb-width-medium:100%;--awb-order-medium:0;--awb-spacing-right-medium:1.92%;--awb-spacing-left-medium:1.92%;--awb-width-small:100%;--awb-order-small:0;--awb-spacing-right-small:1.92%;--awb-spacing-left-small:1.92%;\"><div class=\"fusion-column-wrapper fusion-column-has-shadow fusion-flex-justify-content-flex-start fusion-content-layout-column\"><div class=\"fusion-text fusion-text-1\"><h2>Scientific Deputy Director Search<\/h2>\n<p><span style=\"font-weight: 400;\">The <\/span><i><span style=\"font-weight: 400;\">Centre de recherches math\u00e9matiques <\/span><\/i><span style=\"font-weight: 400;\">(CRM) <\/span><span style=\"font-weight: 400;\">is dedicated to excellence in research and training in the mathematical sciences and their applications for more than fifty years. The CRM hosts, organizes and supports scientific activities including thematic programs, research workshops and summer schools. In addition, it coordinates the activities of its research laboratories and supports several high-profile visitor and exchange programs as well as outreach activities, distinguished lecture series, prizes and publications. Housed at the Universit\u00e9 de Montr\u00e9al and having as other institutional partners Concordia University, l&#8217;Universit\u00e9 Laval, McGill University, l&#8217;Universit\u00e9 du Qu\u00e9bec \u00e0 Montr\u00e9al and l&#8217;Universit\u00e9 de Sherbrooke, the CRM receives major funding from NSERC, the FRQNT and the Simons Foundation, and collaborates with a multitude of national and international partners.<\/span><\/p>\n<p><span style=\"font-weight: 400;\">The main task of the CRM Scientific Deputy Director is to provide scientific guidance and coordination for the programs of the Centre. \u00a0The Deputy Director is an ex-officio member of the\u00a0Management Committee of the Centre and collaborates with the Director\u00a0to establish long term planification and strategic goals. The Deputy Director occasionally\u00a0represents the CRM in international and national meetings, in coordination with the Director.<\/span><\/p>\n<p><span style=\"font-weight: 400;\">The qualifications expected for the position are: a well-established international research reputation in the mathematical sciences;\u00a0evidence of scientific management capacity and experience; some knowledge of the Canadian and Quebec research ecosystems;\u00a0ability to communicate and write fluently in French and English;\u00a0and good knowledge of the Quebec mathematical community and its institutional components. The starting date for this position is July 1<\/span><span style=\"font-weight: 400;\">st<\/span><span style=\"font-weight: 400;\">, 2024. The Deputy Director mandate is for two years, renewable.<\/span><\/p>\n<p><span style=\"font-weight: 400;\">Applications consisting of a recent CV and a letter of intent should be sent to <\/span><a href=\"mailto:directeur@crm.umontreal.ca\"><span style=\"font-weight: 400;\">directeur@crm.umontreal.ca<\/span><\/a><span style=\"font-weight: 400;\"> before April 1<\/span><span style=\"font-weight: 400;\">st<\/span><span style=\"font-weight: 400;\">, 2024. Expressions of interest and inquiries are welcome at the same address.<\/span><\/p>\n<\/div><\/div><\/div><\/div><\/div>\n","protected":false},"excerpt":{"rendered":"","protected":false},"author":16,"featured_media":0,"parent":0,"menu_order":0,"comment_status":"closed","ping_status":"closed","template":"","meta":{"inline_featured_image":false,"footnotes":""},"class_list":["post-12404","page","type-page","status-publish","hentry"],"_links":{"self":[{"href":"https:\/\/www.crmath.ca\/en\/wp-json\/wp\/v2\/pages\/12404","targetHints":{"allow":["GET"]}}],"collection":[{"href":"https:\/\/www.crmath.ca\/en\/wp-json\/wp\/v2\/pages"}],"about":[{"href":"https:\/\/www.crmath.ca\/en\/wp-json\/wp\/v2\/types\/page"}],"author":[{"embeddable":true,"href":"https:\/\/www.crmath.ca\/en\/wp-json\/wp\/v2\/users\/16"}],"replies":[{"embeddable":true,"href":"https:\/\/www.crmath.ca\/en\/wp-json\/wp\/v2\/comments?post=12404"}],"version-history":[{"count":4,"href":"https:\/\/www.crmath.ca\/en\/wp-json\/wp\/v2\/pages\/12404\/revisions"}],"predecessor-version":[{"id":12426,"href":"https:\/\/www.crmath.ca\/en\/wp-json\/wp\/v2\/pages\/12404\/revisions\/12426"}],"wp:attachment":[{"href":"https:\/\/www.crmath.ca\/en\/wp-json\/wp\/v2\/media?parent=12404"}],"curies":[{"name":"wp","href":"https:\/\/api.w.org\/{rel}","templated":true}]}}