{"id":11591,"date":"2023-11-27T15:07:04","date_gmt":"2023-11-27T20:07:04","guid":{"rendered":"https:\/\/www.crmath.ca\/?page_id=11591"},"modified":"2025-08-25T14:39:51","modified_gmt":"2025-08-25T18:39:51","slug":"scientific-committee-csmq","status":"publish","type":"page","link":"https:\/\/www.crmath.ca\/en\/activities\/quebec-mathematical-sciences-colloquium\/scientific-committee-csmq\/","title":{"rendered":"Scientific Committee CSMQ"},"content":{"rendered":"<div class=\"fusion-fullwidth fullwidth-box fusion-builder-row-1 fusion-flex-container nonhundred-percent-fullwidth non-hundred-percent-height-scrolling\" style=\"--awb-border-radius-top-left:0px;--awb-border-radius-top-right:0px;--awb-border-radius-bottom-right:0px;--awb-border-radius-bottom-left:0px;--awb-padding-right:0px;--awb-padding-left:0px;--awb-flex-wrap:wrap;\" ><div class=\"fusion-builder-row fusion-row fusion-flex-align-items-flex-start fusion-flex-content-wrap\" style=\"max-width:1420.64px;margin-left: calc(-4% \/ 2 );margin-right: calc(-4% \/ 2 );\"><div class=\"fusion-layout-column fusion_builder_column fusion-builder-column-0 fusion_builder_column_2_3 2_3 fusion-flex-column\" style=\"--awb-bg-size:cover;--awb-width-large:66.666666666667%;--awb-margin-top-large:0px;--awb-spacing-right-large:2.88%;--awb-margin-bottom-large:20px;--awb-spacing-left-large:2.88%;--awb-width-medium:66.666666666667%;--awb-order-medium:0;--awb-spacing-right-medium:2.88%;--awb-spacing-left-medium:2.88%;--awb-width-small:100%;--awb-order-small:2;--awb-spacing-right-small:1.92%;--awb-spacing-left-small:1.92%;\"><div class=\"fusion-column-wrapper fusion-column-has-shadow fusion-flex-justify-content-flex-start fusion-content-layout-column\"><div class=\"fusion-title title fusion-title-1 fusion-sep-none fusion-title-text fusion-title-size-one\" style=\"--awb-margin-top-small:10px;--awb-margin-right-small:0px;--awb-margin-bottom-small:10px;--awb-margin-left-small:0px;\"><h1 class=\"fusion-title-heading title-heading-left\" style=\"margin:0;\">Scientific Committee<\/h1><\/div><div class=\"fusion-text fusion-text-1\"><h3><img decoding=\"async\" class=\"lazyload size-full wp-image-18720 alignleft\" src=\"https:\/\/www.crmath.ca\/wp-content\/uploads\/2025\/08\/marie-helene_descary-e1755180797964.jpg\" data-orig-src=\"https:\/\/www.crmath.ca\/wp-content\/uploads\/2025\/08\/marie-helene_descary-e1755180797964.jpg\" alt=\"\" width=\"150\" height=\"150\" srcset=\"data:image\/svg+xml,%3Csvg%20xmlns%3D%27http%3A%2F%2Fwww.w3.org%2F2000%2Fsvg%27%20width%3D%27150%27%20height%3D%27150%27%20viewBox%3D%270%200%20150%20150%27%3E%3Crect%20width%3D%27150%27%20height%3D%27150%27%20fill-opacity%3D%220%22%2F%3E%3C%2Fsvg%3E\" data-srcset=\"https:\/\/www.crmath.ca\/wp-content\/uploads\/2025\/08\/marie-helene_descary-e1755180797964-66x66.jpg 66w, https:\/\/www.crmath.ca\/wp-content\/uploads\/2025\/08\/marie-helene_descary-e1755180797964.jpg 150w\" data-sizes=\"auto\" data-orig-sizes=\"(max-width: 150px) 100vw, 150px\" \/>Marie-H\u00e9l\u00e8ne Descary<br \/>\nUQAM<\/h3>\n<p>Marie-H\u00e9l\u00e8ne Descary is a professor of statistics at the Universit\u00e9 du Qu\u00e9bec \u00e0 Montr\u00e9al (UQAM), a member of the CRM Statistics Laboratory, as well as the UQAM faculty research center in statistics and data science, STATQAM.<\/p>\n<p>Before joining UQAM in 2018, she completed a postdoctoral fellowship in the methodology and data analysis group at the University of Geneva. She obtained her PhD at the \u00c9cole Polytechnique F\u00e9d\u00e9rale de Lausanne, working in the Chair of Mathematical Statistics under the supervision of Prof. Victor Panaretos.<\/p>\n<p>Her research focuses on functional data analysis. In particular, she is interested in alignment problems for complex statistical objects such as curve fragments, quantile functions, and image contours.<\/p>\n<\/div><div class=\"fusion-text fusion-text-2\"><h3 class=\"p1\"><img decoding=\"async\" class=\"lazyload alignleft wp-image-18743 size-thumbnail\" src=\"https:\/\/www.crmath.ca\/wp-content\/uploads\/2025\/08\/jake_levinson-150x150.jpg\" data-orig-src=\"https:\/\/www.crmath.ca\/wp-content\/uploads\/2025\/08\/jake_levinson-150x150.jpg\" alt=\"\" width=\"150\" height=\"150\" srcset=\"data:image\/svg+xml,%3Csvg%20xmlns%3D%27http%3A%2F%2Fwww.w3.org%2F2000%2Fsvg%27%20width%3D%27150%27%20height%3D%27150%27%20viewBox%3D%270%200%20150%20150%27%3E%3Crect%20width%3D%27150%27%20height%3D%27150%27%20fill-opacity%3D%220%22%2F%3E%3C%2Fsvg%3E\" data-srcset=\"https:\/\/www.crmath.ca\/wp-content\/uploads\/2025\/08\/jake_levinson-66x66.jpg 66w, https:\/\/www.crmath.ca\/wp-content\/uploads\/2025\/08\/jake_levinson-150x150.jpg 150w, https:\/\/www.crmath.ca\/wp-content\/uploads\/2025\/08\/jake_levinson-200x200.jpg 200w, https:\/\/www.crmath.ca\/wp-content\/uploads\/2025\/08\/jake_levinson-300x300.jpg 300w, https:\/\/www.crmath.ca\/wp-content\/uploads\/2025\/08\/jake_levinson-400x400.jpg 400w, https:\/\/www.crmath.ca\/wp-content\/uploads\/2025\/08\/jake_levinson-600x600.jpg 600w, https:\/\/www.crmath.ca\/wp-content\/uploads\/2025\/08\/jake_levinson-768x768.jpg 768w, https:\/\/www.crmath.ca\/wp-content\/uploads\/2025\/08\/jake_levinson-800x800.jpg 800w, https:\/\/www.crmath.ca\/wp-content\/uploads\/2025\/08\/jake_levinson-1024x1024.jpg 1024w, https:\/\/www.crmath.ca\/wp-content\/uploads\/2025\/08\/jake_levinson-1200x1200.jpg 1200w, https:\/\/www.crmath.ca\/wp-content\/uploads\/2025\/08\/jake_levinson-1536x1536.jpg 1536w, https:\/\/www.crmath.ca\/wp-content\/uploads\/2025\/08\/jake_levinson.jpg 1920w\" data-sizes=\"auto\" data-orig-sizes=\"(max-width: 150px) 100vw, 150px\" \/>Jake Levinson<br \/>\nUniversit\u00e9 de Montr\u00e9al<\/h3>\n<p>Jake Levinson is an associate professor in the department of mathematics and statistics at the Universit\u00e9 de Montr\u00e9al and a member of LACIM.<\/p>\n<p>Before joining the Universit\u00e9 de Montr\u00e9al in 2023, he was an assistant professor at Simon Fraser University, and held postdoctoral positions at the University of Washington and at UQAM. He completed his PhD at the University of Michigan in 2017.<\/p>\n<p>His research is in combinatorial algebraic geometry, particularly on using combinatorics related to moduli spaces (notably Grassmannians and moduli spaces of curves) and to enumerative problems in algebra, geometry and representation theory.<\/p>\n<\/div><div class=\"fusion-text fusion-text-3\"><h3 class=\"p1\">Giovanni Rosso<img decoding=\"async\" class=\"lazyload wp-image-11631 size-full alignleft\" src=\"https:\/\/www.crmath.ca\/wp-content\/uploads\/2023\/11\/giovanni-rosso.png\" data-orig-src=\"https:\/\/www.crmath.ca\/wp-content\/uploads\/2023\/11\/giovanni-rosso.png\" alt=\"\" width=\"165\" height=\"165\" srcset=\"data:image\/svg+xml,%3Csvg%20xmlns%3D%27http%3A%2F%2Fwww.w3.org%2F2000%2Fsvg%27%20width%3D%27165%27%20height%3D%27165%27%20viewBox%3D%270%200%20165%20165%27%3E%3Crect%20width%3D%27165%27%20height%3D%27165%27%20fill-opacity%3D%220%22%2F%3E%3C%2Fsvg%3E\" data-srcset=\"https:\/\/www.crmath.ca\/wp-content\/uploads\/2023\/11\/giovanni-rosso-66x66.png 66w, https:\/\/www.crmath.ca\/wp-content\/uploads\/2023\/11\/giovanni-rosso-150x150.png 150w, https:\/\/www.crmath.ca\/wp-content\/uploads\/2023\/11\/giovanni-rosso.png 165w\" data-sizes=\"auto\" data-orig-sizes=\"(max-width: 165px) 100vw, 165px\" \/><br \/>\nConcordia University<\/h3>\n<p>Giovanni Rosso is an associate professor at Concordia University and a member of the Montreal Number Theory Group.<\/p>\n<p>Previously, he was a Herchel Smith Postdoctoral Fellow at the DPMMS in Cambridge, where he co-organized the Number Theory Seminar with Jack Thorne, and a fellow at Pembroke College. Before that, he was a visitor at Columbia University thanks to an FWO travel grant. He completed his PhD in mathematics at KULeuven and Paris 13, under the direction of Prof. J. Nicaise and Prof. J. Tilouine, and previously studied at ALGANT.<\/p>\n<p>His research topic is number theory. He has been working on the derivative of L p-adic functions for the symmetric square of a modular form in different cases: ordinary, finite slope, or ordinary over a totally real field. He now generalises these results to Siegel forms and applys them in the study of the Main Conjecture.<\/p>\n<\/div><div class=\"fusion-text fusion-text-4\"><h3 class=\"p1\">Alina Stancu<img decoding=\"async\" class=\"lazyload alignleft wp-image-11629 size-thumbnail\" src=\"https:\/\/www.crmath.ca\/wp-content\/uploads\/2023\/11\/alina-stancu-150x150.png\" data-orig-src=\"https:\/\/www.crmath.ca\/wp-content\/uploads\/2023\/11\/alina-stancu-150x150.png\" alt=\"\" width=\"150\" height=\"150\" srcset=\"data:image\/svg+xml,%3Csvg%20xmlns%3D%27http%3A%2F%2Fwww.w3.org%2F2000%2Fsvg%27%20width%3D%27150%27%20height%3D%27150%27%20viewBox%3D%270%200%20150%20150%27%3E%3Crect%20width%3D%27150%27%20height%3D%27150%27%20fill-opacity%3D%220%22%2F%3E%3C%2Fsvg%3E\" data-srcset=\"https:\/\/www.crmath.ca\/wp-content\/uploads\/2023\/11\/alina-stancu-66x66.png 66w, https:\/\/www.crmath.ca\/wp-content\/uploads\/2023\/11\/alina-stancu-150x150.png 150w, https:\/\/www.crmath.ca\/wp-content\/uploads\/2023\/11\/alina-stancu.png 165w\" data-sizes=\"auto\" data-orig-sizes=\"(max-width: 150px) 100vw, 150px\" \/><br \/>\nConcordia University<\/h3>\n<p>Alina Stancu is professor of mathematics at Concordia University, and member of the CRM\u2019s analysis lab, working in the area of geometric analysis.<\/p>\n<p>Before joining Concordia University, she has held positions as NSF Postdoctoral Fellow at Case Western Reserve University, Associate Research Scientist Fellow at the Courant Institute, and Assistant Professor at University of Massachussetts, Lowell. She has served as director of\u00a0<em>the Institut des sciences math\u00e9matiques\u00a0<\/em>(2015-2018), as member and chair of several committees of the\u00a0<em>Canadian Mathematical Society\u00a0<\/em>and was involved in several outreach activities.<\/p>\n<p>Her research interests lie in the areas of convex and differential geometry, pertaining particularly to isoperimetric-type problems, affine inequalities and curvature flows.<\/p>\n<\/div><\/div><\/div><div class=\"fusion-layout-column fusion_builder_column fusion-builder-column-1 fusion_builder_column_1_3 1_3 fusion-flex-column\" style=\"--awb-overflow:hidden;--awb-bg-color:#f1f7ff;--awb-bg-color-hover:#f1f7ff;--awb-bg-size:cover;--awb-border-color:rgba(17,135,255,0.3);--awb-border-style:solid;--awb-border-radius:10px 10px 10px 10px;--awb-width-large:33.333333333333%;--awb-margin-top-large:0px;--awb-spacing-right-large:5.76%;--awb-margin-bottom-large:20px;--awb-spacing-left-large:5.76%;--awb-width-medium:33.333333333333%;--awb-order-medium:0;--awb-spacing-right-medium:5.76%;--awb-spacing-left-medium:5.76%;--awb-width-small:100%;--awb-order-small:0;--awb-spacing-right-small:1.92%;--awb-spacing-left-small:1.92%;\"><div class=\"fusion-column-wrapper fusion-column-has-shadow fusion-flex-justify-content-flex-start fusion-content-layout-column\"><nav class=\"awb-menu awb-menu_column awb-menu_em-hover mobile-mode-collapse-to-button awb-menu_icons-left awb-menu_dc-yes mobile-trigger-fullwidth-off awb-menu_mobile-toggle awb-menu_indent-left mobile-size-full-absolute loading mega-menu-loading awb-menu_desktop awb-menu_dropdown awb-menu_expand-right awb-menu_transition-fade fusion-animated fusion-no-small-visibility\" style=\"--awb-font-size:13px;--awb-text-transform:none;--awb-gap:0px;--awb-items-padding-top:15px;--awb-items-padding-right:15px;--awb-items-padding-bottom:15px;--awb-items-padding-left:15px;--awb-border-color:#ffffff;--awb-border-bottom:1px;--awb-active-color:#1187ff;--awb-active-bg:#ffffff;--awb-active-border-bottom:1px;--awb-active-border-color:#ffffff;--awb-submenu-text-transform:none;--awb-main-justify-content:flex-start;--awb-mobile-justify:flex-start;--awb-mobile-caret-left:auto;--awb-mobile-caret-right:0;--awb-fusion-font-family-typography:&quot;Open Sans&quot;;--awb-fusion-font-style-typography:normal;--awb-fusion-font-weight-typography:400;--awb-fusion-font-family-submenu-typography:inherit;--awb-fusion-font-style-submenu-typography:normal;--awb-fusion-font-weight-submenu-typography:400;--awb-fusion-font-family-mobile-typography:inherit;--awb-fusion-font-style-mobile-typography:normal;--awb-fusion-font-weight-mobile-typography:400;\" aria-label=\"Niv 3 CSMQ EN\" data-breakpoint=\"0\" data-count=\"0\" data-transition-type=\"left\" data-transition-time=\"300\" data-expand=\"right\" data-animationType=\"fadeInRight\" data-animationDuration=\"0.5\" data-animationOffset=\"top-into-view\"><ul id=\"menu-niv-3-csmq-en\" class=\"fusion-menu awb-menu__main-ul awb-menu__main-ul_column\"><li  id=\"menu-item-11653\"  class=\"menu-item menu-item-type-post_type menu-item-object-page menu-item-11653 awb-menu__li awb-menu__main-li awb-menu__main-li_regular\"  data-item-id=\"11653\"><span class=\"awb-menu__main-background-default awb-menu__main-background-default_left\"><\/span><span class=\"awb-menu__main-background-active awb-menu__main-background-active_left\"><\/span><a  href=\"https:\/\/www.crmath.ca\/en\/activities\/quebec-mathematical-sciences-colloquium\/\" class=\"awb-menu__main-a awb-menu__main-a_regular\"><span class=\"menu-text\">CSMQ Home<\/span><\/a><\/li><li  id=\"menu-item-11654\"  class=\"menu-item menu-item-type-post_type menu-item-object-page menu-item-11654 awb-menu__li awb-menu__main-li awb-menu__main-li_regular\"  data-item-id=\"11654\"><span class=\"awb-menu__main-background-default awb-menu__main-background-default_left\"><\/span><span class=\"awb-menu__main-background-active awb-menu__main-background-active_left\"><\/span><a  href=\"https:\/\/www.crmath.ca\/en\/activities\/quebec-mathematical-sciences-colloquium\/scientific-committee-csmq\/\" class=\"awb-menu__main-a awb-menu__main-a_regular\"><span class=\"menu-text\">Scientific Committee<\/span><\/a><\/li><li  id=\"menu-item-11656\"  class=\"menu-item menu-item-type-custom menu-item-object-custom menu-item-11656 awb-menu__li awb-menu__main-li awb-menu__main-li_regular\"  data-item-id=\"11656\"><span class=\"awb-menu__main-background-default awb-menu__main-background-default_left\"><\/span><span class=\"awb-menu__main-background-active awb-menu__main-background-active_left\"><\/span><a  href=\"https:\/\/www.crmath.ca\/en\/activities\/#\/colloquia-seminars\/SERIESEM0208\" class=\"awb-menu__main-a awb-menu__main-a_regular\"><span class=\"menu-text\">Upcoming Colloquia<\/span><\/a><\/li><li  id=\"menu-item-11715\"  class=\"menu-item menu-item-type-custom menu-item-object-custom menu-item-11715 awb-menu__li awb-menu__main-li awb-menu__main-li_regular\"  data-item-id=\"11715\"><span class=\"awb-menu__main-background-default awb-menu__main-background-default_left\"><\/span><span class=\"awb-menu__main-background-active awb-menu__main-background-active_left\"><\/span><a  href=\"https:\/\/www.crmath.ca\/en\/activities\/#\/colloquia-seminars\/SERIESEM0208?status=passed\" class=\"awb-menu__main-a awb-menu__main-a_regular\"><span class=\"menu-text\">Past Colloquia<\/span><\/a><\/li><li  id=\"menu-item-11724\"  class=\"menu-item menu-item-type-custom menu-item-object-custom menu-item-11724 awb-menu__li awb-menu__main-li awb-menu__main-li_regular\"  data-item-id=\"11724\"><span class=\"awb-menu__main-background-default awb-menu__main-background-default_left\"><\/span><span class=\"awb-menu__main-background-active awb-menu__main-background-active_left\"><\/span><a  href=\"https:\/\/youtube.com\/playlist?list=PLHaWeIntAtALChKKbmSx54nuvx1CfPGDi&#038;si=dHnSzRyxaX3Ncys0\" class=\"awb-menu__main-a awb-menu__main-a_regular\"><span class=\"menu-text\">YouTube Playlist<\/span><\/a><\/li><\/ul><\/nav><\/div><\/div><\/div><\/div>\n","protected":false},"excerpt":{"rendered":"","protected":false},"author":10,"featured_media":0,"parent":11549,"menu_order":0,"comment_status":"closed","ping_status":"closed","template":"","meta":{"inline_featured_image":false,"footnotes":""},"class_list":["post-11591","page","type-page","status-publish","hentry"],"_links":{"self":[{"href":"https:\/\/www.crmath.ca\/en\/wp-json\/wp\/v2\/pages\/11591","targetHints":{"allow":["GET"]}}],"collection":[{"href":"https:\/\/www.crmath.ca\/en\/wp-json\/wp\/v2\/pages"}],"about":[{"href":"https:\/\/www.crmath.ca\/en\/wp-json\/wp\/v2\/types\/page"}],"author":[{"embeddable":true,"href":"https:\/\/www.crmath.ca\/en\/wp-json\/wp\/v2\/users\/10"}],"replies":[{"embeddable":true,"href":"https:\/\/www.crmath.ca\/en\/wp-json\/wp\/v2\/comments?post=11591"}],"version-history":[{"count":25,"href":"https:\/\/www.crmath.ca\/en\/wp-json\/wp\/v2\/pages\/11591\/revisions"}],"predecessor-version":[{"id":18881,"href":"https:\/\/www.crmath.ca\/en\/wp-json\/wp\/v2\/pages\/11591\/revisions\/18881"}],"up":[{"embeddable":true,"href":"https:\/\/www.crmath.ca\/en\/wp-json\/wp\/v2\/pages\/11549"}],"wp:attachment":[{"href":"https:\/\/www.crmath.ca\/en\/wp-json\/wp\/v2\/media?parent=11591"}],"curies":[{"name":"wp","href":"https:\/\/api.w.org\/{rel}","templated":true}]}}