{"id":10869,"date":"2023-09-13T15:14:41","date_gmt":"2023-09-13T19:14:41","guid":{"rendered":"https:\/\/www.crmath.ca\/prizes-and-honours\/crm-nirenberg-lectures\/"},"modified":"2025-12-15T15:17:31","modified_gmt":"2025-12-15T20:17:31","slug":"distinguished-lectures-applied-mathematics","status":"publish","type":"page","link":"https:\/\/www.crmath.ca\/en\/prizes-and-honours\/distinguished-lectures-applied-mathematics\/","title":{"rendered":"Distinguished Lectures in Applied Mathematics"},"content":{"rendered":"<div class=\"fusion-fullwidth fullwidth-box fusion-builder-row-1 fusion-flex-container nonhundred-percent-fullwidth non-hundred-percent-height-scrolling\" style=\"--awb-border-radius-top-left:0px;--awb-border-radius-top-right:0px;--awb-border-radius-bottom-right:0px;--awb-border-radius-bottom-left:0px;--awb-padding-right:0px;--awb-padding-left:0px;--awb-flex-wrap:wrap;\" ><div class=\"fusion-builder-row fusion-row fusion-flex-align-items-flex-start fusion-flex-content-wrap\" style=\"max-width:1420.64px;margin-left: calc(-4% \/ 2 );margin-right: calc(-4% \/ 2 );\"><div class=\"fusion-layout-column fusion_builder_column fusion-builder-column-0 fusion_builder_column_2_3 2_3 fusion-flex-column\" style=\"--awb-bg-size:cover;--awb-width-large:66.666666666667%;--awb-margin-top-large:0px;--awb-spacing-right-large:2.88%;--awb-margin-bottom-large:0px;--awb-spacing-left-large:2.88%;--awb-width-medium:66.666666666667%;--awb-order-medium:0;--awb-spacing-right-medium:2.88%;--awb-spacing-left-medium:2.88%;--awb-width-small:100%;--awb-order-small:2;--awb-spacing-right-small:1.92%;--awb-spacing-left-small:1.92%;\"><div class=\"fusion-column-wrapper fusion-column-has-shadow fusion-flex-justify-content-flex-start fusion-content-layout-column\"><div class=\"fusion-text fusion-text-1\"><h1>CRM Distinguished Lectures in Applied Mathematics<\/h1>\n<div class=\"WordSection1\">\n<div>\n<p>This series of lectures on topics in applied mathematics will bring to the CRM up to two distinguished speakers each year.<br \/>\nEach edition will focus on a different theme:<\/p>\n<\/div>\n<div>\n<ul>\n<li>Mathematical Biology in 2024, for the inaugural edition of the series.<\/li>\n<li>Numerical Analysis in 2025.<\/li>\n<li>Statistical Science of Space and Time in 2026.<\/li>\n<\/ul>\n<div class=\"fusion-separator fusion-full-width-sep\" style=\"align-self: center;margin-left: auto;margin-right: auto;width:100%;\"><div class=\"fusion-separator-border sep-single\" style=\"--awb-height:20px;--awb-amount:20px;border-color:var(--awb-color3);border-top-width:1px;\"><\/div><\/div>\n<div>\n<h4>2026<\/h4>\n<\/div>\n<div>\n<div>\n<h4><a href=\"https:\/\/www.crmath.ca\/activites\/#\/type\/activity\/id\/4073\"><strong><span class=\"s1\"><b>May 26 to 28 2026<\/b><\/span><\/strong><\/a><\/h4>\n<p><b><\/b><span class=\"s1\"><strong>Topic :<\/strong> L\u2019analyse num\u00e9rique<\/span><\/p>\n<p><strong>Invited Speakers:<\/strong><\/p>\n<ul>\n<li><b><\/b>Jean-Fran\u00e7ois Coeurjolly (Universit\u00e9 Grenoble Alpes)<\/li>\n<li>Peter Craigmile (Hunter College CUNY)<\/li>\n<\/ul>\n<\/div>\n<div><strong>Scientific Committee:<\/strong><\/div>\n<ul>\n<li>Morgan Craig (Universit\u00e9 de Montr\u00e9al)<\/li>\n<li>F\u00e9lix Kwok (Universit\u00e9 Laval)<\/li>\n<li>Genevi\u00e8ve Lefebvre (Universit\u00e9 du Qu\u00e9bec \u00e0 Montr\u00e9al)<\/li>\n<li>Jean-Christophe Nave (McGill University)<\/li>\n<\/ul>\n<\/div>\n<\/div>\n<\/div>\n<\/div><div class=\"accordian fusion-accordian\" style=\"--awb-border-size:1px;--awb-icon-size:16px;--awb-content-font-size:14px;--awb-icon-alignment:left;--awb-hover-color:var(--awb-color2);--awb-border-color:var(--awb-color3);--awb-background-color:var(--awb-color1);--awb-divider-color:var(--awb-color3);--awb-divider-hover-color:var(--awb-color3);--awb-icon-color:var(--awb-color1);--awb-title-color:var(--awb-color6);--awb-content-color:var(--awb-custom10);--awb-icon-box-color:var(--awb-color8);--awb-toggle-hover-accent-color:var(--awb-color6);--awb-toggle-active-accent-color:var(--awb-color6);--awb-title-font-family:&quot;Montserrat&quot;;--awb-title-font-weight:600;--awb-title-font-style:normal;--awb-title-font-size:14px;--awb-content-font-family:&quot;Open Sans&quot;;--awb-content-font-style:normal;--awb-content-font-weight:regular;\"><div class=\"panel-group fusion-toggle-icon-boxed\" id=\"accordion-10869-1\"><div class=\"fusion-panel panel-default panel-87493a05ad701a5da fusion-toggle-has-divider\" style=\"--awb-title-color:#1187ff;--awb-content-color:#3d3d3d;\"><div class=\"panel-heading\"><h4 class=\"panel-title toggle\" id=\"toggle_87493a05ad701a5da\"><a aria-expanded=\"false\" aria-controls=\"87493a05ad701a5da\" role=\"button\" data-toggle=\"collapse\" data-target=\"#87493a05ad701a5da\" href=\"#87493a05ad701a5da\"><span class=\"fusion-toggle-icon-wrapper\" aria-hidden=\"true\"><i class=\"fa-fusion-box active-icon awb-icon-minus\" aria-hidden=\"true\"><\/i><i class=\"fa-fusion-box inactive-icon awb-icon-plus\" aria-hidden=\"true\"><\/i><\/span><span class=\"fusion-toggle-heading\">2025<\/span><\/a><\/h4><\/div><div id=\"87493a05ad701a5da\" class=\"panel-collapse collapse \" aria-labelledby=\"toggle_87493a05ad701a5da\"><div class=\"panel-body toggle-content fusion-clearfix\">\n<div>\n<h4><a href=\"https:\/\/www.crmath.ca\/activites\/#\/type\/activity\/id\/4019\"><strong><span class=\"s1\"><b>May 12 to 16 2025<\/b><\/span><\/strong><\/a><\/h4>\n<\/div>\n<div>\n<div>\n<p><b><\/b><span class=\"s1\"><strong>Topic :<\/strong> L\u2019analyse num\u00e9rique<\/span><\/p>\n<p><strong>Invited Speakers:<\/strong><\/p>\n<ul>\n<li><b><\/b><span class=\"s1\">Nilima Nigam (Simon Fraser University)<\/span><\/li>\n<li><span class=\"s1\">Alex Barnett (Flatiron Institute)<\/span><\/li>\n<\/ul>\n<\/div>\n<div><strong>Scientific Committee:<\/strong><\/div>\n<ul>\n<li>Morgan Craig (Universit\u00e9 de Montr\u00e9al)<\/li>\n<li>F\u00e9lix Kwok (Universit\u00e9 Laval)<\/li>\n<li>Jean-Christophe Nave (Universit\u00e9 McGill)<\/li>\n<\/ul>\n<\/div>\n<\/div><\/div><\/div><div class=\"fusion-panel panel-default panel-065c78e0925aa4a9b fusion-toggle-has-divider\" style=\"--awb-title-color:#1187ff;--awb-content-color:#3d3d3d;\"><div class=\"panel-heading\"><h4 class=\"panel-title toggle\" id=\"toggle_065c78e0925aa4a9b\"><a aria-expanded=\"false\" aria-controls=\"065c78e0925aa4a9b\" role=\"button\" data-toggle=\"collapse\" data-target=\"#065c78e0925aa4a9b\" href=\"#065c78e0925aa4a9b\"><span class=\"fusion-toggle-icon-wrapper\" aria-hidden=\"true\"><i class=\"fa-fusion-box active-icon awb-icon-minus\" aria-hidden=\"true\"><\/i><i class=\"fa-fusion-box inactive-icon awb-icon-plus\" aria-hidden=\"true\"><\/i><\/span><span class=\"fusion-toggle-heading\">2024<\/span><\/a><\/h4><\/div><div id=\"065c78e0925aa4a9b\" class=\"panel-collapse collapse \" aria-labelledby=\"toggle_065c78e0925aa4a9b\"><div class=\"panel-body toggle-content fusion-clearfix\">\n<p>In 2024, the lectures are scheduled for the week of April 29. The speakers will be Ruth Baker of the Mathematical Institute at the University of Oxford and Alison Hill of the Institute for Computational Medicine and Infectious Disease Dynamics Group of Johns Hopkins University.<\/p>\n<h4><strong><span class=\"s1\"><b><a href=\"https:\/\/www.crmath.ca\/en\/activities\/#\/type\/activity\/id\/3938\">April 29 to May 3, 2024<\/a><\/b><\/span><\/strong><\/h4>\n<p><span class=\"s1\"><strong>Topic:<\/strong> Mathematical Biology<\/span><strong><span class=\"s1\"><b><br \/>\n<\/b><\/span><\/strong><\/p>\n<p><strong><span class=\"s1\">Invited Speakers:<\/span><\/strong><\/p>\n<ul>\n<li><span class=\"s1\">Ruth Baker (University of Oxford) <\/span><\/li>\n<li><span class=\"s1\">Alison Hill (Johns Hopkins University)<\/span><\/li>\n<\/ul>\n<p><strong>Scientific Committee of the series:<\/strong><\/p>\n<ul>\n<li>Morgan Craig (Universit\u00e9 de Montr\u00e9al)<\/li>\n<li>F\u00e9lix Kwok (Universit\u00e9 Laval)<\/li>\n<li>Erica Moodie (McGill University)<\/li>\n<li>Jean-Christophe Nave (McGill University)<\/li>\n<\/ul>\n<\/div><\/div><\/div><\/div><\/div><\/div><\/div><div class=\"fusion-layout-column fusion_builder_column fusion-builder-column-1 fusion_builder_column_1_3 1_3 fusion-flex-column\" style=\"--awb-bg-size:cover;--awb-width-large:33.333333333333%;--awb-margin-top-large:0px;--awb-spacing-right-large:5.76%;--awb-margin-bottom-large:20px;--awb-spacing-left-large:3.84%;--awb-width-medium:33.333333333333%;--awb-order-medium:0;--awb-spacing-right-medium:5.76%;--awb-spacing-left-medium:3.84%;--awb-width-small:100%;--awb-order-small:0;--awb-spacing-right-small:1.92%;--awb-spacing-left-small:1.92%;\"><div class=\"fusion-column-wrapper fusion-column-has-shadow fusion-flex-justify-content-flex-start fusion-content-layout-column\"><\/div><\/div><\/div><\/div>\n","protected":false},"excerpt":{"rendered":"","protected":false},"author":10,"featured_media":0,"parent":4068,"menu_order":0,"comment_status":"closed","ping_status":"closed","template":"","meta":{"inline_featured_image":false,"footnotes":""},"class_list":["post-10869","page","type-page","status-publish","hentry"],"_links":{"self":[{"href":"https:\/\/www.crmath.ca\/en\/wp-json\/wp\/v2\/pages\/10869","targetHints":{"allow":["GET"]}}],"collection":[{"href":"https:\/\/www.crmath.ca\/en\/wp-json\/wp\/v2\/pages"}],"about":[{"href":"https:\/\/www.crmath.ca\/en\/wp-json\/wp\/v2\/types\/page"}],"author":[{"embeddable":true,"href":"https:\/\/www.crmath.ca\/en\/wp-json\/wp\/v2\/users\/10"}],"replies":[{"embeddable":true,"href":"https:\/\/www.crmath.ca\/en\/wp-json\/wp\/v2\/comments?post=10869"}],"version-history":[{"count":14,"href":"https:\/\/www.crmath.ca\/en\/wp-json\/wp\/v2\/pages\/10869\/revisions"}],"predecessor-version":[{"id":20170,"href":"https:\/\/www.crmath.ca\/en\/wp-json\/wp\/v2\/pages\/10869\/revisions\/20170"}],"up":[{"embeddable":true,"href":"https:\/\/www.crmath.ca\/en\/wp-json\/wp\/v2\/pages\/4068"}],"wp:attachment":[{"href":"https:\/\/www.crmath.ca\/en\/wp-json\/wp\/v2\/media?parent=10869"}],"curies":[{"name":"wp","href":"https:\/\/api.w.org\/{rel}","templated":true}]}}